{"id":2990,"date":"2024-10-14T18:10:46","date_gmt":"2024-10-14T16:10:46","guid":{"rendered":"https:\/\/gjiniherbal.com\/?post_type=product&#038;p=2990"},"modified":"2024-10-14T18:10:46","modified_gmt":"2024-10-14T16:10:46","slug":"bionnex-acidi-hialuronik-2-alga-arktike-serum-b5-30-ml","status":"publish","type":"product","link":"https:\/\/gjiniherbal.com\/en_us\/product\/kujdesi-fytyres\/bionnex-acidi-hialuronik-2-alga-arktike-serum-b5-30-ml\/","title":{"rendered":"Bionnex ACIDI HIALURONIK 2% + ALGA ARKTIKE + SERUM B5 30 ml"},"content":{"rendered":"<p>Ky formulim i avancuar, duke kombinuar acidin hialuronik me pesh\u00eb t\u00eb ndryshme molekulare, algat arktike dhe vitamin\u00ebn B5, ndihmon n\u00eb rritjen e lag\u00ebshtis\u00eb duke arritur shtres\u00ebn e thell\u00eb t\u00eb l\u00ebkur\u00ebs.<br \/>\nNdihmon q\u00eb l\u00ebkura t\u00eb duket e sh\u00ebndosh\u00eb. \u00cbsht\u00eb i p\u00ebrshtatsh\u00ebm p\u00ebr t\u00eb gjitha llojet e l\u00ebkur\u00ebs.<\/p>\n<p>&#8211; Acidi hialuronik ndihmon n\u00eb hidratimin e l\u00ebkur\u00ebs dhe ruajtjen e nivelit t\u00eb lag\u00ebshtis\u00eb ekzistuese.<br \/>\nNdihmon l\u00ebkur\u00ebn t\u00eb ket\u00eb nj\u00eb pamje m\u00eb t\u00eb tendosur dhe m\u00eb t\u00eb sh\u00ebndetshme. Ka veti antioksiduese, ndaj lufton substancat e d\u00ebmshme.<br \/>\nFal\u00eb vetive antibakteriale, luan nj\u00eb rol t\u00eb madh n\u00eb sh\u00ebrimin e plag\u00ebve.<\/p>\n<p>&#8211; Algat Arktike \u00ebsht\u00eb nj\u00eb bim\u00eb endemike nordike dhe ndihmon n\u00eb mbrojtjen e l\u00ebkur\u00ebs nga faktor\u00ebt e jasht\u00ebm g\u00ebrryes.<br \/>\n\u00cbsht\u00eb e dobishme n\u00eb reduktimin e shfaqjes s\u00eb linjave t\u00eb holla dhe rrudhave.<br \/>\nFal\u00eb algave n\u00eb p\u00ebrb\u00ebrjen e tij, balancon tonin e pabarabart\u00eb t\u00eb l\u00ebkur\u00ebs dhe i jep l\u00ebkur\u00ebs nj\u00eb pamje t\u00eb ndritshme.<\/p>\n<p>P\u00ebrdorimi: Aplikojeni n\u00eb m\u00ebngjes dhe n\u00eb mbr\u00ebmje n\u00eb t\u00eb gjith\u00eb fytyr\u00ebn dhe qaf\u00ebn e pastruar si hapi i par\u00eb n\u00eb hidratimin e l\u00ebkur\u00ebs.<\/p>\n","protected":false},"excerpt":{"rendered":"<p>&#8211; Acidi hialuronik ndihmon n\u00eb hidratimin e l\u00ebkur\u00ebs dhe ruajtjen e nivelit t\u00eb lag\u00ebshtis\u00eb ekzistuese.<br \/>\nNdihmon l\u00ebkur\u00ebn t\u00eb ket\u00eb nj\u00eb pamje m\u00eb t\u00eb tendosur dhe m\u00eb t\u00eb sh\u00ebndetshme. Ka veti antioksiduese, ndaj lufton substancat e d\u00ebmshme.<br \/>\nFal\u00eb vetive antibakteriale, luan nj\u00eb rol t\u00eb madh n\u00eb sh\u00ebrimin e plag\u00ebve.<\/p>\n<p>&#8211; Algat Arktike \u00ebsht\u00eb nj\u00eb bim\u00eb endemike nordike dhe ndihmon n\u00eb mbrojtjen e l\u00ebkur\u00ebs nga faktor\u00ebt e jasht\u00ebm g\u00ebrryes.<br \/>\n\u00cbsht\u00eb e dobishme n\u00eb reduktimin e shfaqjes s\u00eb linjave t\u00eb holla dhe rrudhave.<br \/>\nFal\u00eb algave n\u00eb p\u00ebrb\u00ebrjen e tij, balancon tonin e pabarabart\u00eb t\u00eb l\u00ebkur\u00ebs dhe i jep l\u00ebkur\u00ebs nj\u00eb pamje t\u00eb ndritshme.<\/p>\n","protected":false},"featured_media":3035,"template":"","meta":{"_acf_changed":false,"_et_pb_use_builder":"","_et_pb_old_content":"","_et_gb_content_width":"","_monsterinsights_skip_tracking":false,"_monsterinsights_sitenote_active":false,"_monsterinsights_sitenote_note":"","_monsterinsights_sitenote_category":0,"_joinchat":[]},"product_brand":[],"product_cat":[831],"product_tag":[541,530],"class_list":{"0":"post-2990","1":"product","2":"type-product","3":"status-publish","4":"has-post-thumbnail","6":"product_cat-kujdesi-fytyres","7":"product_tag-acid-hialuronik","8":"product_tag-serum","10":"first","11":"instock","12":"shipping-taxable","13":"purchasable","14":"product-type-simple"},"acf":[],"jetpack-related-posts":[],"jetpack_sharing_enabled":true,"_links":{"self":[{"href":"https:\/\/gjiniherbal.com\/en_us\/wp-json\/wp\/v2\/product\/2990","targetHints":{"allow":["GET"]}}],"collection":[{"href":"https:\/\/gjiniherbal.com\/en_us\/wp-json\/wp\/v2\/product"}],"about":[{"href":"https:\/\/gjiniherbal.com\/en_us\/wp-json\/wp\/v2\/types\/product"}],"wp:featuredmedia":[{"embeddable":true,"href":"https:\/\/gjiniherbal.com\/en_us\/wp-json\/wp\/v2\/media\/3035"}],"wp:attachment":[{"href":"https:\/\/gjiniherbal.com\/en_us\/wp-json\/wp\/v2\/media?parent=2990"}],"wp:term":[{"taxonomy":"product_brand","embeddable":true,"href":"https:\/\/gjiniherbal.com\/en_us\/wp-json\/wp\/v2\/product_brand?post=2990"},{"taxonomy":"product_cat","embeddable":true,"href":"https:\/\/gjiniherbal.com\/en_us\/wp-json\/wp\/v2\/product_cat?post=2990"},{"taxonomy":"product_tag","embeddable":true,"href":"https:\/\/gjiniherbal.com\/en_us\/wp-json\/wp\/v2\/product_tag?post=2990"}],"curies":[{"name":"wp","href":"https:\/\/api.w.org\/{rel}","templated":true}]}}