{"id":2981,"date":"2024-10-14T13:43:01","date_gmt":"2024-10-14T11:43:01","guid":{"rendered":"https:\/\/gjiniherbal.com\/?post_type=product&#038;p=2981"},"modified":"2025-01-11T16:19:52","modified_gmt":"2025-01-11T15:19:52","slug":"bionnex-riparues-dhe-kontroll-i-sebumit-per-lekuren-e-yndyrshme-dhe-te-prirur-ndaj-akneve-30-ml","status":"publish","type":"product","link":"https:\/\/gjiniherbal.com\/en_us\/product\/kujdesi-fytyres\/bionnex-riparues-dhe-kontroll-i-sebumit-per-lekuren-e-yndyrshme-dhe-te-prirur-ndaj-akneve-30-ml\/","title":{"rendered":"Bionnex Riparues dhe kontroll i sebumit p\u00ebr l\u00ebkur\u00ebn e yndyrshme dhe t\u00eb prirur ndaj akneve 30 ml"},"content":{"rendered":"<p>Ndihmon n\u00eb ruajtjen e ekuilibrit t\u00eb sebumit t\u00eb l\u00ebkur\u00ebs, pastrimin e saj dhe ruajtjen e ekuilibrit natyral t\u00eb lag\u00ebshtis\u00eb.<br \/>\nFal\u00eb ekstraktit nordik organik Empetrum nigrum ndihmon n\u00eb ushqimin e l\u00ebkur\u00ebs tuaj duke ofruar nj\u00eb efekt t\u00eb lart\u00eb antioksidues.<\/p>\n<p>&#8211; Arbutin dhe Lumiskin ndihmojn\u00eb n\u00eb balancimin e tonit t\u00eb l\u00ebkur\u00ebs.<br \/>\n&#8211; Vitamina C ofron nj\u00eb efekt antioksidues.<br \/>\n&#8211; Fal\u00eb filtrave t\u00eb tij UVA\/UVB, mbron l\u00ebkur\u00ebn nga efektet e d\u00ebmshme t\u00eb rrezeve t\u00eb diellit.<br \/>\n&#8211; Ekstrakti Inonotus obliquus mb\u00ebshtet ndri\u00e7imin dhe shk\u00eblqimin e l\u00ebkur\u00ebs.<\/p>\n<p>P\u00ebrdorimi: Aplikoni nj\u00eb sasi t\u00eb mjaftueshme kremi dy her\u00eb n\u00eb dit\u00eb duke masazhuar me l\u00ebvizje rrethore derisa l\u00ebkura juaj t\u00eb p\u00ebrthithet plot\u00ebsisht.<\/p>\n","protected":false},"excerpt":{"rendered":"<p>&#8211; Arbutin dhe Lumiskin ndihmojn\u00eb n\u00eb balancimin e tonit t\u00eb l\u00ebkur\u00ebs.<br \/>\n&#8211; Vitamina C ofron nj\u00eb efekt antioksidues.<br \/>\n&#8211; Fal\u00eb filtrave t\u00eb tij UVA\/UVB, mbron l\u00ebkur\u00ebn nga efektet e d\u00ebmshme t\u00eb rrezeve t\u00eb diellit.<br \/>\n&#8211; Ekstrakti Inonotus obliquus mb\u00ebshtet ndri\u00e7imin dhe shk\u00eblqimin e l\u00ebkur\u00ebs.<\/p>\n","protected":false},"featured_media":3029,"template":"","meta":{"_acf_changed":false,"_et_pb_use_builder":"","_et_pb_old_content":"","_et_gb_content_width":"","_monsterinsights_skip_tracking":false,"_monsterinsights_sitenote_active":false,"_monsterinsights_sitenote_note":"","_monsterinsights_sitenote_category":0,"_joinchat":[]},"product_brand":[],"product_cat":[831],"product_tag":[934,1041,539],"class_list":{"0":"post-2981","1":"product","2":"type-product","3":"status-publish","4":"has-post-thumbnail","6":"product_cat-kujdesi-fytyres","7":"product_tag-akne","8":"product_tag-kontrolli-i-sebumit","9":"product_tag-lekure-e-yndyrshme","11":"first","12":"instock","13":"shipping-taxable","14":"purchasable","15":"product-type-simple"},"acf":[],"yoast_head":"<!-- This site is optimized with the Yoast SEO plugin v27.4 - https:\/\/yoast.com\/product\/yoast-seo-wordpress\/ -->\n<title>Riparues dhe kontroll i sebumit p\u00ebr l\u00ebkur\u00ebn e yndyrshme 30 ml<\/title>\n<meta name=\"description\" content=\"Ndihmon n\u00eb ruajtjen e ekuilibrit t\u00eb sebumit t\u00eb l\u00ebkur\u00ebs, pastrimin e saj dhe ruajtjen e ekuilibrit natyral t\u00eb lag\u00ebshtis\u00eb.Fal\u00eb ekstraktit nordik organik Empetrum nigrum ndihmon n\u00eb ushqimin e l\u00ebkur\u00ebs tuaj duke ofruar nj\u00eb efekt t\u00eb lart\u00eb antioksidues.\" \/>\n<meta name=\"robots\" content=\"index, follow, max-snippet:-1, max-image-preview:large, max-video-preview:-1\" \/>\n<link rel=\"canonical\" href=\"https:\/\/gjiniherbal.com\/en_us\/produkt\/kujdesi-fytyres\/bionnex-riparues-dhe-kontroll-i-sebumit-per-lekuren-e-yndyrshme-dhe-te-prirur-ndaj-akneve-30-ml\/\" \/>\n<meta property=\"og:locale\" content=\"en_US\" \/>\n<meta property=\"og:type\" content=\"article\" \/>\n<meta property=\"og:title\" content=\"Riparues dhe kontroll i sebumit p\u00ebr l\u00ebkur\u00ebn e yndyrshme 30 ml\" \/>\n<meta property=\"og:description\" content=\"Ndihmon n\u00eb ruajtjen e ekuilibrit t\u00eb sebumit t\u00eb l\u00ebkur\u00ebs, pastrimin e saj dhe ruajtjen e ekuilibrit natyral t\u00eb lag\u00ebshtis\u00eb.Fal\u00eb ekstraktit nordik organik Empetrum nigrum ndihmon n\u00eb ushqimin e l\u00ebkur\u00ebs tuaj duke ofruar nj\u00eb efekt t\u00eb lart\u00eb antioksidues.\" \/>\n<meta property=\"og:url\" content=\"https:\/\/gjiniherbal.com\/en_us\/produkt\/kujdesi-fytyres\/bionnex-riparues-dhe-kontroll-i-sebumit-per-lekuren-e-yndyrshme-dhe-te-prirur-ndaj-akneve-30-ml\/\" \/>\n<meta property=\"og:site_name\" content=\"Gjini Herbal\" \/>\n<meta property=\"article:publisher\" content=\"https:\/\/facebook.com\/gjiniherbal\" \/>\n<meta property=\"article:modified_time\" content=\"2025-01-11T15:19:52+00:00\" \/>\n<meta property=\"og:image\" content=\"https:\/\/gjiniherbal.com\/wp-content\/uploads\/2024\/09\/SebumContr1_1800x1800.webp\" \/>\n\t<meta property=\"og:image:width\" content=\"1800\" \/>\n\t<meta property=\"og:image:height\" content=\"1800\" \/>\n\t<meta property=\"og:image:type\" content=\"image\/webp\" \/>\n<meta name=\"twitter:card\" content=\"summary_large_image\" \/>\n<meta name=\"twitter:label1\" content=\"Est. reading time\" \/>\n\t<meta name=\"twitter:data1\" content=\"1 minute\" \/>\n<script type=\"application\/ld+json\" class=\"yoast-schema-graph\">{\"@context\":\"https:\\\/\\\/schema.org\",\"@graph\":[{\"@type\":\"WebPage\",\"@id\":\"https:\\\/\\\/gjiniherbal.com\\\/produkt\\\/kujdesi-fytyres\\\/bionnex-riparues-dhe-kontroll-i-sebumit-per-lekuren-e-yndyrshme-dhe-te-prirur-ndaj-akneve-30-ml\\\/\",\"url\":\"https:\\\/\\\/gjiniherbal.com\\\/produkt\\\/kujdesi-fytyres\\\/bionnex-riparues-dhe-kontroll-i-sebumit-per-lekuren-e-yndyrshme-dhe-te-prirur-ndaj-akneve-30-ml\\\/\",\"name\":\"Riparues dhe kontroll i sebumit p\u00ebr l\u00ebkur\u00ebn e yndyrshme 30 ml\",\"isPartOf\":{\"@id\":\"https:\\\/\\\/gjiniherbal.com\\\/#website\"},\"primaryImageOfPage\":{\"@id\":\"https:\\\/\\\/gjiniherbal.com\\\/produkt\\\/kujdesi-fytyres\\\/bionnex-riparues-dhe-kontroll-i-sebumit-per-lekuren-e-yndyrshme-dhe-te-prirur-ndaj-akneve-30-ml\\\/#primaryimage\"},\"image\":{\"@id\":\"https:\\\/\\\/gjiniherbal.com\\\/produkt\\\/kujdesi-fytyres\\\/bionnex-riparues-dhe-kontroll-i-sebumit-per-lekuren-e-yndyrshme-dhe-te-prirur-ndaj-akneve-30-ml\\\/#primaryimage\"},\"thumbnailUrl\":\"https:\\\/\\\/gjiniherbal.com\\\/wp-content\\\/uploads\\\/2024\\\/09\\\/SebumContr1_1800x1800.webp\",\"datePublished\":\"2024-10-14T11:43:01+00:00\",\"dateModified\":\"2025-01-11T15:19:52+00:00\",\"description\":\"Ndihmon n\u00eb ruajtjen e ekuilibrit t\u00eb sebumit t\u00eb l\u00ebkur\u00ebs, pastrimin e saj dhe ruajtjen e ekuilibrit natyral t\u00eb lag\u00ebshtis\u00eb.Fal\u00eb ekstraktit nordik organik Empetrum nigrum ndihmon n\u00eb ushqimin e l\u00ebkur\u00ebs tuaj duke ofruar nj\u00eb efekt t\u00eb lart\u00eb antioksidues.\",\"breadcrumb\":{\"@id\":\"https:\\\/\\\/gjiniherbal.com\\\/produkt\\\/kujdesi-fytyres\\\/bionnex-riparues-dhe-kontroll-i-sebumit-per-lekuren-e-yndyrshme-dhe-te-prirur-ndaj-akneve-30-ml\\\/#breadcrumb\"},\"inLanguage\":\"en-US\",\"potentialAction\":[{\"@type\":\"ReadAction\",\"target\":[\"https:\\\/\\\/gjiniherbal.com\\\/produkt\\\/kujdesi-fytyres\\\/bionnex-riparues-dhe-kontroll-i-sebumit-per-lekuren-e-yndyrshme-dhe-te-prirur-ndaj-akneve-30-ml\\\/\"]}]},{\"@type\":\"ImageObject\",\"inLanguage\":\"en-US\",\"@id\":\"https:\\\/\\\/gjiniherbal.com\\\/produkt\\\/kujdesi-fytyres\\\/bionnex-riparues-dhe-kontroll-i-sebumit-per-lekuren-e-yndyrshme-dhe-te-prirur-ndaj-akneve-30-ml\\\/#primaryimage\",\"url\":\"https:\\\/\\\/gjiniherbal.com\\\/wp-content\\\/uploads\\\/2024\\\/09\\\/SebumContr1_1800x1800.webp\",\"contentUrl\":\"https:\\\/\\\/gjiniherbal.com\\\/wp-content\\\/uploads\\\/2024\\\/09\\\/SebumContr1_1800x1800.webp\",\"width\":1800,\"height\":1800},{\"@type\":\"BreadcrumbList\",\"@id\":\"https:\\\/\\\/gjiniherbal.com\\\/produkt\\\/kujdesi-fytyres\\\/bionnex-riparues-dhe-kontroll-i-sebumit-per-lekuren-e-yndyrshme-dhe-te-prirur-ndaj-akneve-30-ml\\\/#breadcrumb\",\"itemListElement\":[{\"@type\":\"ListItem\",\"position\":1,\"name\":\"Home\",\"item\":\"https:\\\/\\\/gjiniherbal.com\\\/en_us\\\/\"},{\"@type\":\"ListItem\",\"position\":2,\"name\":\"Shop\",\"item\":\"https:\\\/\\\/gjiniherbal.com\\\/en_us\\\/shop\\\/\"},{\"@type\":\"ListItem\",\"position\":3,\"name\":\"Bionnex Riparues dhe kontroll i sebumit p\u00ebr l\u00ebkur\u00ebn e yndyrshme dhe t\u00eb prirur ndaj akneve 30 ml\"}]},{\"@type\":\"WebSite\",\"@id\":\"https:\\\/\\\/gjiniherbal.com\\\/#website\",\"url\":\"https:\\\/\\\/gjiniherbal.com\\\/\",\"name\":\"Gjini Herbal\",\"description\":\"Produkte Natyrale\",\"publisher\":{\"@id\":\"https:\\\/\\\/gjiniherbal.com\\\/#organization\"},\"potentialAction\":[{\"@type\":\"SearchAction\",\"target\":{\"@type\":\"EntryPoint\",\"urlTemplate\":\"https:\\\/\\\/gjiniherbal.com\\\/?s={search_term_string}\"},\"query-input\":{\"@type\":\"PropertyValueSpecification\",\"valueRequired\":true,\"valueName\":\"search_term_string\"}}],\"inLanguage\":\"en-US\"},{\"@type\":\"Organization\",\"@id\":\"https:\\\/\\\/gjiniherbal.com\\\/#organization\",\"name\":\"Gjini Herbal\",\"url\":\"https:\\\/\\\/gjiniherbal.com\\\/\",\"logo\":{\"@type\":\"ImageObject\",\"inLanguage\":\"en-US\",\"@id\":\"https:\\\/\\\/gjiniherbal.com\\\/#\\\/schema\\\/logo\\\/image\\\/\",\"url\":\"https:\\\/\\\/gjiniherbal.com\\\/wp-content\\\/uploads\\\/2022\\\/07\\\/gjini-herbal-logo.png\",\"contentUrl\":\"https:\\\/\\\/gjiniherbal.com\\\/wp-content\\\/uploads\\\/2022\\\/07\\\/gjini-herbal-logo.png\",\"width\":652,\"height\":262,\"caption\":\"Gjini Herbal\"},\"image\":{\"@id\":\"https:\\\/\\\/gjiniherbal.com\\\/#\\\/schema\\\/logo\\\/image\\\/\"},\"sameAs\":[\"https:\\\/\\\/facebook.com\\\/gjiniherbal\",\"https:\\\/\\\/instagram.com\\\/gjiniherbal\",\"https:\\\/\\\/www.youtube.com\\\/channel\\\/UC_tHHueG-qxycnvdro4jHtQ\"]}]}<\/script>\n<!-- \/ Yoast SEO plugin. -->","yoast_head_json":{"title":"Riparues dhe kontroll i sebumit p\u00ebr l\u00ebkur\u00ebn e yndyrshme 30 ml","description":"Ndihmon n\u00eb ruajtjen e ekuilibrit t\u00eb sebumit t\u00eb l\u00ebkur\u00ebs, pastrimin e saj dhe ruajtjen e ekuilibrit natyral t\u00eb lag\u00ebshtis\u00eb.Fal\u00eb ekstraktit nordik organik Empetrum nigrum ndihmon n\u00eb ushqimin e l\u00ebkur\u00ebs tuaj duke ofruar nj\u00eb efekt t\u00eb lart\u00eb antioksidues.","robots":{"index":"index","follow":"follow","max-snippet":"max-snippet:-1","max-image-preview":"max-image-preview:large","max-video-preview":"max-video-preview:-1"},"canonical":"https:\/\/gjiniherbal.com\/en_us\/produkt\/kujdesi-fytyres\/bionnex-riparues-dhe-kontroll-i-sebumit-per-lekuren-e-yndyrshme-dhe-te-prirur-ndaj-akneve-30-ml\/","og_locale":"en_US","og_type":"article","og_title":"Riparues dhe kontroll i sebumit p\u00ebr l\u00ebkur\u00ebn e yndyrshme 30 ml","og_description":"Ndihmon n\u00eb ruajtjen e ekuilibrit t\u00eb sebumit t\u00eb l\u00ebkur\u00ebs, pastrimin e saj dhe ruajtjen e ekuilibrit natyral t\u00eb lag\u00ebshtis\u00eb.Fal\u00eb ekstraktit nordik organik Empetrum nigrum ndihmon n\u00eb ushqimin e l\u00ebkur\u00ebs tuaj duke ofruar nj\u00eb efekt t\u00eb lart\u00eb antioksidues.","og_url":"https:\/\/gjiniherbal.com\/en_us\/produkt\/kujdesi-fytyres\/bionnex-riparues-dhe-kontroll-i-sebumit-per-lekuren-e-yndyrshme-dhe-te-prirur-ndaj-akneve-30-ml\/","og_site_name":"Gjini Herbal","article_publisher":"https:\/\/facebook.com\/gjiniherbal","article_modified_time":"2025-01-11T15:19:52+00:00","og_image":[{"width":1800,"height":1800,"url":"https:\/\/gjiniherbal.com\/wp-content\/uploads\/2024\/09\/SebumContr1_1800x1800.webp","type":"image\/webp"}],"twitter_card":"summary_large_image","twitter_misc":{"Est. reading time":"1 minute"},"schema":{"@context":"https:\/\/schema.org","@graph":[{"@type":"WebPage","@id":"https:\/\/gjiniherbal.com\/produkt\/kujdesi-fytyres\/bionnex-riparues-dhe-kontroll-i-sebumit-per-lekuren-e-yndyrshme-dhe-te-prirur-ndaj-akneve-30-ml\/","url":"https:\/\/gjiniherbal.com\/produkt\/kujdesi-fytyres\/bionnex-riparues-dhe-kontroll-i-sebumit-per-lekuren-e-yndyrshme-dhe-te-prirur-ndaj-akneve-30-ml\/","name":"Riparues dhe kontroll i sebumit p\u00ebr l\u00ebkur\u00ebn e yndyrshme 30 ml","isPartOf":{"@id":"https:\/\/gjiniherbal.com\/#website"},"primaryImageOfPage":{"@id":"https:\/\/gjiniherbal.com\/produkt\/kujdesi-fytyres\/bionnex-riparues-dhe-kontroll-i-sebumit-per-lekuren-e-yndyrshme-dhe-te-prirur-ndaj-akneve-30-ml\/#primaryimage"},"image":{"@id":"https:\/\/gjiniherbal.com\/produkt\/kujdesi-fytyres\/bionnex-riparues-dhe-kontroll-i-sebumit-per-lekuren-e-yndyrshme-dhe-te-prirur-ndaj-akneve-30-ml\/#primaryimage"},"thumbnailUrl":"https:\/\/gjiniherbal.com\/wp-content\/uploads\/2024\/09\/SebumContr1_1800x1800.webp","datePublished":"2024-10-14T11:43:01+00:00","dateModified":"2025-01-11T15:19:52+00:00","description":"Ndihmon n\u00eb ruajtjen e ekuilibrit t\u00eb sebumit t\u00eb l\u00ebkur\u00ebs, pastrimin e saj dhe ruajtjen e ekuilibrit natyral t\u00eb lag\u00ebshtis\u00eb.Fal\u00eb ekstraktit nordik organik Empetrum nigrum ndihmon n\u00eb ushqimin e l\u00ebkur\u00ebs tuaj duke ofruar nj\u00eb efekt t\u00eb lart\u00eb antioksidues.","breadcrumb":{"@id":"https:\/\/gjiniherbal.com\/produkt\/kujdesi-fytyres\/bionnex-riparues-dhe-kontroll-i-sebumit-per-lekuren-e-yndyrshme-dhe-te-prirur-ndaj-akneve-30-ml\/#breadcrumb"},"inLanguage":"en-US","potentialAction":[{"@type":"ReadAction","target":["https:\/\/gjiniherbal.com\/produkt\/kujdesi-fytyres\/bionnex-riparues-dhe-kontroll-i-sebumit-per-lekuren-e-yndyrshme-dhe-te-prirur-ndaj-akneve-30-ml\/"]}]},{"@type":"ImageObject","inLanguage":"en-US","@id":"https:\/\/gjiniherbal.com\/produkt\/kujdesi-fytyres\/bionnex-riparues-dhe-kontroll-i-sebumit-per-lekuren-e-yndyrshme-dhe-te-prirur-ndaj-akneve-30-ml\/#primaryimage","url":"https:\/\/gjiniherbal.com\/wp-content\/uploads\/2024\/09\/SebumContr1_1800x1800.webp","contentUrl":"https:\/\/gjiniherbal.com\/wp-content\/uploads\/2024\/09\/SebumContr1_1800x1800.webp","width":1800,"height":1800},{"@type":"BreadcrumbList","@id":"https:\/\/gjiniherbal.com\/produkt\/kujdesi-fytyres\/bionnex-riparues-dhe-kontroll-i-sebumit-per-lekuren-e-yndyrshme-dhe-te-prirur-ndaj-akneve-30-ml\/#breadcrumb","itemListElement":[{"@type":"ListItem","position":1,"name":"Home","item":"https:\/\/gjiniherbal.com\/en_us\/"},{"@type":"ListItem","position":2,"name":"Shop","item":"https:\/\/gjiniherbal.com\/en_us\/shop\/"},{"@type":"ListItem","position":3,"name":"Bionnex Riparues dhe kontroll i sebumit p\u00ebr l\u00ebkur\u00ebn e yndyrshme dhe t\u00eb prirur ndaj akneve 30 ml"}]},{"@type":"WebSite","@id":"https:\/\/gjiniherbal.com\/#website","url":"https:\/\/gjiniherbal.com\/","name":"Gjini Herbal","description":"Produkte Natyrale","publisher":{"@id":"https:\/\/gjiniherbal.com\/#organization"},"potentialAction":[{"@type":"SearchAction","target":{"@type":"EntryPoint","urlTemplate":"https:\/\/gjiniherbal.com\/?s={search_term_string}"},"query-input":{"@type":"PropertyValueSpecification","valueRequired":true,"valueName":"search_term_string"}}],"inLanguage":"en-US"},{"@type":"Organization","@id":"https:\/\/gjiniherbal.com\/#organization","name":"Gjini Herbal","url":"https:\/\/gjiniherbal.com\/","logo":{"@type":"ImageObject","inLanguage":"en-US","@id":"https:\/\/gjiniherbal.com\/#\/schema\/logo\/image\/","url":"https:\/\/gjiniherbal.com\/wp-content\/uploads\/2022\/07\/gjini-herbal-logo.png","contentUrl":"https:\/\/gjiniherbal.com\/wp-content\/uploads\/2022\/07\/gjini-herbal-logo.png","width":652,"height":262,"caption":"Gjini Herbal"},"image":{"@id":"https:\/\/gjiniherbal.com\/#\/schema\/logo\/image\/"},"sameAs":["https:\/\/facebook.com\/gjiniherbal","https:\/\/instagram.com\/gjiniherbal","https:\/\/www.youtube.com\/channel\/UC_tHHueG-qxycnvdro4jHtQ"]}]}},"jetpack-related-posts":[],"jetpack_sharing_enabled":true,"_links":{"self":[{"href":"https:\/\/gjiniherbal.com\/en_us\/wp-json\/wp\/v2\/product\/2981","targetHints":{"allow":["GET"]}}],"collection":[{"href":"https:\/\/gjiniherbal.com\/en_us\/wp-json\/wp\/v2\/product"}],"about":[{"href":"https:\/\/gjiniherbal.com\/en_us\/wp-json\/wp\/v2\/types\/product"}],"wp:featuredmedia":[{"embeddable":true,"href":"https:\/\/gjiniherbal.com\/en_us\/wp-json\/wp\/v2\/media\/3029"}],"wp:attachment":[{"href":"https:\/\/gjiniherbal.com\/en_us\/wp-json\/wp\/v2\/media?parent=2981"}],"wp:term":[{"taxonomy":"product_brand","embeddable":true,"href":"https:\/\/gjiniherbal.com\/en_us\/wp-json\/wp\/v2\/product_brand?post=2981"},{"taxonomy":"product_cat","embeddable":true,"href":"https:\/\/gjiniherbal.com\/en_us\/wp-json\/wp\/v2\/product_cat?post=2981"},{"taxonomy":"product_tag","embeddable":true,"href":"https:\/\/gjiniherbal.com\/en_us\/wp-json\/wp\/v2\/product_tag?post=2981"}],"curies":[{"name":"wp","href":"https:\/\/api.w.org\/{rel}","templated":true}]}}