{"id":2976,"date":"2024-09-30T19:18:59","date_gmt":"2024-09-30T17:18:59","guid":{"rendered":"https:\/\/gjiniherbal.com\/?post_type=product&#038;p=2976"},"modified":"2025-01-13T15:39:11","modified_gmt":"2025-01-13T14:39:11","slug":"bionnex-sprej-per-femije-me-krem-kunder-diellit-spf50-200-ml","status":"publish","type":"product","link":"https:\/\/gjiniherbal.com\/en_us\/product\/kujdes-i-lekures\/bionnex-sprej-per-femije-me-krem-kunder-diellit-spf50-200-ml\/","title":{"rendered":"BIONNEX Sprej p\u00ebr f\u00ebmij\u00eb me krem kund\u00ebr diellit SPF50+ 200 ml"},"content":{"rendered":"<p>Ndihmon p\u00ebr t\u00eb siguruar mbrojtje t\u00eb plot\u00eb kund\u00ebr rrezeve UVA\/UVB.<br \/>\nNdihmon n\u00eb mbrojtjen e l\u00ebkur\u00ebs nga plakja, njollat \u200b\u200bdhe djegiet nga dielli.<br \/>\nMe struktur\u00ebn e tij jo ngjit\u00ebse, parandalon ngjitjen e r\u00ebr\u00ebs n\u00eb l\u00ebkur\u00eb.<br \/>\nFal\u00eb ve\u00e7oris\u00eb s\u00eb thithjes s\u00eb sebumit, pluhuri i far\u00ebs Hordeum vulgare parandalon ngjitjen dhe parandalon shk\u00eblqimin e pad\u00ebshiruar n\u00eb l\u00ebkur\u00eb.<br \/>\nI p\u00ebrshtatsh\u00ebm p\u00ebr l\u00ebkur\u00ebn e ndjeshme t\u00eb f\u00ebmij\u00ebve.<\/p>\n<p>Vitamina E siguron nj\u00eb efekt t\u00eb fort\u00eb hidratues dhe antioksidant.<br \/>\nPluhuri i far\u00ebs Hordeum, fal\u00eb ve\u00e7oris\u00eb s\u00eb thithjes s\u00eb sebumit, parandalon ngjitjen dhe parandalon shk\u00eblqimin e pad\u00ebshiruar n\u00eb l\u00ebkur\u00eb.<\/p>\n<p>P\u00ebrdorimi: Aplikojeni me boll\u00ebk n\u00eb l\u00ebkur\u00eb t\u00eb that\u00eb ose t\u00eb lagur n\u00eb rrath\u00eb t\u00eb vegj\u00ebl 20 minuta para ekspozimit n\u00eb diell.<br \/>\nSigurohuni q\u00eb ta p\u00ebrdorni p\u00ebrs\u00ebri pas notit, djersitjes ose hyrjes n\u00eb pishin\u00eb dhe tharjes me nj\u00eb peshqir.<\/p>\n","protected":false},"excerpt":{"rendered":"<p>Ndihmon p\u00ebr t\u00eb siguruar mbrojtje t\u00eb plot\u00eb kund\u00ebr rrezeve UVA\/UVB.<br \/>\nNdihmon n\u00eb mbrojtjen e l\u00ebkur\u00ebs nga plakja, njollat \u200b\u200bdhe djegiet nga dielli.<br \/>\nMe struktur\u00ebn e tij jo ngjit\u00ebse, parandalon ngjitjen e r\u00ebr\u00ebs n\u00eb l\u00ebkur\u00eb.<br \/>\nFal\u00eb ve\u00e7oris\u00eb s\u00eb thithjes s\u00eb sebumit, pluhuri i far\u00ebs Hordeum vulgare parandalon ngjitjen dhe parandalon shk\u00eblqimin e pad\u00ebshiruar n\u00eb l\u00ebkur\u00eb.<br \/>\nI p\u00ebrshtatsh\u00ebm p\u00ebr l\u00ebkur\u00ebn e ndjeshme t\u00eb f\u00ebmij\u00ebve.<\/p>\n","protected":false},"featured_media":2996,"template":"","meta":{"_acf_changed":false,"_et_pb_use_builder":"","_et_pb_old_content":"","_et_gb_content_width":"","_monsterinsights_skip_tracking":false,"_monsterinsights_sitenote_active":false,"_monsterinsights_sitenote_note":"","_monsterinsights_sitenote_category":0,"_joinchat":[]},"product_brand":[],"product_cat":[480],"product_tag":[1037,1036],"class_list":{"0":"post-2976","1":"product","2":"type-product","3":"status-publish","4":"has-post-thumbnail","6":"product_cat-kujdes-i-lekures","7":"product_tag-spf","8":"product_tag-sprej-per-femije","10":"first","11":"instock","12":"shipping-taxable","13":"purchasable","14":"product-type-simple"},"acf":[],"jetpack-related-posts":[],"jetpack_sharing_enabled":true,"_links":{"self":[{"href":"https:\/\/gjiniherbal.com\/en_us\/wp-json\/wp\/v2\/product\/2976","targetHints":{"allow":["GET"]}}],"collection":[{"href":"https:\/\/gjiniherbal.com\/en_us\/wp-json\/wp\/v2\/product"}],"about":[{"href":"https:\/\/gjiniherbal.com\/en_us\/wp-json\/wp\/v2\/types\/product"}],"wp:featuredmedia":[{"embeddable":true,"href":"https:\/\/gjiniherbal.com\/en_us\/wp-json\/wp\/v2\/media\/2996"}],"wp:attachment":[{"href":"https:\/\/gjiniherbal.com\/en_us\/wp-json\/wp\/v2\/media?parent=2976"}],"wp:term":[{"taxonomy":"product_brand","embeddable":true,"href":"https:\/\/gjiniherbal.com\/en_us\/wp-json\/wp\/v2\/product_brand?post=2976"},{"taxonomy":"product_cat","embeddable":true,"href":"https:\/\/gjiniherbal.com\/en_us\/wp-json\/wp\/v2\/product_cat?post=2976"},{"taxonomy":"product_tag","embeddable":true,"href":"https:\/\/gjiniherbal.com\/en_us\/wp-json\/wp\/v2\/product_tag?post=2976"}],"curies":[{"name":"wp","href":"https:\/\/api.w.org\/{rel}","templated":true}]}}