{"id":2967,"date":"2024-09-24T16:23:03","date_gmt":"2024-09-24T14:23:03","guid":{"rendered":"https:\/\/gjiniherbal.com\/?post_type=product&#038;p=2967"},"modified":"2024-09-24T16:23:03","modified_gmt":"2024-09-24T14:23:03","slug":"bionnex-krem-hidratues-per-fytyren-per-lekure-me-prirje-atopike-50-ml","status":"publish","type":"product","link":"https:\/\/gjiniherbal.com\/en_us\/product\/kujdesi-fytyres\/bionnex-krem-hidratues-per-fytyren-per-lekure-me-prirje-atopike-50-ml\/","title":{"rendered":"Bionnex Krem hidratues p\u00ebr fytyr\u00ebn p\u00ebr l\u00ebkur\u00eb me prirje atopike 50 ml"},"content":{"rendered":"<p>Kremi hidratues i fytyr\u00ebs Perfederm, i zhvilluar posa\u00e7\u00ebrisht p\u00ebr l\u00ebkur\u00ebn e that\u00eb, shum\u00eb t\u00eb that\u00eb dhe me prirje atopike, mb\u00ebshtet riparimin e barrier\u00ebs s\u00eb l\u00ebkur\u00ebs dhe mbrojtjen e sh\u00ebndetit t\u00eb saj natyral.<\/p>\n<p>Me ekstraktin e tij t\u00eb frutave Vaccinium myrtillus, ai siguron ushqim t\u00eb thell\u00eb t\u00eb l\u00ebkur\u00ebs dhe rrit forc\u00ebn e l\u00ebkur\u00ebs.<\/p>\n<p>Fal\u00eb formul\u00ebs s\u00eb saj t\u00eb zhvilluar posa\u00e7\u00ebrisht dhe struktur\u00ebs jo t\u00eb yndyrshme, ndihmon n\u00eb ruajtjen e ekuilibrit t\u00eb lag\u00ebshtis\u00eb s\u00eb l\u00ebkur\u00ebs dhe e mbron at\u00eb nga faktor\u00ebt e jasht\u00ebm q\u00eb mund t\u00eb irritojn\u00eb l\u00ebkur\u00ebn.<\/p>\n<p>I testuar dermatologjikisht.<\/p>\n<p>Formula Tetra Complex CX19, vaji i far\u00ebs brassica campestris (rapese),<br \/>\nvaji i far\u00ebs helianthus annuus (luledielli) dhe p\u00ebrmban ekstrakt laminaria ochroleuca.<\/p>\n<p>&#8211; Mb\u00ebshtet barrier\u00ebn natyrore mbrojt\u00ebse t\u00eb l\u00ebkur\u00ebs dhe ndihmon n\u00eb riparimin e saj.<\/p>\n<p>&#8211; Vaji natyral i bajames dhe vaji i avokados ushqejn\u00eb l\u00ebkur\u00ebn dhe rrisin forc\u00ebn e saj.<\/p>\n<p>&#8211; Ekstrakti i bim\u00ebs endemike nordike Vaccinium Myritillus ushqen l\u00ebkur\u00ebn dhe mb\u00ebshtet forcimin e barrier\u00ebs s\u00eb l\u00ebkur\u00ebs.<\/p>\n<p>&#8211; Vaji i rapes dhe vaji i lulediellit rrisin kapacitetin e l\u00ebkur\u00ebs p\u00ebr t\u00eb mbajtur ujin.<\/p>\n<p>&#8211; Ekstrakti i algave kafe zbut dhe hidraton l\u00ebkur\u00ebn, dhe tripeptidet kan\u00eb nj\u00eb efekt kund\u00ebr plakjes dhe rigjenerimit.<\/p>\n<p>P\u00ebrdorimi: Aplikoni nj\u00eb sasi t\u00eb mjaftueshme kremi n\u00eb fytyr\u00ebn tuaj dy her\u00eb n\u00eb dit\u00eb me l\u00ebvizje rrethore masazhi derisa t\u00eb p\u00ebrthithet.<\/p>\n","protected":false},"excerpt":{"rendered":"<p>&#8211; Mb\u00ebshtet barrier\u00ebn natyrore mbrojt\u00ebse t\u00eb l\u00ebkur\u00ebs dhe ndihmon n\u00eb riparimin e saj.<\/p>\n<p>&#8211; Vaji natyral i bajames dhe vaji i avokados ushqejn\u00eb l\u00ebkur\u00ebn dhe rrisin forc\u00ebn e saj.<\/p>\n<p>&#8211; Ekstrakti i bim\u00ebs endemike nordike Vaccinium Myritillus ushqen l\u00ebkur\u00ebn dhe mb\u00ebshtet forcimin e barrier\u00ebs s\u00eb l\u00ebkur\u00ebs.<\/p>\n<p>&#8211; Vaji i rapes dhe vaji i lulediellit rrisin kapacitetin e l\u00ebkur\u00ebs p\u00ebr t\u00eb mbajtur ujin.<\/p>\n<p>&#8211; Ekstrakti i algave kafe zbut dhe hidraton l\u00ebkur\u00ebn, dhe tripeptidet kan\u00eb nj\u00eb efekt kund\u00ebr plakjes dhe rigjenerimit.<\/p>\n","protected":false},"featured_media":2971,"template":"","meta":{"_acf_changed":false,"_et_pb_use_builder":"","_et_pb_old_content":"","_et_gb_content_width":"","_monsterinsights_skip_tracking":false,"_monsterinsights_sitenote_active":false,"_monsterinsights_sitenote_note":"","_monsterinsights_sitenote_category":0,"_joinchat":[]},"product_brand":[],"product_cat":[831],"product_tag":[528,537],"class_list":{"0":"post-2967","1":"product","2":"type-product","3":"status-publish","4":"has-post-thumbnail","6":"product_cat-kujdesi-fytyres","7":"product_tag-hidratues","8":"product_tag-krem-fytyre","10":"first","11":"instock","12":"shipping-taxable","13":"purchasable","14":"product-type-simple"},"acf":[],"jetpack-related-posts":[],"jetpack_sharing_enabled":true,"_links":{"self":[{"href":"https:\/\/gjiniherbal.com\/en_us\/wp-json\/wp\/v2\/product\/2967","targetHints":{"allow":["GET"]}}],"collection":[{"href":"https:\/\/gjiniherbal.com\/en_us\/wp-json\/wp\/v2\/product"}],"about":[{"href":"https:\/\/gjiniherbal.com\/en_us\/wp-json\/wp\/v2\/types\/product"}],"wp:featuredmedia":[{"embeddable":true,"href":"https:\/\/gjiniherbal.com\/en_us\/wp-json\/wp\/v2\/media\/2971"}],"wp:attachment":[{"href":"https:\/\/gjiniherbal.com\/en_us\/wp-json\/wp\/v2\/media?parent=2967"}],"wp:term":[{"taxonomy":"product_brand","embeddable":true,"href":"https:\/\/gjiniherbal.com\/en_us\/wp-json\/wp\/v2\/product_brand?post=2967"},{"taxonomy":"product_cat","embeddable":true,"href":"https:\/\/gjiniherbal.com\/en_us\/wp-json\/wp\/v2\/product_cat?post=2967"},{"taxonomy":"product_tag","embeddable":true,"href":"https:\/\/gjiniherbal.com\/en_us\/wp-json\/wp\/v2\/product_tag?post=2967"}],"curies":[{"name":"wp","href":"https:\/\/api.w.org\/{rel}","templated":true}]}}