{"id":2966,"date":"2024-09-24T16:19:37","date_gmt":"2024-09-24T14:19:37","guid":{"rendered":"https:\/\/gjiniherbal.com\/?post_type=product&#038;p=2966"},"modified":"2024-09-24T16:19:38","modified_gmt":"2024-09-24T14:19:38","slug":"bionnex-serum-kunder-renjes-se-flokeve-12x10-ml","status":"publish","type":"product","link":"https:\/\/gjiniherbal.com\/en_us\/product\/kujdesi-i-flokeve\/bionnex-serum-kunder-renjes-se-flokeve-12x10-ml\/","title":{"rendered":"BIONNEX SERUM KUND\u00cbR R\u00cbNJES S\u00cb FLOK\u00cbVE 12&#215;10 ml"},"content":{"rendered":"<p>Ndihmon n\u00eb parandalimin e r\u00ebnies s\u00eb flok\u00ebve fal\u00eb VITIS COMPLEX CX 25, i cili \u00ebsht\u00eb krijuar posa\u00e7\u00ebrisht kund\u00ebr r\u00ebnies s\u00eb flok\u00ebve dhe p\u00ebrmban ekstrakte bimore, vitamina dhe minerale.<\/p>\n<p>Pa paraben\u00eb.<\/p>\n<p>Vitis Complex CX25 ekstrakt bimor, vitamina A, B1, B2, B5, E, acid folik, flavonoid, acide yndyrore t\u00eb pangopura.<\/p>\n<p>P\u00ebrmban minerale (zink, magnez, kalium, kalcium dhe hekur) dhe beta-sitosterol.<\/p>\n<p>&#8211; Agjent\u00ebt hidratues dhe strukturues t\u00eb flok\u00ebve ndihmojn\u00eb n\u00eb ristrukturimin e kutikulave t\u00eb flok\u00ebve duke rritur shk\u00eblqimin e t\u00eb gjitha llojeve t\u00eb flok\u00ebve.<\/p>\n<p>&#8211; Flok\u00ebt rifitojn\u00eb shk\u00eblqimin dhe but\u00ebsin\u00eb.<\/p>\n<p>&#8211; Fal\u00eb sheqerit natyral n\u00eb ekstrakt, ka nj\u00eb kapacitet t\u00eb fort\u00eb mbajt\u00ebs t\u00eb ujit. K\u00ebshtu, forcon struktur\u00ebn e murit t\u00eb qelizave t\u00eb flok\u00ebve q\u00eb siguron hidratim.<\/p>\n<p>&#8211; Pelvetia canaliculata ndihmon n\u00eb rikthimin e lag\u00ebshtis\u00eb natyrale.<\/p>\n<p>&#8211; Ekstrakti i karot\u00ebs s\u00eb Daucus ndihmon n\u00eb sh\u00ebrimin e l\u00ebkur\u00ebs s\u00eb kok\u00ebs.<\/p>\n<p>&#8211; Ekstrakti i gjetheve t\u00eb Camellia sinensis ndihmon n\u00eb pastrimin e thell\u00eb t\u00eb l\u00ebkur\u00ebs s\u00eb kok\u00ebs dhe pengon prodhimin e tep\u00ebrt t\u00eb sebumit.<\/p>\n<p>P\u00ebrdorimi: Aplikojeni n\u00eb l\u00ebkur\u00eb t\u00eb pastruar me nj\u00eb cop\u00eb pambuku. Prisni q\u00eb t\u00eb thahet vet\u00eb.<br \/>\nP\u00ebr rezultate m\u00eb efektive, rekomandohet t\u00eb p\u00ebrdoret me Xhel Pastrues dhe Krem sh\u00ebrues dhe balancues t\u00eb sebumit.<\/p>\n","protected":false},"excerpt":{"rendered":"<p>&#8211; Agjent\u00ebt hidratues dhe strukturues t\u00eb flok\u00ebve ndihmojn\u00eb n\u00eb ristrukturimin e kutikulave t\u00eb flok\u00ebve duke rritur shk\u00eblqimin e t\u00eb gjitha llojeve t\u00eb flok\u00ebve.<\/p>\n<p>&#8211; Flok\u00ebt rifitojn\u00eb shk\u00eblqimin dhe but\u00ebsin\u00eb.<\/p>\n<p>&#8211; Fal\u00eb sheqerit natyral n\u00eb ekstrakt, ka nj\u00eb kapacitet t\u00eb fort\u00eb mbajt\u00ebs t\u00eb ujit. K\u00ebshtu, forcon struktur\u00ebn e murit t\u00eb qelizave t\u00eb flok\u00ebve q\u00eb siguron hidratim.<\/p>\n<p>&#8211; Pelvetia canaliculata ndihmon n\u00eb rikthimin e lag\u00ebshtis\u00eb natyrale.<\/p>\n<p>&#8211; Ekstrakti i karot\u00ebs s\u00eb Daucus ndihmon n\u00eb sh\u00ebrimin e l\u00ebkur\u00ebs s\u00eb kok\u00ebs.<\/p>\n<p>&#8211; Ekstrakti i gjetheve t\u00eb Camellia sinensis ndihmon n\u00eb pastrimin e thell\u00eb t\u00eb l\u00ebkur\u00ebs s\u00eb kok\u00ebs dhe pengon prodhimin e tep\u00ebrt t\u00eb sebumit.<\/p>\n","protected":false},"featured_media":2970,"template":"","meta":{"_acf_changed":false,"_et_pb_use_builder":"","_et_pb_old_content":"","_et_gb_content_width":"","_monsterinsights_skip_tracking":false,"_monsterinsights_sitenote_active":false,"_monsterinsights_sitenote_note":"","_monsterinsights_sitenote_category":0,"_joinchat":[]},"product_brand":[],"product_cat":[922],"product_tag":[647,1029,530],"class_list":{"0":"post-2966","1":"product","2":"type-product","3":"status-publish","4":"has-post-thumbnail","6":"product_cat-kujdesi-i-flokeve","7":"product_tag-floket","8":"product_tag-renie-e-flokeve","9":"product_tag-serum","11":"first","12":"instock","13":"shipping-taxable","14":"purchasable","15":"product-type-simple"},"acf":[],"jetpack-related-posts":[],"jetpack_sharing_enabled":true,"_links":{"self":[{"href":"https:\/\/gjiniherbal.com\/en_us\/wp-json\/wp\/v2\/product\/2966","targetHints":{"allow":["GET"]}}],"collection":[{"href":"https:\/\/gjiniherbal.com\/en_us\/wp-json\/wp\/v2\/product"}],"about":[{"href":"https:\/\/gjiniherbal.com\/en_us\/wp-json\/wp\/v2\/types\/product"}],"wp:featuredmedia":[{"embeddable":true,"href":"https:\/\/gjiniherbal.com\/en_us\/wp-json\/wp\/v2\/media\/2970"}],"wp:attachment":[{"href":"https:\/\/gjiniherbal.com\/en_us\/wp-json\/wp\/v2\/media?parent=2966"}],"wp:term":[{"taxonomy":"product_brand","embeddable":true,"href":"https:\/\/gjiniherbal.com\/en_us\/wp-json\/wp\/v2\/product_brand?post=2966"},{"taxonomy":"product_cat","embeddable":true,"href":"https:\/\/gjiniherbal.com\/en_us\/wp-json\/wp\/v2\/product_cat?post=2966"},{"taxonomy":"product_tag","embeddable":true,"href":"https:\/\/gjiniherbal.com\/en_us\/wp-json\/wp\/v2\/product_tag?post=2966"}],"curies":[{"name":"wp","href":"https:\/\/api.w.org\/{rel}","templated":true}]}}