{"id":2887,"date":"2024-07-23T15:51:28","date_gmt":"2024-07-23T13:51:28","guid":{"rendered":"https:\/\/gjiniherbal.com\/?post_type=product&#038;p=2887"},"modified":"2025-07-31T15:30:16","modified_gmt":"2025-07-31T13:30:16","slug":"magnez-vaj-100-ml","status":"publish","type":"product","link":"https:\/\/gjiniherbal.com\/en_us\/product\/suplemente-vitamina\/magnez-vaj-100-ml\/","title":{"rendered":"Vaj Magnezi 100 ml"},"content":{"rendered":"<p>Me produktin ton\u00eb t\u00eb magnezit, ne duam t\u00eb ofrojm\u00eb nj\u00eb zgjidhje p\u00ebr ata q\u00eb nuk i p\u00eblqejn\u00eb format e tabletave apo kapsulave p\u00ebr shkak t\u00eb v\u00ebshtir\u00ebsis\u00eb n\u00eb g\u00eblltitje.<\/p>\n<p>Magnezi kontribuon n\u00eb uljen e lodhjes, ruajtjen e ekuilibrit elektrolit, funksionimin e duhur t\u00eb sistemit nervor, funksionin normal t\u00eb muskujve, ruajtjen e funksionit normal psikologjik dhe ruajtjen e dh\u00ebmb\u00ebve normal\u00eb, merr pjes\u00eb n\u00eb ruajtjen e kockave normale dhe proceset metabolike normale q\u00eb prodhojn\u00eb energji dhe luan nj\u00eb rol n\u00eb ndarjen e qelizave dhe sintez\u00ebn normale t\u00eb proteinave.<\/p>\n<p><strong>P\u00ebrfitimet sh\u00ebndet\u00ebsore:<\/strong><\/p>\n<ul>\n<li>Relakson muskujt<\/li>\n<li>P\u00ebrmir\u00ebson cil\u00ebsin\u00eb e gjumit<\/li>\n<li>Kund\u00ebr stresit dhe ankthit<\/li>\n<li>Leht\u00ebson dhimbjet<\/li>\n<li>Rrit nivelet e magnezit n\u00eb trup<\/li>\n<li>Leht\u00ebson dhimbjet e kok\u00ebs<\/li>\n<li>Relakson muskujt pas sportit ose lodhjes<\/li>\n<\/ul>\n<p>&nbsp;<\/p>\n<p><strong>Sasia:<\/strong> 100 ml.<\/p>\n<p><strong>P\u00ebrdorimi:<\/strong> 10-15 sprucime n\u00eb zon\u00ebn ku keni dhimbje ose n\u00eb pjes\u00ebn e krahut, 2 her\u00eb n\u00eb dit\u00eb.<\/p>\n","protected":false},"excerpt":{"rendered":"<ul>\n<li>Relakson muskujt<\/li>\n<li>P\u00ebrmir\u00ebson cil\u00ebsin\u00eb e gjumit<\/li>\n<li>Kund\u00ebr stresit dhe ankthit<\/li>\n<li>Leht\u00ebson dhimbjet<\/li>\n<li>Rrit nivelet e magnezit n\u00eb trup<\/li>\n<li>Leht\u00ebson dhimbjet e kok\u00ebs<\/li>\n<li>Relakson muskujt pas sportit ose lodhjes<\/li>\n<\/ul>\n<p>&nbsp;<\/p>\n<p><strong>100 ml<\/strong><\/p>\n","protected":false},"featured_media":2888,"template":"","meta":{"_acf_changed":false,"_et_pb_use_builder":"","_et_pb_old_content":"","_et_gb_content_width":"","_monsterinsights_skip_tracking":false,"_monsterinsights_sitenote_active":false,"_monsterinsights_sitenote_note":"","_monsterinsights_sitenote_category":0,"_joinchat":[]},"product_brand":[],"product_cat":[457,976],"product_tag":[459],"class_list":{"0":"post-2887","1":"product","2":"type-product","3":"status-publish","4":"has-post-thumbnail","6":"product_cat-suplemente-vitamina","7":"product_cat-trajtime-natyrale","8":"product_tag-magnez","10":"first","11":"instock","12":"shipping-taxable","13":"purchasable","14":"product-type-simple"},"acf":[],"yoast_head":"<!-- This site is optimized with the Yoast SEO plugin v27.4 - https:\/\/yoast.com\/product\/yoast-seo-wordpress\/ -->\n<title>Vaj Magnezi 100 ml - Gjini Herbal<\/title>\n<meta name=\"description\" content=\"Magnezi kontribuon n\u00eb uljen e lodhjes, ruajtjen e ekuilibrit elektrolit, funksionimin e duhur t\u00eb sistemit nervor, funksionin normal t\u00eb muskujve, ruajtjen e funksionit normal psikologjik dhe ruajtjen e dh\u00ebmb\u00ebve normal\u00eb, merr pjes\u00eb n\u00eb ruajtjen e kockave normale dhe proceset metabolike normale q\u00eb prodhojn\u00eb energji dhe luan nj\u00eb rol n\u00eb ndarjen e qelizave dhe sintez\u00ebn normale t\u00eb proteinave.\" \/>\n<meta name=\"robots\" content=\"index, follow, max-snippet:-1, max-image-preview:large, max-video-preview:-1\" \/>\n<link rel=\"canonical\" href=\"https:\/\/gjiniherbal.com\/en_us\/produkt\/suplemente-vitamina\/magnez-vaj-100-ml\/\" \/>\n<meta property=\"og:locale\" content=\"en_US\" \/>\n<meta property=\"og:type\" content=\"article\" \/>\n<meta property=\"og:title\" content=\"Vaj Magnezi 100 ml - Gjini Herbal\" \/>\n<meta property=\"og:description\" content=\"Magnezi kontribuon n\u00eb uljen e lodhjes, ruajtjen e ekuilibrit elektrolit, funksionimin e duhur t\u00eb sistemit nervor, funksionin normal t\u00eb muskujve, ruajtjen e funksionit normal psikologjik dhe ruajtjen e dh\u00ebmb\u00ebve normal\u00eb, merr pjes\u00eb n\u00eb ruajtjen e kockave normale dhe proceset metabolike normale q\u00eb prodhojn\u00eb energji dhe luan nj\u00eb rol n\u00eb ndarjen e qelizave dhe sintez\u00ebn normale t\u00eb proteinave.\" \/>\n<meta property=\"og:url\" content=\"https:\/\/gjiniherbal.com\/en_us\/produkt\/suplemente-vitamina\/magnez-vaj-100-ml\/\" \/>\n<meta property=\"og:site_name\" content=\"Gjini Herbal\" \/>\n<meta property=\"article:publisher\" content=\"https:\/\/facebook.com\/gjiniherbal\" \/>\n<meta property=\"article:modified_time\" content=\"2025-07-31T13:30:16+00:00\" \/>\n<meta property=\"og:image\" content=\"https:\/\/gjiniherbal.com\/wp-content\/uploads\/2024\/07\/magnesium-spray-web.webp\" \/>\n\t<meta property=\"og:image:width\" content=\"1875\" \/>\n\t<meta property=\"og:image:height\" content=\"1875\" \/>\n\t<meta property=\"og:image:type\" content=\"image\/webp\" \/>\n<meta name=\"twitter:card\" content=\"summary_large_image\" \/>\n<meta name=\"twitter:label1\" content=\"Est. reading time\" \/>\n\t<meta name=\"twitter:data1\" content=\"1 minute\" \/>\n<script type=\"application\/ld+json\" class=\"yoast-schema-graph\">{\"@context\":\"https:\\\/\\\/schema.org\",\"@graph\":[{\"@type\":\"WebPage\",\"@id\":\"https:\\\/\\\/gjiniherbal.com\\\/produkt\\\/suplemente-vitamina\\\/magnez-vaj-100-ml\\\/\",\"url\":\"https:\\\/\\\/gjiniherbal.com\\\/produkt\\\/suplemente-vitamina\\\/magnez-vaj-100-ml\\\/\",\"name\":\"Vaj Magnezi 100 ml - Gjini Herbal\",\"isPartOf\":{\"@id\":\"https:\\\/\\\/gjiniherbal.com\\\/#website\"},\"primaryImageOfPage\":{\"@id\":\"https:\\\/\\\/gjiniherbal.com\\\/produkt\\\/suplemente-vitamina\\\/magnez-vaj-100-ml\\\/#primaryimage\"},\"image\":{\"@id\":\"https:\\\/\\\/gjiniherbal.com\\\/produkt\\\/suplemente-vitamina\\\/magnez-vaj-100-ml\\\/#primaryimage\"},\"thumbnailUrl\":\"https:\\\/\\\/gjiniherbal.com\\\/wp-content\\\/uploads\\\/2024\\\/07\\\/magnesium-spray-web.webp\",\"datePublished\":\"2024-07-23T13:51:28+00:00\",\"dateModified\":\"2025-07-31T13:30:16+00:00\",\"description\":\"Magnezi kontribuon n\u00eb uljen e lodhjes, ruajtjen e ekuilibrit elektrolit, funksionimin e duhur t\u00eb sistemit nervor, funksionin normal t\u00eb muskujve, ruajtjen e funksionit normal psikologjik dhe ruajtjen e dh\u00ebmb\u00ebve normal\u00eb, merr pjes\u00eb n\u00eb ruajtjen e kockave normale dhe proceset metabolike normale q\u00eb prodhojn\u00eb energji dhe luan nj\u00eb rol n\u00eb ndarjen e qelizave dhe sintez\u00ebn normale t\u00eb proteinave.\",\"breadcrumb\":{\"@id\":\"https:\\\/\\\/gjiniherbal.com\\\/produkt\\\/suplemente-vitamina\\\/magnez-vaj-100-ml\\\/#breadcrumb\"},\"inLanguage\":\"en-US\",\"potentialAction\":[{\"@type\":\"ReadAction\",\"target\":[\"https:\\\/\\\/gjiniherbal.com\\\/produkt\\\/suplemente-vitamina\\\/magnez-vaj-100-ml\\\/\"]}]},{\"@type\":\"ImageObject\",\"inLanguage\":\"en-US\",\"@id\":\"https:\\\/\\\/gjiniherbal.com\\\/produkt\\\/suplemente-vitamina\\\/magnez-vaj-100-ml\\\/#primaryimage\",\"url\":\"https:\\\/\\\/gjiniherbal.com\\\/wp-content\\\/uploads\\\/2024\\\/07\\\/magnesium-spray-web.webp\",\"contentUrl\":\"https:\\\/\\\/gjiniherbal.com\\\/wp-content\\\/uploads\\\/2024\\\/07\\\/magnesium-spray-web.webp\",\"width\":1875,\"height\":1875,\"caption\":\"magnez sprej\"},{\"@type\":\"BreadcrumbList\",\"@id\":\"https:\\\/\\\/gjiniherbal.com\\\/produkt\\\/suplemente-vitamina\\\/magnez-vaj-100-ml\\\/#breadcrumb\",\"itemListElement\":[{\"@type\":\"ListItem\",\"position\":1,\"name\":\"Home\",\"item\":\"https:\\\/\\\/gjiniherbal.com\\\/en_us\\\/\"},{\"@type\":\"ListItem\",\"position\":2,\"name\":\"Shop\",\"item\":\"https:\\\/\\\/gjiniherbal.com\\\/en_us\\\/shop\\\/\"},{\"@type\":\"ListItem\",\"position\":3,\"name\":\"Vaj Magnezi 100 ml\"}]},{\"@type\":\"WebSite\",\"@id\":\"https:\\\/\\\/gjiniherbal.com\\\/#website\",\"url\":\"https:\\\/\\\/gjiniherbal.com\\\/\",\"name\":\"Gjini Herbal\",\"description\":\"Produkte Natyrale\",\"publisher\":{\"@id\":\"https:\\\/\\\/gjiniherbal.com\\\/#organization\"},\"potentialAction\":[{\"@type\":\"SearchAction\",\"target\":{\"@type\":\"EntryPoint\",\"urlTemplate\":\"https:\\\/\\\/gjiniherbal.com\\\/?s={search_term_string}\"},\"query-input\":{\"@type\":\"PropertyValueSpecification\",\"valueRequired\":true,\"valueName\":\"search_term_string\"}}],\"inLanguage\":\"en-US\"},{\"@type\":\"Organization\",\"@id\":\"https:\\\/\\\/gjiniherbal.com\\\/#organization\",\"name\":\"Gjini Herbal\",\"url\":\"https:\\\/\\\/gjiniherbal.com\\\/\",\"logo\":{\"@type\":\"ImageObject\",\"inLanguage\":\"en-US\",\"@id\":\"https:\\\/\\\/gjiniherbal.com\\\/#\\\/schema\\\/logo\\\/image\\\/\",\"url\":\"https:\\\/\\\/gjiniherbal.com\\\/wp-content\\\/uploads\\\/2022\\\/07\\\/gjini-herbal-logo.png\",\"contentUrl\":\"https:\\\/\\\/gjiniherbal.com\\\/wp-content\\\/uploads\\\/2022\\\/07\\\/gjini-herbal-logo.png\",\"width\":652,\"height\":262,\"caption\":\"Gjini Herbal\"},\"image\":{\"@id\":\"https:\\\/\\\/gjiniherbal.com\\\/#\\\/schema\\\/logo\\\/image\\\/\"},\"sameAs\":[\"https:\\\/\\\/facebook.com\\\/gjiniherbal\",\"https:\\\/\\\/instagram.com\\\/gjiniherbal\",\"https:\\\/\\\/www.youtube.com\\\/channel\\\/UC_tHHueG-qxycnvdro4jHtQ\"]}]}<\/script>\n<!-- \/ Yoast SEO plugin. -->","yoast_head_json":{"title":"Vaj Magnezi 100 ml - Gjini Herbal","description":"Magnezi kontribuon n\u00eb uljen e lodhjes, ruajtjen e ekuilibrit elektrolit, funksionimin e duhur t\u00eb sistemit nervor, funksionin normal t\u00eb muskujve, ruajtjen e funksionit normal psikologjik dhe ruajtjen e dh\u00ebmb\u00ebve normal\u00eb, merr pjes\u00eb n\u00eb ruajtjen e kockave normale dhe proceset metabolike normale q\u00eb prodhojn\u00eb energji dhe luan nj\u00eb rol n\u00eb ndarjen e qelizave dhe sintez\u00ebn normale t\u00eb proteinave.","robots":{"index":"index","follow":"follow","max-snippet":"max-snippet:-1","max-image-preview":"max-image-preview:large","max-video-preview":"max-video-preview:-1"},"canonical":"https:\/\/gjiniherbal.com\/en_us\/produkt\/suplemente-vitamina\/magnez-vaj-100-ml\/","og_locale":"en_US","og_type":"article","og_title":"Vaj Magnezi 100 ml - Gjini Herbal","og_description":"Magnezi kontribuon n\u00eb uljen e lodhjes, ruajtjen e ekuilibrit elektrolit, funksionimin e duhur t\u00eb sistemit nervor, funksionin normal t\u00eb muskujve, ruajtjen e funksionit normal psikologjik dhe ruajtjen e dh\u00ebmb\u00ebve normal\u00eb, merr pjes\u00eb n\u00eb ruajtjen e kockave normale dhe proceset metabolike normale q\u00eb prodhojn\u00eb energji dhe luan nj\u00eb rol n\u00eb ndarjen e qelizave dhe sintez\u00ebn normale t\u00eb proteinave.","og_url":"https:\/\/gjiniherbal.com\/en_us\/produkt\/suplemente-vitamina\/magnez-vaj-100-ml\/","og_site_name":"Gjini Herbal","article_publisher":"https:\/\/facebook.com\/gjiniherbal","article_modified_time":"2025-07-31T13:30:16+00:00","og_image":[{"width":1875,"height":1875,"url":"https:\/\/gjiniherbal.com\/wp-content\/uploads\/2024\/07\/magnesium-spray-web.webp","type":"image\/webp"}],"twitter_card":"summary_large_image","twitter_misc":{"Est. reading time":"1 minute"},"schema":{"@context":"https:\/\/schema.org","@graph":[{"@type":"WebPage","@id":"https:\/\/gjiniherbal.com\/produkt\/suplemente-vitamina\/magnez-vaj-100-ml\/","url":"https:\/\/gjiniherbal.com\/produkt\/suplemente-vitamina\/magnez-vaj-100-ml\/","name":"Vaj Magnezi 100 ml - Gjini Herbal","isPartOf":{"@id":"https:\/\/gjiniherbal.com\/#website"},"primaryImageOfPage":{"@id":"https:\/\/gjiniherbal.com\/produkt\/suplemente-vitamina\/magnez-vaj-100-ml\/#primaryimage"},"image":{"@id":"https:\/\/gjiniherbal.com\/produkt\/suplemente-vitamina\/magnez-vaj-100-ml\/#primaryimage"},"thumbnailUrl":"https:\/\/gjiniherbal.com\/wp-content\/uploads\/2024\/07\/magnesium-spray-web.webp","datePublished":"2024-07-23T13:51:28+00:00","dateModified":"2025-07-31T13:30:16+00:00","description":"Magnezi kontribuon n\u00eb uljen e lodhjes, ruajtjen e ekuilibrit elektrolit, funksionimin e duhur t\u00eb sistemit nervor, funksionin normal t\u00eb muskujve, ruajtjen e funksionit normal psikologjik dhe ruajtjen e dh\u00ebmb\u00ebve normal\u00eb, merr pjes\u00eb n\u00eb ruajtjen e kockave normale dhe proceset metabolike normale q\u00eb prodhojn\u00eb energji dhe luan nj\u00eb rol n\u00eb ndarjen e qelizave dhe sintez\u00ebn normale t\u00eb proteinave.","breadcrumb":{"@id":"https:\/\/gjiniherbal.com\/produkt\/suplemente-vitamina\/magnez-vaj-100-ml\/#breadcrumb"},"inLanguage":"en-US","potentialAction":[{"@type":"ReadAction","target":["https:\/\/gjiniherbal.com\/produkt\/suplemente-vitamina\/magnez-vaj-100-ml\/"]}]},{"@type":"ImageObject","inLanguage":"en-US","@id":"https:\/\/gjiniherbal.com\/produkt\/suplemente-vitamina\/magnez-vaj-100-ml\/#primaryimage","url":"https:\/\/gjiniherbal.com\/wp-content\/uploads\/2024\/07\/magnesium-spray-web.webp","contentUrl":"https:\/\/gjiniherbal.com\/wp-content\/uploads\/2024\/07\/magnesium-spray-web.webp","width":1875,"height":1875,"caption":"magnez sprej"},{"@type":"BreadcrumbList","@id":"https:\/\/gjiniherbal.com\/produkt\/suplemente-vitamina\/magnez-vaj-100-ml\/#breadcrumb","itemListElement":[{"@type":"ListItem","position":1,"name":"Home","item":"https:\/\/gjiniherbal.com\/en_us\/"},{"@type":"ListItem","position":2,"name":"Shop","item":"https:\/\/gjiniherbal.com\/en_us\/shop\/"},{"@type":"ListItem","position":3,"name":"Vaj Magnezi 100 ml"}]},{"@type":"WebSite","@id":"https:\/\/gjiniherbal.com\/#website","url":"https:\/\/gjiniherbal.com\/","name":"Gjini Herbal","description":"Produkte Natyrale","publisher":{"@id":"https:\/\/gjiniherbal.com\/#organization"},"potentialAction":[{"@type":"SearchAction","target":{"@type":"EntryPoint","urlTemplate":"https:\/\/gjiniherbal.com\/?s={search_term_string}"},"query-input":{"@type":"PropertyValueSpecification","valueRequired":true,"valueName":"search_term_string"}}],"inLanguage":"en-US"},{"@type":"Organization","@id":"https:\/\/gjiniherbal.com\/#organization","name":"Gjini Herbal","url":"https:\/\/gjiniherbal.com\/","logo":{"@type":"ImageObject","inLanguage":"en-US","@id":"https:\/\/gjiniherbal.com\/#\/schema\/logo\/image\/","url":"https:\/\/gjiniherbal.com\/wp-content\/uploads\/2022\/07\/gjini-herbal-logo.png","contentUrl":"https:\/\/gjiniherbal.com\/wp-content\/uploads\/2022\/07\/gjini-herbal-logo.png","width":652,"height":262,"caption":"Gjini Herbal"},"image":{"@id":"https:\/\/gjiniherbal.com\/#\/schema\/logo\/image\/"},"sameAs":["https:\/\/facebook.com\/gjiniherbal","https:\/\/instagram.com\/gjiniherbal","https:\/\/www.youtube.com\/channel\/UC_tHHueG-qxycnvdro4jHtQ"]}]}},"jetpack-related-posts":[],"jetpack_sharing_enabled":true,"_links":{"self":[{"href":"https:\/\/gjiniherbal.com\/en_us\/wp-json\/wp\/v2\/product\/2887","targetHints":{"allow":["GET"]}}],"collection":[{"href":"https:\/\/gjiniherbal.com\/en_us\/wp-json\/wp\/v2\/product"}],"about":[{"href":"https:\/\/gjiniherbal.com\/en_us\/wp-json\/wp\/v2\/types\/product"}],"wp:featuredmedia":[{"embeddable":true,"href":"https:\/\/gjiniherbal.com\/en_us\/wp-json\/wp\/v2\/media\/2888"}],"wp:attachment":[{"href":"https:\/\/gjiniherbal.com\/en_us\/wp-json\/wp\/v2\/media?parent=2887"}],"wp:term":[{"taxonomy":"product_brand","embeddable":true,"href":"https:\/\/gjiniherbal.com\/en_us\/wp-json\/wp\/v2\/product_brand?post=2887"},{"taxonomy":"product_cat","embeddable":true,"href":"https:\/\/gjiniherbal.com\/en_us\/wp-json\/wp\/v2\/product_cat?post=2887"},{"taxonomy":"product_tag","embeddable":true,"href":"https:\/\/gjiniherbal.com\/en_us\/wp-json\/wp\/v2\/product_tag?post=2887"}],"curies":[{"name":"wp","href":"https:\/\/api.w.org\/{rel}","templated":true}]}}