{"id":2604,"date":"2024-05-14T10:43:14","date_gmt":"2024-05-14T08:43:14","guid":{"rendered":"https:\/\/gjiniherbal.com\/?post_type=product&#038;p=2604"},"modified":"2024-05-14T10:43:15","modified_gmt":"2024-05-14T08:43:15","slug":"vaji-i-fares-se-sheges-20-ml","status":"publish","type":"product","link":"https:\/\/gjiniherbal.com\/en_us\/product\/kujdes-i-lekures\/vaji-i-fares-se-sheges-20-ml\/","title":{"rendered":"Vaji i far\u00ebs s\u00eb sheg\u00ebs 20 ml"},"content":{"rendered":"<p>E njohur si &#8220;fruti i jet\u00ebs&#8221;, shega \u00ebsht\u00eb treguar n\u00eb disa shembuj t\u00eb kulturave n\u00eb bot\u00eb si nj\u00eb frut me vlera t\u00eb shumta. Vaji i farave t\u00eb sheg\u00ebs ushqen l\u00ebkur\u00ebn ton\u00eb me rezerv\u00ebn e saj masive t\u00eb vitamin\u00ebs C &#8211; nj\u00eb nga vitaminat m\u00eb t\u00eb m\u00ebdha n\u00eb kujdesin e l\u00ebkur\u00ebs. Ky vaj p\u00ebrmban gjithashtu acid punicik (Omega 5) i cili \u00ebsht\u00eb nj\u00eb nga acidet yndyrore m\u00eb interesante q\u00eb p\u00ebrdoret p\u00ebr t\u00eb luftuar plakjen e l\u00ebkur\u00ebs.<\/p>\n<p>Talya Herbal p\u00ebrdor farat e sheg\u00ebs me cil\u00ebsi m\u00eb t\u00eb lart\u00eb nga rajoni i Mesdheut p\u00ebr t\u00eb ofruar vajin m\u00eb t\u00eb mir\u00eb t\u00eb far\u00ebs s\u00eb sheg\u00ebs n\u00eb treg.<\/p>\n<p><strong>Vetit\u00eb:<\/strong> Rigjeneruese, Anti-Inflamatore, Antioksidante.<\/p>\n<p><strong>P\u00ebrdorimi:<\/strong> Aplikoni disa pika n\u00eb zon\u00ebn e nevojshme dhe aplikojeni duke masazhuar.<\/p>\n","protected":false},"excerpt":{"rendered":"<ul>\n<li>Ushqen l\u00ebkur\u00ebn ton\u00eb me rezerv\u00ebn e saj masive t\u00eb vitamin\u00ebs C &#8211; nj\u00eb nga vitaminat m\u00eb t\u00eb m\u00ebdha n\u00eb kujdesin e l\u00ebkur\u00ebs.<\/li>\n<li>P\u00ebrmban gjithashtu acid punicik (Omega 5) i cili \u00ebsht\u00eb nj\u00eb nga acidet yndyrore m\u00eb interesante q\u00eb p\u00ebrdoret p\u00ebr t\u00eb luftuar plakjen e l\u00ebkur\u00ebs.<\/li>\n<\/ul>\n","protected":false},"featured_media":2605,"template":"","meta":{"_acf_changed":false,"_et_pb_use_builder":"","_et_pb_old_content":"","_et_gb_content_width":"","_monsterinsights_skip_tracking":false,"_monsterinsights_sitenote_active":false,"_monsterinsights_sitenote_note":"","_monsterinsights_sitenote_category":0,"_joinchat":[]},"product_brand":[],"product_cat":[480,503],"product_tag":[879,986],"class_list":{"0":"post-2604","1":"product","2":"type-product","3":"status-publish","4":"has-post-thumbnail","6":"product_cat-kujdes-i-lekures","7":"product_cat-vajra-vegjetale","8":"product_tag-kujdesi-i-lekures","9":"product_tag-vaji-i-fares-se-sheges","11":"first","12":"instock","13":"shipping-taxable","14":"purchasable","15":"product-type-simple"},"acf":[],"jetpack-related-posts":[],"jetpack_sharing_enabled":true,"_links":{"self":[{"href":"https:\/\/gjiniherbal.com\/en_us\/wp-json\/wp\/v2\/product\/2604","targetHints":{"allow":["GET"]}}],"collection":[{"href":"https:\/\/gjiniherbal.com\/en_us\/wp-json\/wp\/v2\/product"}],"about":[{"href":"https:\/\/gjiniherbal.com\/en_us\/wp-json\/wp\/v2\/types\/product"}],"wp:featuredmedia":[{"embeddable":true,"href":"https:\/\/gjiniherbal.com\/en_us\/wp-json\/wp\/v2\/media\/2605"}],"wp:attachment":[{"href":"https:\/\/gjiniherbal.com\/en_us\/wp-json\/wp\/v2\/media?parent=2604"}],"wp:term":[{"taxonomy":"product_brand","embeddable":true,"href":"https:\/\/gjiniherbal.com\/en_us\/wp-json\/wp\/v2\/product_brand?post=2604"},{"taxonomy":"product_cat","embeddable":true,"href":"https:\/\/gjiniherbal.com\/en_us\/wp-json\/wp\/v2\/product_cat?post=2604"},{"taxonomy":"product_tag","embeddable":true,"href":"https:\/\/gjiniherbal.com\/en_us\/wp-json\/wp\/v2\/product_tag?post=2604"}],"curies":[{"name":"wp","href":"https:\/\/api.w.org\/{rel}","templated":true}]}}