{"id":2585,"date":"2024-05-13T13:55:13","date_gmt":"2024-05-13T11:55:13","guid":{"rendered":"https:\/\/gjiniherbal.com\/?post_type=product&#038;p=2585"},"modified":"2024-05-13T13:55:14","modified_gmt":"2024-05-13T11:55:14","slug":"vaji-i-fares-se-rrushit-20-ml","status":"publish","type":"product","link":"https:\/\/gjiniherbal.com\/en_us\/product\/kujdes-i-lekures\/vaji-i-fares-se-rrushit-20-ml\/","title":{"rendered":"Vaji i far\u00ebs s\u00eb rrushit 20 ml"},"content":{"rendered":"<p>Kompanit\u00eb e bukuris\u00eb p\u00ebrdorin gjer\u00ebsisht vajin e farave t\u00eb rrushit n\u00eb produktet e tyre t\u00eb kujdesit t\u00eb l\u00ebkur\u00ebs dhe flok\u00ebve. Vaji i far\u00ebs s\u00eb rrushit \u00ebsht\u00eb nj\u00eb antioksidant i fuqish\u00ebm, prandaj mbron l\u00ebkur\u00ebn nga efektet e plakjes. Vaji i far\u00ebs s\u00eb rrushit \u00ebsht\u00eb i pasur me vitamin\u00eb E dhe acid yndyror Omega-6, i cili \u00ebsht\u00eb i nevojsh\u00ebm p\u00ebr funksionimin e barrier\u00ebs s\u00eb l\u00ebkur\u00ebs. Ky vaj gjithashtu rrit sintez\u00ebn e kolagjenit. Vaji i far\u00ebs s\u00eb rrushit dep\u00ebrton shpejt n\u00eb l\u00ebkur\u00ebn tuaj dhe nuk e l\u00eb at\u00eb t\u00eb ndjehet e yndyrshme.<\/p>\n<p><strong>Vetit\u00eb:<\/strong> Kund\u00ebr plakjes, hidratuese, ndri\u00e7uese.<\/p>\n<p><strong>P\u00ebrdorimi:<\/strong> Aplikoni disa pika vaj n\u00eb zon\u00ebn e nevojshme dhe masazhojeni but\u00ebsisht. Mund t\u00eb p\u00ebrdoret si pastrues make up-i.<\/p>\n","protected":false},"excerpt":{"rendered":"<ul>\n<li>\u00cbsht\u00eb nj\u00eb antioksidant i fuqish\u00ebm, prandaj mbron l\u00ebkur\u00ebn nga efektet e plakjes.<\/li>\n<li>\u00cbsht\u00eb i pasur me vitamin\u00eb E dhe acid yndyror Omega-6, i cili \u00ebsht\u00eb i nevojsh\u00ebm p\u00ebr funksionimin e barrier\u00ebs s\u00eb l\u00ebkur\u00ebs.<\/li>\n<li>Rrit sintez\u00ebn e kolagjenit.<\/li>\n<li>Dep\u00ebrton shpejt n\u00eb l\u00ebkur\u00ebn tuaj dhe nuk e l\u00eb at\u00eb t\u00eb ndjehet e yndyrshme.<\/li>\n<\/ul>\n","protected":false},"featured_media":2586,"template":"","meta":{"_acf_changed":false,"_et_pb_use_builder":"","_et_pb_old_content":"","_et_gb_content_width":"","_monsterinsights_skip_tracking":false,"_monsterinsights_sitenote_active":false,"_monsterinsights_sitenote_note":"","_monsterinsights_sitenote_category":0,"_joinchat":[]},"product_brand":[],"product_cat":[480,922,831,503],"product_tag":[923,915,879],"class_list":{"0":"post-2585","1":"product","2":"type-product","3":"status-publish","4":"has-post-thumbnail","6":"product_cat-kujdes-i-lekures","7":"product_cat-kujdesi-i-flokeve","8":"product_cat-kujdesi-fytyres","9":"product_cat-vajra-vegjetale","10":"product_tag-kujdesi-i-flokeve","11":"product_tag-kujdesi-i-fytyres","12":"product_tag-kujdesi-i-lekures","14":"first","15":"instock","16":"shipping-taxable","17":"purchasable","18":"product-type-simple"},"acf":[],"jetpack-related-posts":[],"jetpack_sharing_enabled":true,"_links":{"self":[{"href":"https:\/\/gjiniherbal.com\/en_us\/wp-json\/wp\/v2\/product\/2585","targetHints":{"allow":["GET"]}}],"collection":[{"href":"https:\/\/gjiniherbal.com\/en_us\/wp-json\/wp\/v2\/product"}],"about":[{"href":"https:\/\/gjiniherbal.com\/en_us\/wp-json\/wp\/v2\/types\/product"}],"wp:featuredmedia":[{"embeddable":true,"href":"https:\/\/gjiniherbal.com\/en_us\/wp-json\/wp\/v2\/media\/2586"}],"wp:attachment":[{"href":"https:\/\/gjiniherbal.com\/en_us\/wp-json\/wp\/v2\/media?parent=2585"}],"wp:term":[{"taxonomy":"product_brand","embeddable":true,"href":"https:\/\/gjiniherbal.com\/en_us\/wp-json\/wp\/v2\/product_brand?post=2585"},{"taxonomy":"product_cat","embeddable":true,"href":"https:\/\/gjiniherbal.com\/en_us\/wp-json\/wp\/v2\/product_cat?post=2585"},{"taxonomy":"product_tag","embeddable":true,"href":"https:\/\/gjiniherbal.com\/en_us\/wp-json\/wp\/v2\/product_tag?post=2585"}],"curies":[{"name":"wp","href":"https:\/\/api.w.org\/{rel}","templated":true}]}}