{"id":2556,"date":"2024-05-10T11:40:50","date_gmt":"2024-05-10T09:40:50","guid":{"rendered":"https:\/\/gjiniherbal.com\/?post_type=product&#038;p=2556"},"modified":"2025-12-22T16:29:24","modified_gmt":"2025-12-22T15:29:24","slug":"kalcium-zink-magnez","status":"publish","type":"product","link":"https:\/\/gjiniherbal.com\/en_us\/product\/suplemente-vitamina\/kalcium-zink-magnez\/","title":{"rendered":"Kalcium &#8211; Zink &#8211; Magnez"},"content":{"rendered":"<p>Kalciumi \u00ebsht\u00eb thelb\u00ebsor p\u00ebr ruajtjen e kockave dhe dh\u00ebmb\u00ebve t\u00eb sh\u00ebndetsh\u00ebm dhe luan nj\u00eb rol n\u00eb funksionimin e duhur t\u00eb sistemit nervor, muskujve dhe zemr\u00ebs. P\u00ebrve\u00e7 k\u00ebsaj, zinku kontribuon n\u00eb ruajtjen e gjendjes normale t\u00eb flok\u00ebve, l\u00ebkur\u00ebs dhe thonjve. Magnezi gjithashtu luan nj\u00eb rol n\u00eb prodhimin e energjis\u00eb, funksionin e sistemit nervor, funksionin e muskujve dhe sh\u00ebndetin e kockave.<\/p>\n<p>Si\u00e7 mund ta shihni, kalciumi, zinku dhe magnezi kan\u00eb shum\u00eb p\u00ebrfitime. Kompleksi mineral Nutriversum Ca Zn Mg p\u00ebrmban mineralet e nevojshme n\u00eb nj\u00eb tablet\u00eb t\u00eb vetme.<\/p>\n<p>Formula jon\u00eb ofron nj\u00eb zgjidhje t\u00eb thjesht\u00eb dhe t\u00eb p\u00ebrshtatshme p\u00ebr marrjen e nj\u00eb game t\u00eb gjer\u00eb l\u00ebnd\u00ebsh ushqyese. Kalciumi, zinku dhe magnezi jan\u00eb t\u00eb gjitha minerale q\u00eb jan\u00eb thelb\u00ebsore p\u00ebr funksionimin e trupit ton\u00eb.<\/p>\n<p><strong>P\u00ebrb\u00ebr\u00ebsit:<\/strong> fosfatet e kalciumit, oksidi i magnezit, karbonat kalciumi, agjenti zmadhues (celuloza), agjent\u00ebt kund\u00ebr ngjitjes (dioksidi i silikonit, talk, krip\u00ebrat e magnezit t\u00eb acideve yndyrore), L-glutamin\u00eb, stabilizues [polivinilpirrolidoni, copciper, pVP] sulfat, bor.<\/p>\n<p><strong>P\u00ebrdorimi i sugjeruar:<\/strong> Merrni nj\u00eb doz\u00eb (1 tablet\u00eb) me nj\u00eb vakt me shum\u00eb l\u00ebngje.<\/p>\n<p><strong>Kujdes:<\/strong> Produkti nuk z\u00ebvend\u00ebson nj\u00eb diet\u00eb t\u00eb ekuilibruar dhe nj\u00eb m\u00ebnyr\u00eb jetese t\u00eb sh\u00ebndetshme! Mos e tejkaloni sasin\u00eb e rekomanduar t\u00eb konsumit ditor! Mbajeni larg nga f\u00ebmij\u00ebt e vegj\u00ebl!<\/p>\n<p><strong>Kushtet e ruajtjes:<\/strong> Ruani n\u00eb nj\u00eb gjendje t\u00eb mbyllur n\u00eb nj\u00eb temperatur\u00eb midis 5\u00b0C dhe 30\u00b0C, larg nxeht\u00ebsis\u00eb direkte, rrezet e diellit dhe lag\u00ebshtis\u00eb. Pas hapjes, mos e ruani produktin p\u00ebr m\u00eb shum\u00eb se 6 muaj.<\/p>\n<p><strong>Informacioni p\u00ebr alergjen\u00ebt:<\/strong> prodhuar n\u00eb nj\u00eb bim\u00eb q\u00eb p\u00ebrpunon glutenin, qum\u00ebshtin, sojen, vez\u00ebt dhe kikirik\u00ebt.<\/p>\n","protected":false},"excerpt":{"rendered":"<ul>\n<li>Kalciumi \u00ebsht\u00eb thelb\u00ebsor p\u00ebr ruajtjen e kockave dhe dh\u00ebmb\u00ebve t\u00eb sh\u00ebndetsh\u00ebm dhe luan nj\u00eb rol n\u00eb funksionimin e duhur t\u00eb sistemit nervor, muskujve dhe zemr\u00ebs.<\/li>\n<li>Zinku kontribuon n\u00eb ruajtjen e gjendjes normale t\u00eb flok\u00ebve, l\u00ebkur\u00ebs dhe thonjve.<\/li>\n<li>Magnezi luan nj\u00eb rol n\u00eb prodhimin e energjis\u00eb, funksionin e sistemit nervor, funksionin e muskujve dhe sh\u00ebndetin e kockave.<\/li>\n<\/ul>\n","protected":false},"featured_media":2557,"template":"","meta":{"_acf_changed":false,"_et_pb_use_builder":"","_et_pb_old_content":"","_et_gb_content_width":"","_monsterinsights_skip_tracking":false,"_monsterinsights_sitenote_active":false,"_monsterinsights_sitenote_note":"","_monsterinsights_sitenote_category":0,"_joinchat":[]},"product_brand":[],"product_cat":[457],"product_tag":[464,459,834,614,844],"class_list":{"0":"post-2556","1":"product","2":"type-product","3":"status-publish","4":"has-post-thumbnail","6":"product_cat-suplemente-vitamina","7":"product_tag-kalcium","8":"product_tag-magnez","9":"product_tag-suplemente","10":"product_tag-vitamina","11":"product_tag-zink","13":"first","14":"outofstock","15":"shipping-taxable","16":"purchasable","17":"product-type-simple"},"acf":[],"jetpack-related-posts":[],"jetpack_sharing_enabled":true,"_links":{"self":[{"href":"https:\/\/gjiniherbal.com\/en_us\/wp-json\/wp\/v2\/product\/2556","targetHints":{"allow":["GET"]}}],"collection":[{"href":"https:\/\/gjiniherbal.com\/en_us\/wp-json\/wp\/v2\/product"}],"about":[{"href":"https:\/\/gjiniherbal.com\/en_us\/wp-json\/wp\/v2\/types\/product"}],"wp:featuredmedia":[{"embeddable":true,"href":"https:\/\/gjiniherbal.com\/en_us\/wp-json\/wp\/v2\/media\/2557"}],"wp:attachment":[{"href":"https:\/\/gjiniherbal.com\/en_us\/wp-json\/wp\/v2\/media?parent=2556"}],"wp:term":[{"taxonomy":"product_brand","embeddable":true,"href":"https:\/\/gjiniherbal.com\/en_us\/wp-json\/wp\/v2\/product_brand?post=2556"},{"taxonomy":"product_cat","embeddable":true,"href":"https:\/\/gjiniherbal.com\/en_us\/wp-json\/wp\/v2\/product_cat?post=2556"},{"taxonomy":"product_tag","embeddable":true,"href":"https:\/\/gjiniherbal.com\/en_us\/wp-json\/wp\/v2\/product_tag?post=2556"}],"curies":[{"name":"wp","href":"https:\/\/api.w.org\/{rel}","templated":true}]}}