{"id":2417,"date":"2024-03-07T17:11:24","date_gmt":"2024-03-07T16:11:24","guid":{"rendered":"https:\/\/gjiniherbal.com\/?post_type=product&#038;p=2417"},"modified":"2024-03-07T17:23:14","modified_gmt":"2024-03-07T16:23:14","slug":"vaj-susami-50-ml","status":"publish","type":"product","link":"https:\/\/gjiniherbal.com\/en_us\/product\/kujdesi-i-flokeve\/vaj-susami-50-ml\/","title":{"rendered":"Vaj susami 50 ml"},"content":{"rendered":"<p>Duke qen\u00eb se vaji i susamit ka sasi t\u00eb lart\u00eb viskoziteti, ai \u00ebsht\u00eb n\u00eb gjendje t\u00eb dep\u00ebrtoj\u00eb thell\u00eb n\u00eb poret duke prodhuar nj\u00eb efekt detoksifikues dhe duke e l\u00ebn\u00eb l\u00ebkur\u00ebn t\u00eb ndjehet e ngroht\u00eb dhe e fresk\u00ebt. Kjo veti e b\u00ebn at\u00eb ideal p\u00ebr t&#8217;u p\u00ebrdorur p\u00ebr s\u00ebmundje t\u00eb l\u00ebkur\u00ebs si ekzema. Mund t\u00eb jet\u00eb gjithashtu i dobish\u00ebm n\u00eb reduktimin e akneve dhe pu\u00e7rrave ekzistuese dhe mund t\u00eb parandaloj\u00eb pikat e zeza p\u00ebr shkak t\u00eb vetive t\u00eb tij anti-bakteriale dhe anti-mykotike.<\/p>\n<p>P\u00ebrve\u00e7 k\u00ebsaj, vaji i susamit ndihmon n\u00eb riparimin e qelizave t\u00eb d\u00ebmtuara t\u00eb l\u00ebkur\u00ebs. Prania e acideve yndyrore si acidi oleik, palmitik, stearik dhe linoleik, e b\u00ebn at\u00eb nj\u00eb hidratues ideal, duke e mbajtur l\u00ebkur\u00ebn t\u00eb but\u00eb dhe t\u00eb but\u00eb. I pasur n\u00eb t\u00eb dy vitaminat A dhe E, sesameoilis i shk\u00eblqyesh\u00ebm p\u00ebr reduktimin e rrudhave, linjave t\u00eb holla dhe poreve t\u00eb zmadhuara. Gjithashtu mund t\u00eb ndihmoj\u00eb q\u00eb flok\u00ebt tuaj t\u00eb duken me shk\u00eblqim.<\/p>\n<p>Talya Herbal p\u00ebrdor farat e susamit t\u00eb cil\u00ebsis\u00eb m\u00eb t\u00eb lart\u00eb nga rajoni i Mesdheut p\u00ebr t\u00eb ofruar vajin m\u00eb t\u00eb mir\u00eb t\u00eb susamit n\u00eb treg.<\/p>\n<p><strong>Vetit\u00eb:<\/strong> Hidratues, Anti-plakje, Antioksidant.<\/p>\n<p><strong>P\u00ebrdorimi:<\/strong> Aplikoni disa pika vaj n\u00eb l\u00ebkur\u00eb ose flok\u00eb.<\/p>\n","protected":false},"excerpt":{"rendered":"<ul>\n<li>I dobish\u00ebm n\u00eb reduktimin e akneve dhe pu\u00e7rrave ekzistuese dhe mund t\u00eb parandaloj\u00eb pikat e zeza.<\/li>\n<li>Ndihmon n\u00eb riparimin e qelizave t\u00eb d\u00ebmtuara t\u00eb l\u00ebkur\u00ebs.<\/li>\n<li>I shk\u00eblqyesh\u00ebm p\u00ebr reduktimin e rrudhave, linjave t\u00eb holla dhe poreve t\u00eb zmadhuara.<\/li>\n<li>Mund t\u00eb ndihmoj\u00eb q\u00eb flok\u00ebt tuaj t\u00eb duken me shk\u00eblqim.<\/li>\n<\/ul>\n","protected":false},"featured_media":2418,"template":"","meta":{"_acf_changed":false,"_et_pb_use_builder":"","_et_pb_old_content":"","_et_gb_content_width":"","_monsterinsights_skip_tracking":false,"_monsterinsights_sitenote_active":false,"_monsterinsights_sitenote_note":"","_monsterinsights_sitenote_category":0,"_joinchat":[]},"product_brand":[],"product_cat":[922,831,480,503],"product_tag":[923,915,879,681,839],"class_list":{"0":"post-2417","1":"product","2":"type-product","3":"status-publish","4":"has-post-thumbnail","6":"product_cat-kujdesi-i-flokeve","7":"product_cat-kujdesi-fytyres","8":"product_cat-kujdes-i-lekures","9":"product_cat-vajra-vegjetale","10":"product_tag-kujdesi-i-flokeve","11":"product_tag-kujdesi-i-fytyres","12":"product_tag-kujdesi-i-lekures","13":"product_tag-vaj-susami","14":"product_tag-vaj-vegjetal","16":"first","17":"instock","18":"shipping-taxable","19":"purchasable","20":"product-type-simple"},"acf":[],"jetpack-related-posts":[],"jetpack_sharing_enabled":true,"_links":{"self":[{"href":"https:\/\/gjiniherbal.com\/en_us\/wp-json\/wp\/v2\/product\/2417","targetHints":{"allow":["GET"]}}],"collection":[{"href":"https:\/\/gjiniherbal.com\/en_us\/wp-json\/wp\/v2\/product"}],"about":[{"href":"https:\/\/gjiniherbal.com\/en_us\/wp-json\/wp\/v2\/types\/product"}],"wp:featuredmedia":[{"embeddable":true,"href":"https:\/\/gjiniherbal.com\/en_us\/wp-json\/wp\/v2\/media\/2418"}],"wp:attachment":[{"href":"https:\/\/gjiniherbal.com\/en_us\/wp-json\/wp\/v2\/media?parent=2417"}],"wp:term":[{"taxonomy":"product_brand","embeddable":true,"href":"https:\/\/gjiniherbal.com\/en_us\/wp-json\/wp\/v2\/product_brand?post=2417"},{"taxonomy":"product_cat","embeddable":true,"href":"https:\/\/gjiniherbal.com\/en_us\/wp-json\/wp\/v2\/product_cat?post=2417"},{"taxonomy":"product_tag","embeddable":true,"href":"https:\/\/gjiniherbal.com\/en_us\/wp-json\/wp\/v2\/product_tag?post=2417"}],"curies":[{"name":"wp","href":"https:\/\/api.w.org\/{rel}","templated":true}]}}