{"id":2390,"date":"2024-03-07T15:56:27","date_gmt":"2024-03-07T14:56:27","guid":{"rendered":"https:\/\/gjiniherbal.com\/?post_type=product&#038;p=2390"},"modified":"2024-03-07T15:57:12","modified_gmt":"2024-03-07T14:57:12","slug":"vaj-aloe-vera-20-ml","status":"publish","type":"product","link":"https:\/\/gjiniherbal.com\/en_us\/product\/kujdesi-i-flokeve\/vaj-aloe-vera-20-ml\/","title":{"rendered":"Vaj aloe vera 20 ml"},"content":{"rendered":"<p>Aloe Vera \u00ebsht\u00eb nj\u00eb specie bimore e shijshme e gjinis\u00eb Aloe. Kjo bim\u00eb \u00ebsht\u00eb njohur dhe p\u00ebrdorur prej shekujsh p\u00ebr vetit\u00eb e sh\u00ebndetit, bukuris\u00eb, medicinale dhe t\u00eb kujdesit t\u00eb l\u00ebkur\u00ebs. Vaji i Aloe Ver\u00ebs \u00ebsht\u00eb efektiv p\u00ebr sh\u00ebrimin e plag\u00ebve dhe djegieve, trajtimin e akneve dhe njollave t\u00eb l\u00ebkur\u00ebs dhe kund\u00ebr r\u00ebnies s\u00eb flok\u00ebve. Leht\u00ebson kruajtjen e shkaktuar nga ekzema.<\/p>\n<p><strong>Vetit\u00eb<\/strong>: Hidratues, rigjenerues, anti-inflamator.<\/p>\n<p><strong>P\u00ebrdorimi Topik<\/strong>: Aplikoni disa pika vaj n\u00eb zon\u00ebn e nevojshme.<\/p>\n","protected":false},"excerpt":{"rendered":"<ul>\n<li>\u00cbsht\u00eb efektiv p\u00ebr sh\u00ebrimin e plag\u00ebve dhe djegieve, trajtimin e akneve dhe njollave t\u00eb l\u00ebkur\u00ebs.<\/li>\n<li>Kund\u00ebr r\u00ebnies s\u00eb flok\u00ebve.<\/li>\n<li>Leht\u00ebson kruajtjen e shkaktuar nga ekzema.<\/li>\n<\/ul>\n","protected":false},"featured_media":2391,"template":"","meta":{"_acf_changed":false,"_et_pb_use_builder":"","_et_pb_old_content":"","_et_gb_content_width":"","_monsterinsights_skip_tracking":false,"_monsterinsights_sitenote_active":false,"_monsterinsights_sitenote_note":"","_monsterinsights_sitenote_category":0,"_joinchat":[]},"product_brand":[],"product_cat":[922,831,480,503],"product_tag":[506,923,915,879],"class_list":{"0":"post-2390","1":"product","2":"type-product","3":"status-publish","4":"has-post-thumbnail","6":"product_cat-kujdesi-i-flokeve","7":"product_cat-kujdesi-fytyres","8":"product_cat-kujdes-i-lekures","9":"product_cat-vajra-vegjetale","10":"product_tag-aloe-vera","11":"product_tag-kujdesi-i-flokeve","12":"product_tag-kujdesi-i-fytyres","13":"product_tag-kujdesi-i-lekures","15":"first","16":"instock","17":"shipping-taxable","18":"purchasable","19":"product-type-simple"},"acf":[],"jetpack-related-posts":[],"jetpack_sharing_enabled":true,"_links":{"self":[{"href":"https:\/\/gjiniherbal.com\/en_us\/wp-json\/wp\/v2\/product\/2390","targetHints":{"allow":["GET"]}}],"collection":[{"href":"https:\/\/gjiniherbal.com\/en_us\/wp-json\/wp\/v2\/product"}],"about":[{"href":"https:\/\/gjiniherbal.com\/en_us\/wp-json\/wp\/v2\/types\/product"}],"wp:featuredmedia":[{"embeddable":true,"href":"https:\/\/gjiniherbal.com\/en_us\/wp-json\/wp\/v2\/media\/2391"}],"wp:attachment":[{"href":"https:\/\/gjiniherbal.com\/en_us\/wp-json\/wp\/v2\/media?parent=2390"}],"wp:term":[{"taxonomy":"product_brand","embeddable":true,"href":"https:\/\/gjiniherbal.com\/en_us\/wp-json\/wp\/v2\/product_brand?post=2390"},{"taxonomy":"product_cat","embeddable":true,"href":"https:\/\/gjiniherbal.com\/en_us\/wp-json\/wp\/v2\/product_cat?post=2390"},{"taxonomy":"product_tag","embeddable":true,"href":"https:\/\/gjiniherbal.com\/en_us\/wp-json\/wp\/v2\/product_tag?post=2390"}],"curies":[{"name":"wp","href":"https:\/\/api.w.org\/{rel}","templated":true}]}}