{"id":2385,"date":"2024-03-07T15:47:38","date_gmt":"2024-03-07T14:47:38","guid":{"rendered":"https:\/\/gjiniherbal.com\/?post_type=product&#038;p=2385"},"modified":"2024-03-07T15:47:39","modified_gmt":"2024-03-07T14:47:39","slug":"vaj-jojoba-20-ml","status":"publish","type":"product","link":"https:\/\/gjiniherbal.com\/en_us\/product\/kujdesi-i-flokeve\/vaj-jojoba-20-ml\/","title":{"rendered":"Vaj jojoba 20 ml"},"content":{"rendered":"<p>Vaji jojoba \u00ebsht\u00eb shum\u00eb i pasur me vitamina E dhe B dhe minerale. \u00cbsht\u00eb anti-bakterial, anti-inflamator dhe jo toksik. Kjo e b\u00ebn vajin e jojob\u00ebs jasht\u00ebzakonisht t\u00eb dobish\u00ebm p\u00ebr flok\u00ebt, l\u00ebkur\u00ebn dhe trupin. \u00cbsht\u00eb i p\u00ebrshtatsh\u00ebm p\u00ebr t\u00eb gjitha llojet e l\u00ebkur\u00ebs.<\/p>\n<p>Vaji jojoba mund t\u00eb p\u00ebrdoret n\u00eb kombinim me vajra t\u00eb tjer\u00eb esencial\u00eb p\u00ebr p\u00ebrfitim m\u00eb t\u00eb madh. Vaji jojoba riparon flok\u00ebt dhe i b\u00ebn ata t\u00eb duken me shk\u00eblqim.<\/p>\n<p><strong>Vetit\u00eb<\/strong>: Antibakteriale, hidratuese, kund\u00ebr zbokthit.<\/p>\n<p><strong>P\u00ebrdorimi Lokal<\/strong>: Aplikoni disa pika vaj n\u00eb zon\u00ebn e nevojshme ose n\u00eb flok\u00eb. Mund t\u00eb p\u00ebrdoret si pastrues make up-i.<\/p>\n","protected":false},"excerpt":{"rendered":"<ul>\n<li>Ndihmon n\u00eb rregullimin e ekuilibrit t\u00eb sebumit n\u00eb l\u00ebkur\u00eb.<\/li>\n<li>Ndihmon n\u00eb hidratimin dhe zbutjen e l\u00ebkur\u00ebs.<\/li>\n<li>Ndihmon n\u00eb parandalimin e rrudhave t\u00eb l\u00ebkur\u00ebs.<\/li>\n<li>Ndihmon n\u00eb ushqyerjen e flok\u00ebve, rritjen e sh\u00ebndetshme dhe parandalimin e formimit t\u00eb zbokthit.<\/li>\n<\/ul>\n","protected":false},"featured_media":2386,"template":"","meta":{"_acf_changed":false,"_et_pb_use_builder":"","_et_pb_old_content":"","_et_gb_content_width":"","_monsterinsights_skip_tracking":false,"_monsterinsights_sitenote_active":false,"_monsterinsights_sitenote_note":"","_monsterinsights_sitenote_category":0,"_joinchat":[]},"product_brand":[],"product_cat":[922,480,503],"product_tag":[963,923,879,839],"class_list":{"0":"post-2385","1":"product","2":"type-product","3":"status-publish","4":"has-post-thumbnail","6":"product_cat-kujdesi-i-flokeve","7":"product_cat-kujdes-i-lekures","8":"product_cat-vajra-vegjetale","9":"product_tag-jojoba","10":"product_tag-kujdesi-i-flokeve","11":"product_tag-kujdesi-i-lekures","12":"product_tag-vaj-vegjetal","14":"first","15":"instock","16":"shipping-taxable","17":"purchasable","18":"product-type-simple"},"acf":[],"jetpack-related-posts":[],"jetpack_sharing_enabled":true,"_links":{"self":[{"href":"https:\/\/gjiniherbal.com\/en_us\/wp-json\/wp\/v2\/product\/2385","targetHints":{"allow":["GET"]}}],"collection":[{"href":"https:\/\/gjiniherbal.com\/en_us\/wp-json\/wp\/v2\/product"}],"about":[{"href":"https:\/\/gjiniherbal.com\/en_us\/wp-json\/wp\/v2\/types\/product"}],"wp:featuredmedia":[{"embeddable":true,"href":"https:\/\/gjiniherbal.com\/en_us\/wp-json\/wp\/v2\/media\/2386"}],"wp:attachment":[{"href":"https:\/\/gjiniherbal.com\/en_us\/wp-json\/wp\/v2\/media?parent=2385"}],"wp:term":[{"taxonomy":"product_brand","embeddable":true,"href":"https:\/\/gjiniherbal.com\/en_us\/wp-json\/wp\/v2\/product_brand?post=2385"},{"taxonomy":"product_cat","embeddable":true,"href":"https:\/\/gjiniherbal.com\/en_us\/wp-json\/wp\/v2\/product_cat?post=2385"},{"taxonomy":"product_tag","embeddable":true,"href":"https:\/\/gjiniherbal.com\/en_us\/wp-json\/wp\/v2\/product_tag?post=2385"}],"curies":[{"name":"wp","href":"https:\/\/api.w.org\/{rel}","templated":true}]}}