{"id":2380,"date":"2024-03-07T15:32:54","date_gmt":"2024-03-07T14:32:54","guid":{"rendered":"https:\/\/gjiniherbal.com\/?post_type=product&#038;p=2380"},"modified":"2024-03-07T15:32:54","modified_gmt":"2024-03-07T14:32:54","slug":"vaji-i-geshtenjes-se-kalit-20-ml","status":"publish","type":"product","link":"https:\/\/gjiniherbal.com\/en_us\/product\/vajra-vegjetale\/vaji-i-geshtenjes-se-kalit-20-ml\/","title":{"rendered":"Vaji i g\u00ebshtenj\u00ebs s\u00eb kalit 20 ml"},"content":{"rendered":"<p>G\u00ebshtenja e kalit \u00ebsht\u00eb nj\u00eb pem\u00eb gjether\u00ebn\u00ebse e llojit q\u00eb p\u00ebrdoret p\u00ebr dekorimin e kopshteve dhe parqeve. Bima ka veti medicinale.<\/p>\n<p>Dihet se vaji i g\u00ebshtenj\u00ebs s\u00eb kalit ndihmon n\u00eb parandalimin e venave me vari\u00e7e. Gjithashtu ndihmon n\u00eb leht\u00ebsimin e dhimbjeve t\u00eb trupit dhe \u00ebsht\u00eb efektiv kund\u00ebr r\u00ebnies s\u00eb flok\u00ebve.<\/p>\n<p><strong>Vetit\u00eb<\/strong>: Kund\u00ebr varikoz\u00ebs, Analgjezik, Kund\u00ebr r\u00ebnies s\u00eb flok\u00ebve.<\/p>\n<p><strong>P\u00ebrdorimi i jasht\u00ebm<\/strong>: Disa pika mund t\u00eb aplikohen n\u00eb zon\u00ebn e nevojshme.<\/p>\n","protected":false},"excerpt":{"rendered":"<ul>\n<li>Ndihmon n\u00eb parandalimin e venave me vari\u00e7e.<\/li>\n<li>Ndihmon n\u00eb leht\u00ebsimin e dhimbjeve t\u00eb trupit.<\/li>\n<li>\u00cbsht\u00eb efektiv kund\u00ebr r\u00ebnies s\u00eb flok\u00ebve.<\/li>\n<\/ul>\n","protected":false},"featured_media":2381,"template":"","meta":{"_acf_changed":false,"_et_pb_use_builder":"","_et_pb_old_content":"","_et_gb_content_width":"","_monsterinsights_skip_tracking":false,"_monsterinsights_sitenote_active":false,"_monsterinsights_sitenote_note":"","_monsterinsights_sitenote_category":0,"_joinchat":[]},"product_brand":[],"product_cat":[503,922,480],"product_tag":[923,879,839,962],"class_list":{"0":"post-2380","1":"product","2":"type-product","3":"status-publish","4":"has-post-thumbnail","6":"product_cat-vajra-vegjetale","7":"product_cat-kujdesi-i-flokeve","8":"product_cat-kujdes-i-lekures","9":"product_tag-kujdesi-i-flokeve","10":"product_tag-kujdesi-i-lekures","11":"product_tag-vaj-vegjetal","12":"product_tag-vaji-i-geshtenjes-se-kalit","14":"first","15":"instock","16":"shipping-taxable","17":"purchasable","18":"product-type-simple"},"acf":[],"jetpack-related-posts":[],"jetpack_sharing_enabled":true,"_links":{"self":[{"href":"https:\/\/gjiniherbal.com\/en_us\/wp-json\/wp\/v2\/product\/2380","targetHints":{"allow":["GET"]}}],"collection":[{"href":"https:\/\/gjiniherbal.com\/en_us\/wp-json\/wp\/v2\/product"}],"about":[{"href":"https:\/\/gjiniherbal.com\/en_us\/wp-json\/wp\/v2\/types\/product"}],"wp:featuredmedia":[{"embeddable":true,"href":"https:\/\/gjiniherbal.com\/en_us\/wp-json\/wp\/v2\/media\/2381"}],"wp:attachment":[{"href":"https:\/\/gjiniherbal.com\/en_us\/wp-json\/wp\/v2\/media?parent=2380"}],"wp:term":[{"taxonomy":"product_brand","embeddable":true,"href":"https:\/\/gjiniherbal.com\/en_us\/wp-json\/wp\/v2\/product_brand?post=2380"},{"taxonomy":"product_cat","embeddable":true,"href":"https:\/\/gjiniherbal.com\/en_us\/wp-json\/wp\/v2\/product_cat?post=2380"},{"taxonomy":"product_tag","embeddable":true,"href":"https:\/\/gjiniherbal.com\/en_us\/wp-json\/wp\/v2\/product_tag?post=2380"}],"curies":[{"name":"wp","href":"https:\/\/api.w.org\/{rel}","templated":true}]}}