{"id":2309,"date":"2024-01-27T12:47:59","date_gmt":"2024-01-27T11:47:59","guid":{"rendered":"https:\/\/gjiniherbal.com\/?post_type=product&#038;p=2309"},"modified":"2024-01-27T12:49:42","modified_gmt":"2024-01-27T11:49:42","slug":"vaji-i-farave-te-kungullit-20-ml","status":"publish","type":"product","link":"https:\/\/gjiniherbal.com\/en_us\/product\/vajra-vegjetale\/vaji-i-farave-te-kungullit-20-ml\/","title":{"rendered":"Vaji i farave t\u00eb kungullit 20 ml"},"content":{"rendered":"<p>Vaji i far\u00ebs s\u00eb kungullit \u00ebsht\u00eb p\u00ebrdorur historikisht p\u00ebr t\u00eb ofruar mb\u00ebshtetje ushqyese p\u00ebr prostat\u00ebn. \u00cbsht\u00eb i pasur me zink, i cili \u00ebsht\u00eb jetik p\u00ebr funksionin normal t\u00eb prostat\u00ebs.<\/p>\n<p>Talya Herbal prodhon vajin e farave t\u00eb kungullit me metod\u00ebn e shtypjes s\u00eb ftoht\u00eb me farat e kungullit t\u00eb cil\u00ebsis\u00eb m\u00eb t\u00eb lart\u00eb nga rajoni i Mesdheut.<\/p>\n<p><strong>P\u00ebrfitimet:<\/strong><\/p>\n<p>\u00b7 Mb\u00ebshtet sh\u00ebndetin kardiovaskular dhe metabolizmin e sheqerit n\u00eb gjak<br \/>\n\u00b7 Ndihmon n\u00eb ruajtjen e sh\u00ebndetit t\u00eb prostat\u00ebs<\/p>\n<p><strong>P\u00ebrdorimi i sugjeruar:<\/strong> Si nj\u00eb shtes\u00eb diete rekomandohet t\u00eb merrni 2 lug\u00eb gjelle dy her\u00eb n\u00eb dit\u00eb, drejtp\u00ebrdrejt ose n\u00eb nj\u00eb sasi t\u00eb vog\u00ebl uji.<\/p>\n","protected":false},"excerpt":{"rendered":"<ul>\n<li>Mb\u00ebshtet sh\u00ebndetin kardiovaskular dhe metabolizmin e sheqerit n\u00eb gjak<\/li>\n<li>Ndihmon n\u00eb ruajtjen e sh\u00ebndetit t\u00eb prostat\u00ebs<\/li>\n<\/ul>\n","protected":false},"featured_media":2310,"template":"","meta":{"_acf_changed":false,"_et_pb_use_builder":"","_et_pb_old_content":"","_et_gb_content_width":"","_monsterinsights_skip_tracking":false,"_monsterinsights_sitenote_active":false,"_monsterinsights_sitenote_note":"","_monsterinsights_sitenote_category":0,"_joinchat":[]},"product_brand":[],"product_cat":[503],"product_tag":[839,953],"class_list":{"0":"post-2309","1":"product","2":"type-product","3":"status-publish","4":"has-post-thumbnail","6":"product_cat-vajra-vegjetale","7":"product_tag-vaj-vegjetal","8":"product_tag-vaji-i-farave-te-kungullit","10":"first","11":"instock","12":"shipping-taxable","13":"purchasable","14":"product-type-simple"},"acf":[],"jetpack-related-posts":[],"jetpack_sharing_enabled":true,"_links":{"self":[{"href":"https:\/\/gjiniherbal.com\/en_us\/wp-json\/wp\/v2\/product\/2309","targetHints":{"allow":["GET"]}}],"collection":[{"href":"https:\/\/gjiniherbal.com\/en_us\/wp-json\/wp\/v2\/product"}],"about":[{"href":"https:\/\/gjiniherbal.com\/en_us\/wp-json\/wp\/v2\/types\/product"}],"wp:featuredmedia":[{"embeddable":true,"href":"https:\/\/gjiniherbal.com\/en_us\/wp-json\/wp\/v2\/media\/2310"}],"wp:attachment":[{"href":"https:\/\/gjiniherbal.com\/en_us\/wp-json\/wp\/v2\/media?parent=2309"}],"wp:term":[{"taxonomy":"product_brand","embeddable":true,"href":"https:\/\/gjiniherbal.com\/en_us\/wp-json\/wp\/v2\/product_brand?post=2309"},{"taxonomy":"product_cat","embeddable":true,"href":"https:\/\/gjiniherbal.com\/en_us\/wp-json\/wp\/v2\/product_cat?post=2309"},{"taxonomy":"product_tag","embeddable":true,"href":"https:\/\/gjiniherbal.com\/en_us\/wp-json\/wp\/v2\/product_tag?post=2309"}],"curies":[{"name":"wp","href":"https:\/\/api.w.org\/{rel}","templated":true}]}}