{"id":2293,"date":"2024-01-27T11:51:57","date_gmt":"2024-01-27T10:51:57","guid":{"rendered":"https:\/\/gjiniherbal.com\/?post_type=product&#038;p=2293"},"modified":"2026-02-18T23:03:09","modified_gmt":"2026-02-18T22:03:09","slug":"vaj-lavandule-20-ml","status":"publish","type":"product","link":"https:\/\/gjiniherbal.com\/en_us\/product\/vajra-esenciale\/vaj-lavandule-20-ml\/","title":{"rendered":"Vaj lavandule 20 ml"},"content":{"rendered":"<p>Livanda \u00ebsht\u00eb nj\u00eb bim\u00eb lul\u00ebzuar n\u00eb familjen e nenexhikut, Lamiaceae. Vaji esencial i livand\u00ebs \u00ebsht\u00eb vaji esencial m\u00eb i p\u00ebrdorur n\u00eb bot\u00eb sot, por p\u00ebrfitimet e livand\u00ebs u zbuluan mbi 2500 vjet m\u00eb par\u00eb. Aroma klasike e livand\u00ebs ngjall ndjenj\u00ebn e freskis\u00eb, bukuris\u00eb s\u00eb luleve, past\u00ebrtis\u00eb dhe qet\u00ebsis\u00eb.<\/p>\n<p>Talya Herbal p\u00ebrdor livando me cil\u00ebsi m\u00eb t\u00eb lart\u00eb nga rajoni i Mesdheut p\u00ebr t\u00eb ofruar vajin m\u00eb t\u00eb mir\u00eb t\u00eb livand\u00ebs n\u00eb treg.<\/p>\n<p><strong>P\u00ebrdorimi i sugjeruar<\/strong><\/p>\n<p><strong>Aromaterapia:<\/strong> Shtoni 4-5 pika n\u00eb difuzerin tuaj p\u00ebr t\u00eb mbushur dhom\u00ebn me k\u00ebt\u00eb arom\u00eb t\u00eb mrekullueshme t\u00eb natyr\u00ebs.<\/p>\n<p><strong>P\u00ebrdorimi Topik:<\/strong> Shtoni 4-5 pika vaj livande n\u00eb 10 ml vaj St. John&#8217;s Wort ose vaj t\u00eb farave t\u00eb sheg\u00ebs. Aplikojeni but\u00ebsisht derisa t\u00eb p\u00ebrthithet.<\/p>\n<p><strong>Banj\u00eb\/Dush:<\/strong> P\u00ebrzieni 5 pika vaj livande me 10 ml vaj Jojoba ose kokosi dhe derdhni p\u00ebrzierjen n\u00eb vask\u00ebn tuaj p\u00ebr nj\u00eb banj\u00eb relaksuese dhe terapeutike.<\/p>\n","protected":false},"excerpt":{"rendered":"<ul>\n<li>Ka nj\u00eb efekt p\u00ebr t\u00eb ndihmuar trupin t\u00eb relaksohet, \u00ebsht\u00eb i njohur p\u00ebr arom\u00ebn e tij t\u00eb luleve.<\/li>\n<li>Ndihmon l\u00ebkur\u00ebn tuaj t\u00eb duket m\u00eb e sh\u00ebndetshme dhe m\u00eb e bukur dhe trupin tuaj t\u00eb relaksohet, p\u00ebrdoret n\u00eb parfume, aromat e dhomave dhe sp\u00ebrkatjet e trupit me arom\u00ebn e saj unike.<\/li>\n<li>P\u00ebrdoret gjithashtu n\u00eb produkte pastrimi si sapun, zbut\u00ebs dhe detergjent.<\/li>\n<\/ul>\n","protected":false},"featured_media":2294,"template":"","meta":{"_acf_changed":false,"_et_pb_use_builder":"","_et_pb_old_content":"","_et_gb_content_width":"","_monsterinsights_skip_tracking":false,"_monsterinsights_sitenote_active":false,"_monsterinsights_sitenote_note":"","_monsterinsights_sitenote_category":0,"_joinchat":[]},"product_brand":[],"product_cat":[830],"product_tag":[674,951],"class_list":{"0":"post-2293","1":"product","2":"type-product","3":"status-publish","4":"has-post-thumbnail","6":"product_cat-vajra-esenciale","7":"product_tag-vaj-esencial","8":"product_tag-vaj-lavandule","10":"first","11":"instock","12":"shipping-taxable","13":"purchasable","14":"product-type-simple"},"acf":[],"jetpack-related-posts":[],"jetpack_sharing_enabled":true,"_links":{"self":[{"href":"https:\/\/gjiniherbal.com\/en_us\/wp-json\/wp\/v2\/product\/2293","targetHints":{"allow":["GET"]}}],"collection":[{"href":"https:\/\/gjiniherbal.com\/en_us\/wp-json\/wp\/v2\/product"}],"about":[{"href":"https:\/\/gjiniherbal.com\/en_us\/wp-json\/wp\/v2\/types\/product"}],"wp:featuredmedia":[{"embeddable":true,"href":"https:\/\/gjiniherbal.com\/en_us\/wp-json\/wp\/v2\/media\/2294"}],"wp:attachment":[{"href":"https:\/\/gjiniherbal.com\/en_us\/wp-json\/wp\/v2\/media?parent=2293"}],"wp:term":[{"taxonomy":"product_brand","embeddable":true,"href":"https:\/\/gjiniherbal.com\/en_us\/wp-json\/wp\/v2\/product_brand?post=2293"},{"taxonomy":"product_cat","embeddable":true,"href":"https:\/\/gjiniherbal.com\/en_us\/wp-json\/wp\/v2\/product_cat?post=2293"},{"taxonomy":"product_tag","embeddable":true,"href":"https:\/\/gjiniherbal.com\/en_us\/wp-json\/wp\/v2\/product_tag?post=2293"}],"curies":[{"name":"wp","href":"https:\/\/api.w.org\/{rel}","templated":true}]}}