{"id":2283,"date":"2024-01-27T11:09:34","date_gmt":"2024-01-27T10:09:34","guid":{"rendered":"https:\/\/gjiniherbal.com\/?post_type=product&#038;p=2283"},"modified":"2024-01-27T11:09:35","modified_gmt":"2024-01-27T10:09:35","slug":"vaj-eukaliptusi-20-ml","status":"publish","type":"product","link":"https:\/\/gjiniherbal.com\/en_us\/product\/vajra-esenciale\/vaj-eukaliptusi-20-ml\/","title":{"rendered":"Vaj eukaliptusi 20 ml"},"content":{"rendered":"<p>Vaji i eukaliptit p\u00ebrdoret gjer\u00ebsisht n\u00eb kremra, parfume, ila\u00e7e dhe produkte pastrimi. Vaji esencial i eukaliptit ka cil\u00ebsi antibakteriale dhe mund t\u00eb parandaloj\u00eb infeksionin bakterial. Kur p\u00ebrzihet me vajra bart\u00ebs dhe aplikohet duke masazhuar, ky vaj nxit gjum\u00eb m\u00eb t\u00eb mir\u00eb p\u00ebr shkak t\u00eb relaksimit t\u00eb muskujve dhe ky\u00e7eve dhe leht\u00ebsimit t\u00eb dhimbjes.<\/p>\n<p>\u00cbsht\u00eb i njohur gjithashtu p\u00ebr trajtimin e s\u00ebmundjeve t\u00eb gjoksit dhe t\u00eb frym\u00ebmarrjes &#8211; ftohjen, gripin, dhimbjen e fytit, bronkitin dhe pneumonin\u00eb kur thithet. Ka efekt kund\u00ebr mushkonjave.<\/p>\n<p><strong>P\u00ebrdorimi i sugjeruar<\/strong><\/p>\n<p><strong>Aromaterapia:<\/strong> Shtoni 4-5 pika n\u00eb difuzerin tuaj p\u00ebr t\u00eb mbushur dhom\u00ebn me k\u00ebt\u00eb arom\u00eb t\u00eb mrekullueshme t\u00eb natyr\u00ebs. Disa pika mund t\u00eb aplikohen n\u00eb hund\u00eb ose jak\u00eb p\u00ebr frym\u00ebmarrje m\u00eb t\u00eb mir\u00eb.<\/p>\n<p><strong>P\u00ebrdorimi Lokal:<\/strong> Shtoni 5 pika vaj eukaliptus n\u00eb 10 ml vaj bajameje ose shege. Aplikojeni but\u00ebsisht n\u00eb zon\u00ebn e nevojshme derisa t\u00eb p\u00ebrthithet.<\/p>\n<p><strong>Banj\u00eb\/Dush:<\/strong> P\u00ebrzieni 5 pika vaj eukalipti me 10 ml vaj jojoba ose kokosi dhe derdhni p\u00ebrzierjen n\u00eb vask\u00ebn tuaj p\u00ebr nj\u00eb banj\u00eb relaksuese dhe terapeutike.<\/p>\n","protected":false},"excerpt":{"rendered":"<ul>\n<li>Ka nj\u00eb arom\u00eb freskuese fal\u00eb p\u00ebrb\u00ebr\u00ebsve kryesor\u00eb, eukaliptolit dhe alfa-terpineolit.<\/li>\n<li>P\u00ebrdoret gjithashtu n\u00eb produkte p\u00ebr kujdesin e flok\u00ebve dhe l\u00ebkur\u00ebs, ushqen l\u00ebkur\u00ebn dhe flok\u00ebt tuaj dhe i ndihmon ata t\u00eb duken m\u00eb t\u00eb gjall\u00eb dhe me shk\u00eblqim.<\/li>\n<li>Mund ta p\u00ebrdorni gjithashtu si nj\u00eb agjent pastrues natyral me arom\u00ebn e tij t\u00eb fresk\u00ebt dhe vetit\u00eb pastruese.<\/li>\n<\/ul>\n","protected":false},"featured_media":2284,"template":"","meta":{"_acf_changed":false,"_et_pb_use_builder":"","_et_pb_old_content":"","_et_gb_content_width":"","_monsterinsights_skip_tracking":false,"_monsterinsights_sitenote_active":false,"_monsterinsights_sitenote_note":"","_monsterinsights_sitenote_category":0,"_joinchat":[]},"product_brand":[],"product_cat":[830],"product_tag":[674,505],"class_list":{"0":"post-2283","1":"product","2":"type-product","3":"status-publish","4":"has-post-thumbnail","6":"product_cat-vajra-esenciale","7":"product_tag-vaj-esencial","8":"product_tag-vaj-eukaliptus","10":"first","11":"instock","12":"shipping-taxable","13":"purchasable","14":"product-type-simple"},"acf":[],"jetpack-related-posts":[],"jetpack_sharing_enabled":true,"_links":{"self":[{"href":"https:\/\/gjiniherbal.com\/en_us\/wp-json\/wp\/v2\/product\/2283","targetHints":{"allow":["GET"]}}],"collection":[{"href":"https:\/\/gjiniherbal.com\/en_us\/wp-json\/wp\/v2\/product"}],"about":[{"href":"https:\/\/gjiniherbal.com\/en_us\/wp-json\/wp\/v2\/types\/product"}],"wp:featuredmedia":[{"embeddable":true,"href":"https:\/\/gjiniherbal.com\/en_us\/wp-json\/wp\/v2\/media\/2284"}],"wp:attachment":[{"href":"https:\/\/gjiniherbal.com\/en_us\/wp-json\/wp\/v2\/media?parent=2283"}],"wp:term":[{"taxonomy":"product_brand","embeddable":true,"href":"https:\/\/gjiniherbal.com\/en_us\/wp-json\/wp\/v2\/product_brand?post=2283"},{"taxonomy":"product_cat","embeddable":true,"href":"https:\/\/gjiniherbal.com\/en_us\/wp-json\/wp\/v2\/product_cat?post=2283"},{"taxonomy":"product_tag","embeddable":true,"href":"https:\/\/gjiniherbal.com\/en_us\/wp-json\/wp\/v2\/product_tag?post=2283"}],"curies":[{"name":"wp","href":"https:\/\/api.w.org\/{rel}","templated":true}]}}