{"id":2252,"date":"2024-01-26T11:30:59","date_gmt":"2024-01-26T10:30:59","guid":{"rendered":"https:\/\/gjiniherbal.com\/?post_type=product&#038;p=2252"},"modified":"2024-04-22T11:21:40","modified_gmt":"2024-04-22T09:21:40","slug":"vaji-i-bajames-se-embel-20-ml","status":"publish","type":"product","link":"https:\/\/gjiniherbal.com\/en_us\/product\/kujdes-i-lekures\/vaji-i-bajames-se-embel-20-ml\/","title":{"rendered":"Vaji i bajames s\u00eb \u00ebmb\u00ebl 20 ml"},"content":{"rendered":"<p>Vaji i bajames s\u00eb \u00ebmb\u00ebl \u00ebsht\u00eb nj\u00eb vaj natyral i prodhuar me shtypje t\u00eb ftoht\u00eb nga bajamet e pap\u00ebrpunuara. Vaji i bajames s\u00eb \u00ebmb\u00ebl ka veti t\u00eb gjithanshme, duke p\u00ebrfshir\u00eb efekte anti-inflamatore dhe p\u00ebrforcuese t\u00eb imunitetit.<\/p>\n<p>Ka shum\u00eb p\u00ebrfitime dhe p\u00ebrdoret gjer\u00ebsisht, ve\u00e7an\u00ebrisht n\u00eb kujdesin e l\u00ebkur\u00ebs, ofron efekt zbut\u00ebs dhe hidratues n\u00eb l\u00ebkur\u00ebn e that\u00eb dhe t\u00eb plasaritur. Ka nj\u00eb efekt mb\u00ebshtet\u00ebs n\u00eb sh\u00ebrimin e kushteve t\u00eb tilla t\u00eb l\u00ebkur\u00ebs si ekzema dhe psoriasis.<\/p>\n<p>Vaji i bajames s\u00eb \u00ebmb\u00ebl \u00ebsht\u00eb shum\u00eb i dobish\u00ebm p\u00ebr flok\u00ebt, pasi ndihmon q\u00eb flok\u00ebt, mjekra dhe mustaqet t\u00eb rriten dhe t\u00eb b\u00ebhen m\u00eb t\u00eb sh\u00ebndetshme. Ky vaj \u00ebsht\u00eb i pasur me vitamina A, B1, B2, B6 dhe E, zink, magnez dhe kalcium dhe \u00ebsht\u00eb nj\u00eb hidratues perfekt p\u00ebr t\u00eb gjitha llojet e l\u00ebkur\u00ebs.<\/p>\n<p>&nbsp;<\/p>\n<p><strong>P\u00ebrdorimi i jasht\u00ebm:<\/strong> Disa pika mund t\u00eb aplikohen n\u00eb zon\u00ebn e nevojshme.<\/p>\n","protected":false},"excerpt":{"rendered":"<ul>\n<li>Ka efekte anti-inflamatore dhe p\u00ebrforcuese t\u00eb imunitetit.<\/li>\n<li>Ka efekt zbut\u00ebs dhe hidratues n\u00eb l\u00ebkur\u00ebn e that\u00eb dhe t\u00eb plasaritur.<\/li>\n<li>Ka efekt mb\u00ebshtet\u00ebs n\u00eb sh\u00ebrimin e kushteve t\u00eb l\u00ebkur\u00ebs si ekzema dhe psoriaza.<\/li>\n<li>Ndihmon q\u00eb flok\u00ebt, mjekra dhe mustaqet t\u00eb rriten dhe t\u00eb b\u00ebhen m\u00eb t\u00eb sh\u00ebndetshme.<\/li>\n<\/ul>\n","protected":false},"featured_media":2253,"template":"","meta":{"_acf_changed":false,"_et_pb_use_builder":"","_et_pb_old_content":"","_et_gb_content_width":"","_monsterinsights_skip_tracking":false,"_monsterinsights_sitenote_active":false,"_monsterinsights_sitenote_note":"","_monsterinsights_sitenote_category":0,"_joinchat":[]},"product_brand":[],"product_cat":[480,922],"product_tag":[923,879,839,943],"class_list":{"0":"post-2252","1":"product","2":"type-product","3":"status-publish","4":"has-post-thumbnail","6":"product_cat-kujdes-i-lekures","7":"product_cat-kujdesi-i-flokeve","8":"product_tag-kujdesi-i-flokeve","9":"product_tag-kujdesi-i-lekures","10":"product_tag-vaj-vegjetal","11":"product_tag-vaji-i-bajames-se-embel","13":"first","14":"outofstock","15":"shipping-taxable","16":"purchasable","17":"product-type-simple"},"acf":[],"jetpack-related-posts":[],"jetpack_sharing_enabled":true,"_links":{"self":[{"href":"https:\/\/gjiniherbal.com\/en_us\/wp-json\/wp\/v2\/product\/2252","targetHints":{"allow":["GET"]}}],"collection":[{"href":"https:\/\/gjiniherbal.com\/en_us\/wp-json\/wp\/v2\/product"}],"about":[{"href":"https:\/\/gjiniherbal.com\/en_us\/wp-json\/wp\/v2\/types\/product"}],"wp:featuredmedia":[{"embeddable":true,"href":"https:\/\/gjiniherbal.com\/en_us\/wp-json\/wp\/v2\/media\/2253"}],"wp:attachment":[{"href":"https:\/\/gjiniherbal.com\/en_us\/wp-json\/wp\/v2\/media?parent=2252"}],"wp:term":[{"taxonomy":"product_brand","embeddable":true,"href":"https:\/\/gjiniherbal.com\/en_us\/wp-json\/wp\/v2\/product_brand?post=2252"},{"taxonomy":"product_cat","embeddable":true,"href":"https:\/\/gjiniherbal.com\/en_us\/wp-json\/wp\/v2\/product_cat?post=2252"},{"taxonomy":"product_tag","embeddable":true,"href":"https:\/\/gjiniherbal.com\/en_us\/wp-json\/wp\/v2\/product_tag?post=2252"}],"curies":[{"name":"wp","href":"https:\/\/api.w.org\/{rel}","templated":true}]}}