{"id":2241,"date":"2024-01-24T13:10:04","date_gmt":"2024-01-24T12:10:04","guid":{"rendered":"https:\/\/gjiniherbal.com\/?post_type=product&#038;p=2241"},"modified":"2024-01-24T13:10:05","modified_gmt":"2024-01-24T12:10:05","slug":"vaj-esencial-mente-10-ml","status":"publish","type":"product","link":"https:\/\/gjiniherbal.com\/en_us\/product\/vajra-esenciale\/vaj-esencial-mente-10-ml\/","title":{"rendered":"Vaj esencial mente 10 ml"},"content":{"rendered":"<p>Mentja e njohur edhe si Mentha aquatica \u00ebsht\u00eb nj\u00eb specie hibride e mentes dhe nenexhikut t\u00eb ujit. Aroma klasike e mentes jep nj\u00eb nxitje p\u00ebr mendjen dhe shqisat tuaja, madje mund t\u00eb rr\u00ebnjos nj\u00eb ndjenj\u00eb paqeje gjat\u00eb momenteve t\u00eb stresit ose lodhjes. Kjo barishte hibride ka veti antimikrobike p\u00ebrve\u00e7 shijes s\u00eb saj ftoh\u00ebse qet\u00ebsuese duke e b\u00ebr\u00eb at\u00eb nj\u00eb p\u00ebrb\u00ebr\u00ebs popullor n\u00eb ila\u00e7et p\u00ebr er\u00ebn e keqe t\u00eb goj\u00ebs.<\/p>\n<p>Talya Herbal p\u00ebrdor gjethet e mentes me cil\u00ebsi m\u00eb t\u00eb lart\u00eb nga rajoni i Mesdheut p\u00ebr t\u00eb ofruar vajin m\u00eb t\u00eb mir\u00eb t\u00eb mentes n\u00eb treg.<\/p>\n<p><strong>Vetit\u00eb:<\/strong> Revitalizues, gjall\u00ebrues dhe ftoh\u00ebs.<\/p>\n<p><strong>P\u00ebrdorimi i sugjeruar<\/strong><\/p>\n<p><strong>Aromaterapia:<\/strong> Shtoni 4-5 pika n\u00eb difuzerin tuaj p\u00ebr t\u00eb mbushur dhom\u00ebn me k\u00ebt\u00eb arom\u00eb t\u00eb mrekullueshme.<\/p>\n<p><strong>P\u00ebrdorimi lokal:<\/strong> Shtoni 4-5 pika vaj menteje n\u00eb 10 ml vaj t\u00eb farave t\u00eb bajames ose sheg\u00ebs. Aplikojeni but\u00ebsisht derisa t\u00eb p\u00ebrthithet.<\/p>\n<p><strong>Banj\u00eb\/Dush:<\/strong> P\u00ebrzieni 5 pika vaj menteje me 10 ml vaj jojoba ose kokosi dhe derdhni p\u00ebrzierjen n\u00eb vask\u00eb p\u00ebr nj\u00eb banj\u00eb relaksuese dhe terapeutike.<\/p>\n","protected":false},"excerpt":{"rendered":"<ul>\n<li>P\u00ebrdoret p\u00ebr t\u00eb shtuar nj\u00eb atmosfer\u00eb t\u00eb fresk\u00ebt dhe t\u00eb gjall\u00eb n\u00eb hap\u00ebsirat e banimit.<\/li>\n<li>Ndihmon l\u00ebkur\u00ebn tuaj t\u00eb duket e past\u00ebr dhe e sh\u00ebndetshme.<\/li>\n<li>Krijon nj\u00eb ndjenj\u00eb t\u00eb ftoht\u00ebsis\u00eb dhe freskis\u00eb n\u00eb zon\u00ebn ku aplikohet.<\/li>\n<\/ul>\n","protected":false},"featured_media":2242,"template":"","meta":{"_acf_changed":false,"_et_pb_use_builder":"","_et_pb_old_content":"","_et_gb_content_width":"","_monsterinsights_skip_tracking":false,"_monsterinsights_sitenote_active":false,"_monsterinsights_sitenote_note":"","_monsterinsights_sitenote_category":0,"_joinchat":[]},"product_brand":[],"product_cat":[830],"product_tag":[938,940,526,920,939,674],"class_list":{"0":"post-2241","1":"product","2":"type-product","3":"status-publish","4":"has-post-thumbnail","6":"product_cat-vajra-esenciale","7":"product_tag-aromaterapi","8":"product_tag-freski","9":"product_tag-lekure","10":"product_tag-masazh","11":"product_tag-mente","12":"product_tag-vaj-esencial","14":"first","15":"instock","16":"shipping-taxable","17":"purchasable","18":"product-type-simple"},"acf":[],"jetpack-related-posts":[],"jetpack_sharing_enabled":true,"_links":{"self":[{"href":"https:\/\/gjiniherbal.com\/en_us\/wp-json\/wp\/v2\/product\/2241","targetHints":{"allow":["GET"]}}],"collection":[{"href":"https:\/\/gjiniherbal.com\/en_us\/wp-json\/wp\/v2\/product"}],"about":[{"href":"https:\/\/gjiniherbal.com\/en_us\/wp-json\/wp\/v2\/types\/product"}],"wp:featuredmedia":[{"embeddable":true,"href":"https:\/\/gjiniherbal.com\/en_us\/wp-json\/wp\/v2\/media\/2242"}],"wp:attachment":[{"href":"https:\/\/gjiniherbal.com\/en_us\/wp-json\/wp\/v2\/media?parent=2241"}],"wp:term":[{"taxonomy":"product_brand","embeddable":true,"href":"https:\/\/gjiniherbal.com\/en_us\/wp-json\/wp\/v2\/product_brand?post=2241"},{"taxonomy":"product_cat","embeddable":true,"href":"https:\/\/gjiniherbal.com\/en_us\/wp-json\/wp\/v2\/product_cat?post=2241"},{"taxonomy":"product_tag","embeddable":true,"href":"https:\/\/gjiniherbal.com\/en_us\/wp-json\/wp\/v2\/product_tag?post=2241"}],"curies":[{"name":"wp","href":"https:\/\/api.w.org\/{rel}","templated":true}]}}