{"id":2236,"date":"2024-01-24T11:50:15","date_gmt":"2024-01-24T10:50:15","guid":{"rendered":"https:\/\/gjiniherbal.com\/?post_type=product&#038;p=2236"},"modified":"2024-01-24T11:50:16","modified_gmt":"2024-01-24T10:50:16","slug":"vaj-esencial-rozmarine-10-ml","status":"publish","type":"product","link":"https:\/\/gjiniherbal.com\/en_us\/product\/vajra-esenciale\/vaj-esencial-rozmarine-10-ml\/","title":{"rendered":"Vaj esencial rozmarine 10 ml"},"content":{"rendered":"<p>Rozmarina, e njohur gjithashtu si Rosmarinus Offcinalis, \u00ebsht\u00eb nj\u00eb barishte e njohur e kuzhin\u00ebs n\u00eb rajonin e Mesdheut. Ky vaj barishtor ka veti energjike dhe qet\u00ebsuese.<\/p>\n<p>Talya Herbal p\u00ebrdor gjethet e rozmarin\u00ebs me cil\u00ebsi m\u00eb t\u00eb lart\u00eb nga rajoni i Mesdheut p\u00ebr t\u00eb ofruar vajin m\u00eb t\u00eb mir\u00eb t\u00eb rozmarin\u00ebs n\u00eb treg.<\/p>\n<p><strong>Vetit\u00eb:<\/strong> Purifikues, Ngrit\u00ebs dhe Rinovues.<\/p>\n<p><strong>P\u00ebrdorimi i sugjeruar<\/strong><\/p>\n<p><strong>Aromaterapia:<\/strong> Shtoni 4-5 pika n\u00eb difuzerin tuaj p\u00ebr t\u00eb mbushur dhom\u00ebn me k\u00ebt\u00eb arom\u00eb t\u00eb mrekullueshme.<\/p>\n<p><strong>P\u00ebrdorimi Topik:<\/strong> Shtoni 4-5 pika n\u00eb 10 ml vaj Kantarioni ose vaji t\u00eb farave t\u00eb sheg\u00ebs. Aplikojeni but\u00ebsisht derisa t\u00eb p\u00ebrthithet.<\/p>\n<p><strong>Banj\u00eb\/Dush:<\/strong> P\u00ebrzieni 5 pika vaj rozmarine me 10 ml vaj jojoba ose kokosi dhe m\u00eb pas derdhni p\u00ebrzierjen n\u00eb ujin e banj\u00ebs tuaj p\u00ebr nj\u00eb banj\u00eb relaksuese dhe terapeutike.<\/p>\n","protected":false},"excerpt":{"rendered":"<ul>\n<li>Ndihmon q\u00eb l\u00ebkura juaj t\u00eb duket m\u00eb e gjall\u00eb dhe e ndritshme.<\/li>\n<li>Ndihmon n\u00eb parandalimin e r\u00ebnies s\u00eb flok\u00ebve dhe mb\u00ebshtet plot\u00ebsin\u00eb e flok\u00ebve.<\/li>\n<li>Ka nj\u00eb efekt freskues dhe stimulues me arom\u00ebn e tij t\u00eb mpreht\u00eb dhe t\u00eb fresk\u00ebt.<\/li>\n<\/ul>\n","protected":false},"featured_media":2237,"template":"","meta":{"_acf_changed":false,"_et_pb_use_builder":"","_et_pb_old_content":"","_et_gb_content_width":"","_monsterinsights_skip_tracking":false,"_monsterinsights_sitenote_active":false,"_monsterinsights_sitenote_note":"","_monsterinsights_sitenote_category":0,"_joinchat":[]},"product_brand":[],"product_cat":[830],"product_tag":[938,923,879,674,937],"class_list":{"0":"post-2236","1":"product","2":"type-product","3":"status-publish","4":"has-post-thumbnail","6":"product_cat-vajra-esenciale","7":"product_tag-aromaterapi","8":"product_tag-kujdesi-i-flokeve","9":"product_tag-kujdesi-i-lekures","10":"product_tag-vaj-esencial","11":"product_tag-vaj-rozmarine","13":"first","14":"instock","15":"shipping-taxable","16":"purchasable","17":"product-type-simple"},"acf":[],"yoast_head":"<!-- This site is optimized with the Yoast SEO plugin v27.4 - https:\/\/yoast.com\/product\/yoast-seo-wordpress\/ -->\n<title>Vaj esencial rozmarine 10 ml - Gjini Herbal<\/title>\n<meta name=\"description\" content=\"Ju mund t\u00eb p\u00ebrdorni vaj esencial rozmarine n\u00eb kujdesin e l\u00ebkur\u00ebs dhe flok\u00ebve. Ndihmon q\u00eb l\u00ebkura juaj t\u00eb duket m\u00eb e gjall\u00eb dhe e ndritshme. N\u00eb p\u00ebrdorim t\u00eb rregullt, ndihmon n\u00eb parandalimin e r\u00ebnies s\u00eb flok\u00ebve dhe mb\u00ebshtet plot\u00ebsin\u00eb e flok\u00ebve. Ka nj\u00eb efekt freskues dhe stimulues me arom\u00ebn e tij t\u00eb mpreht\u00eb dhe t\u00eb fresk\u00ebt.\" \/>\n<meta name=\"robots\" content=\"index, follow, max-snippet:-1, max-image-preview:large, max-video-preview:-1\" \/>\n<link rel=\"canonical\" href=\"https:\/\/gjiniherbal.com\/en_us\/produkt\/vajra-esenciale\/vaj-esencial-rozmarine-10-ml\/\" \/>\n<meta property=\"og:locale\" content=\"en_US\" \/>\n<meta property=\"og:type\" content=\"article\" \/>\n<meta property=\"og:title\" content=\"Vaj esencial rozmarine 10 ml - Gjini Herbal\" \/>\n<meta property=\"og:description\" content=\"Ju mund t\u00eb p\u00ebrdorni vaj esencial rozmarine n\u00eb kujdesin e l\u00ebkur\u00ebs dhe flok\u00ebve. Ndihmon q\u00eb l\u00ebkura juaj t\u00eb duket m\u00eb e gjall\u00eb dhe e ndritshme. N\u00eb p\u00ebrdorim t\u00eb rregullt, ndihmon n\u00eb parandalimin e r\u00ebnies s\u00eb flok\u00ebve dhe mb\u00ebshtet plot\u00ebsin\u00eb e flok\u00ebve. Ka nj\u00eb efekt freskues dhe stimulues me arom\u00ebn e tij t\u00eb mpreht\u00eb dhe t\u00eb fresk\u00ebt.\" \/>\n<meta property=\"og:url\" content=\"https:\/\/gjiniherbal.com\/en_us\/produkt\/vajra-esenciale\/vaj-esencial-rozmarine-10-ml\/\" \/>\n<meta property=\"og:site_name\" content=\"Gjini Herbal\" \/>\n<meta property=\"article:publisher\" content=\"https:\/\/facebook.com\/gjiniherbal\" \/>\n<meta property=\"article:modified_time\" content=\"2024-01-24T10:50:16+00:00\" \/>\n<meta property=\"og:image\" content=\"https:\/\/gjiniherbal.com\/wp-content\/uploads\/2024\/01\/saf-biberiye-ucucu-yagi-10ml-91bd-.jpg\" \/>\n\t<meta property=\"og:image:width\" content=\"1000\" \/>\n\t<meta property=\"og:image:height\" content=\"1000\" \/>\n\t<meta property=\"og:image:type\" content=\"image\/jpeg\" \/>\n<meta name=\"twitter:card\" content=\"summary_large_image\" \/>\n<meta name=\"twitter:label1\" content=\"Est. reading time\" \/>\n\t<meta name=\"twitter:data1\" content=\"1 minute\" \/>\n<script type=\"application\/ld+json\" class=\"yoast-schema-graph\">{\"@context\":\"https:\\\/\\\/schema.org\",\"@graph\":[{\"@type\":\"WebPage\",\"@id\":\"https:\\\/\\\/gjiniherbal.com\\\/produkt\\\/vajra-esenciale\\\/vaj-esencial-rozmarine-10-ml\\\/\",\"url\":\"https:\\\/\\\/gjiniherbal.com\\\/produkt\\\/vajra-esenciale\\\/vaj-esencial-rozmarine-10-ml\\\/\",\"name\":\"Vaj esencial rozmarine 10 ml - Gjini Herbal\",\"isPartOf\":{\"@id\":\"https:\\\/\\\/gjiniherbal.com\\\/#website\"},\"primaryImageOfPage\":{\"@id\":\"https:\\\/\\\/gjiniherbal.com\\\/produkt\\\/vajra-esenciale\\\/vaj-esencial-rozmarine-10-ml\\\/#primaryimage\"},\"image\":{\"@id\":\"https:\\\/\\\/gjiniherbal.com\\\/produkt\\\/vajra-esenciale\\\/vaj-esencial-rozmarine-10-ml\\\/#primaryimage\"},\"thumbnailUrl\":\"https:\\\/\\\/gjiniherbal.com\\\/wp-content\\\/uploads\\\/2024\\\/01\\\/saf-biberiye-ucucu-yagi-10ml-91bd-.jpg\",\"datePublished\":\"2024-01-24T10:50:15+00:00\",\"dateModified\":\"2024-01-24T10:50:16+00:00\",\"description\":\"Ju mund t\u00eb p\u00ebrdorni vaj esencial rozmarine n\u00eb kujdesin e l\u00ebkur\u00ebs dhe flok\u00ebve. Ndihmon q\u00eb l\u00ebkura juaj t\u00eb duket m\u00eb e gjall\u00eb dhe e ndritshme. N\u00eb p\u00ebrdorim t\u00eb rregullt, ndihmon n\u00eb parandalimin e r\u00ebnies s\u00eb flok\u00ebve dhe mb\u00ebshtet plot\u00ebsin\u00eb e flok\u00ebve. Ka nj\u00eb efekt freskues dhe stimulues me arom\u00ebn e tij t\u00eb mpreht\u00eb dhe t\u00eb fresk\u00ebt.\",\"breadcrumb\":{\"@id\":\"https:\\\/\\\/gjiniherbal.com\\\/produkt\\\/vajra-esenciale\\\/vaj-esencial-rozmarine-10-ml\\\/#breadcrumb\"},\"inLanguage\":\"en-US\",\"potentialAction\":[{\"@type\":\"ReadAction\",\"target\":[\"https:\\\/\\\/gjiniherbal.com\\\/produkt\\\/vajra-esenciale\\\/vaj-esencial-rozmarine-10-ml\\\/\"]}]},{\"@type\":\"ImageObject\",\"inLanguage\":\"en-US\",\"@id\":\"https:\\\/\\\/gjiniherbal.com\\\/produkt\\\/vajra-esenciale\\\/vaj-esencial-rozmarine-10-ml\\\/#primaryimage\",\"url\":\"https:\\\/\\\/gjiniherbal.com\\\/wp-content\\\/uploads\\\/2024\\\/01\\\/saf-biberiye-ucucu-yagi-10ml-91bd-.jpg\",\"contentUrl\":\"https:\\\/\\\/gjiniherbal.com\\\/wp-content\\\/uploads\\\/2024\\\/01\\\/saf-biberiye-ucucu-yagi-10ml-91bd-.jpg\",\"width\":1000,\"height\":1000,\"caption\":\"Vaj esencial rozmarine 10 ml\"},{\"@type\":\"BreadcrumbList\",\"@id\":\"https:\\\/\\\/gjiniherbal.com\\\/produkt\\\/vajra-esenciale\\\/vaj-esencial-rozmarine-10-ml\\\/#breadcrumb\",\"itemListElement\":[{\"@type\":\"ListItem\",\"position\":1,\"name\":\"Home\",\"item\":\"https:\\\/\\\/gjiniherbal.com\\\/en_us\\\/\"},{\"@type\":\"ListItem\",\"position\":2,\"name\":\"Shop\",\"item\":\"https:\\\/\\\/gjiniherbal.com\\\/en_us\\\/shop\\\/\"},{\"@type\":\"ListItem\",\"position\":3,\"name\":\"Vaj esencial rozmarine 10 ml\"}]},{\"@type\":\"WebSite\",\"@id\":\"https:\\\/\\\/gjiniherbal.com\\\/#website\",\"url\":\"https:\\\/\\\/gjiniherbal.com\\\/\",\"name\":\"Gjini Herbal\",\"description\":\"Produkte Natyrale\",\"publisher\":{\"@id\":\"https:\\\/\\\/gjiniherbal.com\\\/#organization\"},\"potentialAction\":[{\"@type\":\"SearchAction\",\"target\":{\"@type\":\"EntryPoint\",\"urlTemplate\":\"https:\\\/\\\/gjiniherbal.com\\\/?s={search_term_string}\"},\"query-input\":{\"@type\":\"PropertyValueSpecification\",\"valueRequired\":true,\"valueName\":\"search_term_string\"}}],\"inLanguage\":\"en-US\"},{\"@type\":\"Organization\",\"@id\":\"https:\\\/\\\/gjiniherbal.com\\\/#organization\",\"name\":\"Gjini Herbal\",\"url\":\"https:\\\/\\\/gjiniherbal.com\\\/\",\"logo\":{\"@type\":\"ImageObject\",\"inLanguage\":\"en-US\",\"@id\":\"https:\\\/\\\/gjiniherbal.com\\\/#\\\/schema\\\/logo\\\/image\\\/\",\"url\":\"https:\\\/\\\/gjiniherbal.com\\\/wp-content\\\/uploads\\\/2022\\\/07\\\/gjini-herbal-logo.png\",\"contentUrl\":\"https:\\\/\\\/gjiniherbal.com\\\/wp-content\\\/uploads\\\/2022\\\/07\\\/gjini-herbal-logo.png\",\"width\":652,\"height\":262,\"caption\":\"Gjini Herbal\"},\"image\":{\"@id\":\"https:\\\/\\\/gjiniherbal.com\\\/#\\\/schema\\\/logo\\\/image\\\/\"},\"sameAs\":[\"https:\\\/\\\/facebook.com\\\/gjiniherbal\",\"https:\\\/\\\/instagram.com\\\/gjiniherbal\",\"https:\\\/\\\/www.youtube.com\\\/channel\\\/UC_tHHueG-qxycnvdro4jHtQ\"]}]}<\/script>\n<!-- \/ Yoast SEO plugin. -->","yoast_head_json":{"title":"Vaj esencial rozmarine 10 ml - Gjini Herbal","description":"Ju mund t\u00eb p\u00ebrdorni vaj esencial rozmarine n\u00eb kujdesin e l\u00ebkur\u00ebs dhe flok\u00ebve. Ndihmon q\u00eb l\u00ebkura juaj t\u00eb duket m\u00eb e gjall\u00eb dhe e ndritshme. N\u00eb p\u00ebrdorim t\u00eb rregullt, ndihmon n\u00eb parandalimin e r\u00ebnies s\u00eb flok\u00ebve dhe mb\u00ebshtet plot\u00ebsin\u00eb e flok\u00ebve. Ka nj\u00eb efekt freskues dhe stimulues me arom\u00ebn e tij t\u00eb mpreht\u00eb dhe t\u00eb fresk\u00ebt.","robots":{"index":"index","follow":"follow","max-snippet":"max-snippet:-1","max-image-preview":"max-image-preview:large","max-video-preview":"max-video-preview:-1"},"canonical":"https:\/\/gjiniherbal.com\/en_us\/produkt\/vajra-esenciale\/vaj-esencial-rozmarine-10-ml\/","og_locale":"en_US","og_type":"article","og_title":"Vaj esencial rozmarine 10 ml - Gjini Herbal","og_description":"Ju mund t\u00eb p\u00ebrdorni vaj esencial rozmarine n\u00eb kujdesin e l\u00ebkur\u00ebs dhe flok\u00ebve. Ndihmon q\u00eb l\u00ebkura juaj t\u00eb duket m\u00eb e gjall\u00eb dhe e ndritshme. N\u00eb p\u00ebrdorim t\u00eb rregullt, ndihmon n\u00eb parandalimin e r\u00ebnies s\u00eb flok\u00ebve dhe mb\u00ebshtet plot\u00ebsin\u00eb e flok\u00ebve. Ka nj\u00eb efekt freskues dhe stimulues me arom\u00ebn e tij t\u00eb mpreht\u00eb dhe t\u00eb fresk\u00ebt.","og_url":"https:\/\/gjiniherbal.com\/en_us\/produkt\/vajra-esenciale\/vaj-esencial-rozmarine-10-ml\/","og_site_name":"Gjini Herbal","article_publisher":"https:\/\/facebook.com\/gjiniherbal","article_modified_time":"2024-01-24T10:50:16+00:00","og_image":[{"width":1000,"height":1000,"url":"https:\/\/gjiniherbal.com\/wp-content\/uploads\/2024\/01\/saf-biberiye-ucucu-yagi-10ml-91bd-.jpg","type":"image\/jpeg"}],"twitter_card":"summary_large_image","twitter_misc":{"Est. reading time":"1 minute"},"schema":{"@context":"https:\/\/schema.org","@graph":[{"@type":"WebPage","@id":"https:\/\/gjiniherbal.com\/produkt\/vajra-esenciale\/vaj-esencial-rozmarine-10-ml\/","url":"https:\/\/gjiniherbal.com\/produkt\/vajra-esenciale\/vaj-esencial-rozmarine-10-ml\/","name":"Vaj esencial rozmarine 10 ml - Gjini Herbal","isPartOf":{"@id":"https:\/\/gjiniherbal.com\/#website"},"primaryImageOfPage":{"@id":"https:\/\/gjiniherbal.com\/produkt\/vajra-esenciale\/vaj-esencial-rozmarine-10-ml\/#primaryimage"},"image":{"@id":"https:\/\/gjiniherbal.com\/produkt\/vajra-esenciale\/vaj-esencial-rozmarine-10-ml\/#primaryimage"},"thumbnailUrl":"https:\/\/gjiniherbal.com\/wp-content\/uploads\/2024\/01\/saf-biberiye-ucucu-yagi-10ml-91bd-.jpg","datePublished":"2024-01-24T10:50:15+00:00","dateModified":"2024-01-24T10:50:16+00:00","description":"Ju mund t\u00eb p\u00ebrdorni vaj esencial rozmarine n\u00eb kujdesin e l\u00ebkur\u00ebs dhe flok\u00ebve. Ndihmon q\u00eb l\u00ebkura juaj t\u00eb duket m\u00eb e gjall\u00eb dhe e ndritshme. N\u00eb p\u00ebrdorim t\u00eb rregullt, ndihmon n\u00eb parandalimin e r\u00ebnies s\u00eb flok\u00ebve dhe mb\u00ebshtet plot\u00ebsin\u00eb e flok\u00ebve. Ka nj\u00eb efekt freskues dhe stimulues me arom\u00ebn e tij t\u00eb mpreht\u00eb dhe t\u00eb fresk\u00ebt.","breadcrumb":{"@id":"https:\/\/gjiniherbal.com\/produkt\/vajra-esenciale\/vaj-esencial-rozmarine-10-ml\/#breadcrumb"},"inLanguage":"en-US","potentialAction":[{"@type":"ReadAction","target":["https:\/\/gjiniherbal.com\/produkt\/vajra-esenciale\/vaj-esencial-rozmarine-10-ml\/"]}]},{"@type":"ImageObject","inLanguage":"en-US","@id":"https:\/\/gjiniherbal.com\/produkt\/vajra-esenciale\/vaj-esencial-rozmarine-10-ml\/#primaryimage","url":"https:\/\/gjiniherbal.com\/wp-content\/uploads\/2024\/01\/saf-biberiye-ucucu-yagi-10ml-91bd-.jpg","contentUrl":"https:\/\/gjiniherbal.com\/wp-content\/uploads\/2024\/01\/saf-biberiye-ucucu-yagi-10ml-91bd-.jpg","width":1000,"height":1000,"caption":"Vaj esencial rozmarine 10 ml"},{"@type":"BreadcrumbList","@id":"https:\/\/gjiniherbal.com\/produkt\/vajra-esenciale\/vaj-esencial-rozmarine-10-ml\/#breadcrumb","itemListElement":[{"@type":"ListItem","position":1,"name":"Home","item":"https:\/\/gjiniherbal.com\/en_us\/"},{"@type":"ListItem","position":2,"name":"Shop","item":"https:\/\/gjiniherbal.com\/en_us\/shop\/"},{"@type":"ListItem","position":3,"name":"Vaj esencial rozmarine 10 ml"}]},{"@type":"WebSite","@id":"https:\/\/gjiniherbal.com\/#website","url":"https:\/\/gjiniherbal.com\/","name":"Gjini Herbal","description":"Produkte Natyrale","publisher":{"@id":"https:\/\/gjiniherbal.com\/#organization"},"potentialAction":[{"@type":"SearchAction","target":{"@type":"EntryPoint","urlTemplate":"https:\/\/gjiniherbal.com\/?s={search_term_string}"},"query-input":{"@type":"PropertyValueSpecification","valueRequired":true,"valueName":"search_term_string"}}],"inLanguage":"en-US"},{"@type":"Organization","@id":"https:\/\/gjiniherbal.com\/#organization","name":"Gjini Herbal","url":"https:\/\/gjiniherbal.com\/","logo":{"@type":"ImageObject","inLanguage":"en-US","@id":"https:\/\/gjiniherbal.com\/#\/schema\/logo\/image\/","url":"https:\/\/gjiniherbal.com\/wp-content\/uploads\/2022\/07\/gjini-herbal-logo.png","contentUrl":"https:\/\/gjiniherbal.com\/wp-content\/uploads\/2022\/07\/gjini-herbal-logo.png","width":652,"height":262,"caption":"Gjini Herbal"},"image":{"@id":"https:\/\/gjiniherbal.com\/#\/schema\/logo\/image\/"},"sameAs":["https:\/\/facebook.com\/gjiniherbal","https:\/\/instagram.com\/gjiniherbal","https:\/\/www.youtube.com\/channel\/UC_tHHueG-qxycnvdro4jHtQ"]}]}},"jetpack-related-posts":[],"jetpack_sharing_enabled":true,"_links":{"self":[{"href":"https:\/\/gjiniherbal.com\/en_us\/wp-json\/wp\/v2\/product\/2236","targetHints":{"allow":["GET"]}}],"collection":[{"href":"https:\/\/gjiniherbal.com\/en_us\/wp-json\/wp\/v2\/product"}],"about":[{"href":"https:\/\/gjiniherbal.com\/en_us\/wp-json\/wp\/v2\/types\/product"}],"wp:featuredmedia":[{"embeddable":true,"href":"https:\/\/gjiniherbal.com\/en_us\/wp-json\/wp\/v2\/media\/2237"}],"wp:attachment":[{"href":"https:\/\/gjiniherbal.com\/en_us\/wp-json\/wp\/v2\/media?parent=2236"}],"wp:term":[{"taxonomy":"product_brand","embeddable":true,"href":"https:\/\/gjiniherbal.com\/en_us\/wp-json\/wp\/v2\/product_brand?post=2236"},{"taxonomy":"product_cat","embeddable":true,"href":"https:\/\/gjiniherbal.com\/en_us\/wp-json\/wp\/v2\/product_cat?post=2236"},{"taxonomy":"product_tag","embeddable":true,"href":"https:\/\/gjiniherbal.com\/en_us\/wp-json\/wp\/v2\/product_tag?post=2236"}],"curies":[{"name":"wp","href":"https:\/\/api.w.org\/{rel}","templated":true}]}}