{"id":2219,"date":"2024-01-24T11:05:07","date_gmt":"2024-01-24T10:05:07","guid":{"rendered":"https:\/\/gjiniherbal.com\/?post_type=product&#038;p=2219"},"modified":"2024-01-24T11:05:08","modified_gmt":"2024-01-24T10:05:08","slug":"vaj-esencial-i-pemes-se-cajit","status":"publish","type":"product","link":"https:\/\/gjiniherbal.com\/en_us\/product\/vajra-esenciale\/vaj-esencial-i-pemes-se-cajit\/","title":{"rendered":"Vaj esencial i pem\u00ebs s\u00eb \u00e7ajit 10 ml"},"content":{"rendered":"<p>Pema e \u00e7ajit e ka origjin\u00ebn nga bima vendase australiane, gjinia Melaleuca e cila i p\u00ebrket familjes Myrtaceae. Vaji i pem\u00ebs s\u00eb \u00e7ajit \u00ebsht\u00eb nj\u00eb p\u00ebrb\u00ebr\u00ebs n\u00eb shum\u00eb formulime aktuale dhe tregtohet si nj\u00eb agjent antiseptik dhe anti-inflamator n\u00eb Australi, Evrop\u00eb dhe Amerik\u00ebn e Veriut.<\/p>\n<p>Talya Herbal p\u00ebrdor vajin e pem\u00ebs s\u00eb \u00e7ajit me cil\u00ebsi m\u00eb t\u00eb lart\u00eb nga Australia p\u00ebr t\u00eb ofruar vajin m\u00eb t\u00eb mir\u00eb t\u00eb pem\u00ebs s\u00eb \u00e7ajit n\u00eb treg.<\/p>\n<p><strong>Vetit\u00eb:<\/strong> Pastrues, Purifikues dhe Rinovues.<\/p>\n<p><strong>P\u00ebrdorimi i sugjeruar<\/strong><\/p>\n<p><strong>Aromaterapia:<\/strong> Shtoni 4-5 pika n\u00eb shp\u00ebrndar\u00ebsin tuaj p\u00ebr t\u00eb mbushur dhom\u00ebn me arom\u00eb t\u00eb mrekullueshme.<\/p>\n<p><strong>P\u00ebrdorimi lokal:<\/strong> Shtoni 4-5 pika vaj t\u00eb pem\u00ebs s\u00eb \u00e7ajit n\u00eb 10 ml vaj t\u00eb farave t\u00eb bajames ose sheg\u00ebs. Aplikojeni but\u00ebsisht derisa t\u00eb p\u00ebrthithet.<\/p>\n<p><strong>Banj\u00eb\/Dush:<\/strong> P\u00ebrzieni 5 pika vaj t\u00eb pem\u00ebs s\u00eb \u00e7ajit me 10 ml vaj jojoba ose kokosi dhe derdhni p\u00ebrzierjen n\u00eb ujin e vask\u00ebs tuaj p\u00ebr nj\u00eb banj\u00eb relaksuese dhe terapeutike.<\/p>\n","protected":false},"excerpt":{"rendered":"<ul>\n<li>\u00cbsht\u00eb i njohur p\u00ebr vetit\u00eb e tij antiseptike.<\/li>\n<li>Ndihmon n\u00eb parandalimin e akneve dhe formimit t\u00eb akneve.<\/li>\n<li>Ndihmon n\u00eb parandalimin e formimit t\u00eb zbokthit n\u00eb flok\u00eb.<\/li>\n<li>P\u00ebrdoret gjithashtu p\u00ebr kujdesin e thonjve.<\/li>\n<\/ul>\n","protected":false},"featured_media":2222,"template":"","meta":{"_acf_changed":false,"_et_pb_use_builder":"","_et_pb_old_content":"","_et_gb_content_width":"","_monsterinsights_skip_tracking":false,"_monsterinsights_sitenote_active":false,"_monsterinsights_sitenote_note":"","_monsterinsights_sitenote_category":0,"_joinchat":[]},"product_brand":[],"product_cat":[830],"product_tag":[934,903,674,933,852],"class_list":{"0":"post-2219","1":"product","2":"type-product","3":"status-publish","4":"has-post-thumbnail","6":"product_cat-vajra-esenciale","7":"product_tag-akne","8":"product_tag-thonj","9":"product_tag-vaj-esencial","10":"product_tag-vaji-i-pemes-se-cajit","11":"product_tag-zbokth","13":"first","14":"instock","15":"shipping-taxable","16":"purchasable","17":"product-type-simple"},"acf":[],"jetpack-related-posts":[],"jetpack_sharing_enabled":true,"_links":{"self":[{"href":"https:\/\/gjiniherbal.com\/en_us\/wp-json\/wp\/v2\/product\/2219","targetHints":{"allow":["GET"]}}],"collection":[{"href":"https:\/\/gjiniherbal.com\/en_us\/wp-json\/wp\/v2\/product"}],"about":[{"href":"https:\/\/gjiniherbal.com\/en_us\/wp-json\/wp\/v2\/types\/product"}],"wp:featuredmedia":[{"embeddable":true,"href":"https:\/\/gjiniherbal.com\/en_us\/wp-json\/wp\/v2\/media\/2222"}],"wp:attachment":[{"href":"https:\/\/gjiniherbal.com\/en_us\/wp-json\/wp\/v2\/media?parent=2219"}],"wp:term":[{"taxonomy":"product_brand","embeddable":true,"href":"https:\/\/gjiniherbal.com\/en_us\/wp-json\/wp\/v2\/product_brand?post=2219"},{"taxonomy":"product_cat","embeddable":true,"href":"https:\/\/gjiniherbal.com\/en_us\/wp-json\/wp\/v2\/product_cat?post=2219"},{"taxonomy":"product_tag","embeddable":true,"href":"https:\/\/gjiniherbal.com\/en_us\/wp-json\/wp\/v2\/product_tag?post=2219"}],"curies":[{"name":"wp","href":"https:\/\/api.w.org\/{rel}","templated":true}]}}