{"id":2210,"date":"2024-01-23T14:21:52","date_gmt":"2024-01-23T13:21:52","guid":{"rendered":"https:\/\/gjiniherbal.com\/?post_type=product&#038;p=2210"},"modified":"2024-01-31T16:20:12","modified_gmt":"2024-01-31T15:20:12","slug":"gjalp-shea","status":"publish","type":"product","link":"https:\/\/gjiniherbal.com\/en_us\/product\/kujdes-i-lekures\/gjalp-shea\/","title":{"rendered":"Gjalp shea 50 ml"},"content":{"rendered":"<p><strong>P\u00ebrfitimet:<\/strong><\/p>\n<p>Ndihmon n\u00eb hidratimin e l\u00ebkur\u00ebs tuaj.<br \/>\nKontribuon n\u00eb riparimin e problemeve t\u00eb l\u00ebkur\u00ebs si kruajtje dhe that\u00ebsi q\u00eb mund t\u00eb shkaktohen nga kushtet e motit.<br \/>\nNdihmon n\u00eb parandalimin e formimit t\u00eb \u00e7arjeve n\u00eb l\u00ebkur\u00eb.<br \/>\nNdihmon p\u00ebr ta b\u00ebr\u00eb l\u00ebkur\u00ebn tuaj t\u00eb but\u00eb nd\u00ebrsa e ushqen at\u00eb. Ndihmon n\u00eb ushqyerjen e skalpit t\u00eb kok\u00ebs dhe ruajtjen e lag\u00ebshtir\u00ebs n\u00eb flok\u00eb.<\/p>\n<p><strong>P\u00ebrdorimi:<\/strong> Aplikojeni n\u00eb l\u00ebkur\u00eb t\u00eb past\u00ebr duke masazhuar. Aplikojeni duke masazhuar n\u00eb l\u00ebkur\u00ebn e kok\u00ebs. 30 min. M\u00eb pas shp\u00eblajeni me uj\u00eb t\u00eb ngroht\u00eb dhe shampo.<\/p>\n","protected":false},"excerpt":{"rendered":"<ul>\n<li>Ndihmon n\u00eb hidratimin e l\u00ebkur\u00ebs tuaj.<\/li>\n<li>Kontribuon n\u00eb riparimin e problemeve t\u00eb l\u00ebkur\u00ebs si kruajtje dhe that\u00ebsi q\u00eb mund t\u00eb shkaktohen nga kushtet e motit.<\/li>\n<li>Ndihmon n\u00eb parandalimin e formimit t\u00eb \u00e7arjeve n\u00eb l\u00ebkur\u00eb.<\/li>\n<li>Ndihmon p\u00ebr ta b\u00ebr\u00eb l\u00ebkur\u00ebn tuaj t\u00eb but\u00eb nd\u00ebrsa e ushqen at\u00eb.<\/li>\n<li>Ndihmon n\u00eb ushqyerjen e skalpit t\u00eb kok\u00ebs dhe ruajtjen e lag\u00ebshtir\u00ebs n\u00eb flok\u00eb.<\/li>\n<\/ul>\n","protected":false},"featured_media":2212,"template":"","meta":{"_acf_changed":false,"_et_pb_use_builder":"","_et_pb_old_content":"","_et_gb_content_width":"","_monsterinsights_skip_tracking":false,"_monsterinsights_sitenote_active":false,"_monsterinsights_sitenote_note":"","_monsterinsights_sitenote_category":0,"_joinchat":[]},"product_brand":[],"product_cat":[480,922],"product_tag":[928,923,879,929],"class_list":{"0":"post-2210","1":"product","2":"type-product","3":"status-publish","4":"has-post-thumbnail","6":"product_cat-kujdes-i-lekures","7":"product_cat-kujdesi-i-flokeve","8":"product_tag-gjalpe-shea","9":"product_tag-kujdesi-i-flokeve","10":"product_tag-kujdesi-i-lekures","11":"product_tag-shea-butter","13":"first","14":"instock","15":"shipping-taxable","16":"purchasable","17":"product-type-simple"},"acf":[],"jetpack-related-posts":[],"jetpack_sharing_enabled":true,"_links":{"self":[{"href":"https:\/\/gjiniherbal.com\/en_us\/wp-json\/wp\/v2\/product\/2210","targetHints":{"allow":["GET"]}}],"collection":[{"href":"https:\/\/gjiniherbal.com\/en_us\/wp-json\/wp\/v2\/product"}],"about":[{"href":"https:\/\/gjiniherbal.com\/en_us\/wp-json\/wp\/v2\/types\/product"}],"wp:featuredmedia":[{"embeddable":true,"href":"https:\/\/gjiniherbal.com\/en_us\/wp-json\/wp\/v2\/media\/2212"}],"wp:attachment":[{"href":"https:\/\/gjiniherbal.com\/en_us\/wp-json\/wp\/v2\/media?parent=2210"}],"wp:term":[{"taxonomy":"product_brand","embeddable":true,"href":"https:\/\/gjiniherbal.com\/en_us\/wp-json\/wp\/v2\/product_brand?post=2210"},{"taxonomy":"product_cat","embeddable":true,"href":"https:\/\/gjiniherbal.com\/en_us\/wp-json\/wp\/v2\/product_cat?post=2210"},{"taxonomy":"product_tag","embeddable":true,"href":"https:\/\/gjiniherbal.com\/en_us\/wp-json\/wp\/v2\/product_tag?post=2210"}],"curies":[{"name":"wp","href":"https:\/\/api.w.org\/{rel}","templated":true}]}}