{"id":2206,"date":"2024-01-23T14:11:36","date_gmt":"2024-01-23T13:11:36","guid":{"rendered":"https:\/\/gjiniherbal.com\/?post_type=product&#038;p=2206"},"modified":"2024-01-31T16:20:31","modified_gmt":"2024-01-31T15:20:31","slug":"gjalp-kakao","status":"publish","type":"product","link":"https:\/\/gjiniherbal.com\/en_us\/product\/kujdes-i-lekures\/gjalp-kakao\/","title":{"rendered":"Gjalp kakao 50 ml"},"content":{"rendered":"<p>Vaji i kakaos \u00ebsht\u00eb i lart\u00eb n\u00eb acide yndyrore, kjo \u00ebsht\u00eb arsyeja pse shpesh vler\u00ebsohet p\u00ebr aft\u00ebsin\u00eb e tij p\u00ebr t\u00eb hidratuar dhe ushqyer l\u00ebkur\u00ebn dhe p\u00ebr t\u00eb p\u00ebrmir\u00ebsuar elasticitetin. Yndyra n\u00eb gjalpin e kakaos formon nj\u00eb barrier\u00eb mbrojt\u00ebse mbi l\u00ebkur\u00eb p\u00ebr t\u00eb mbajtur lag\u00ebshtin\u00eb. Mund t\u00eb p\u00ebrmir\u00ebsoj\u00eb rrjedhjen e gjakut n\u00eb l\u00ebkur\u00eb dhe t\u00eb ngadal\u00ebsoj\u00eb plakjen e l\u00ebkur\u00ebs duke e mbrojtur kund\u00ebr d\u00ebmtimit nga rrezet e d\u00ebmshme UV t\u00eb diellit. Ndihmon p\u00ebr t&#8217;u nxir\u00eb n\u00eb m\u00ebnyr\u00eb natyrale dhe t\u00eb sh\u00ebndetshme.<\/p>\n<p>Nj\u00eb p\u00ebrdorim i zakonsh\u00ebm i vajit t\u00eb kakaos \u00ebsht\u00eb zbutja e plag\u00ebve, rrudhave dhe shenjave t\u00eb tjera n\u00eb l\u00ebkur\u00eb.<\/p>\n<p><strong>P\u00ebr p\u00ebrdorim t\u00eb jasht\u00ebm:<\/strong> Mund t\u00eb aplikohet n\u00eb zon\u00ebn e nevojshme t\u00eb trupit duke masazhuar.<\/p>\n","protected":false},"excerpt":{"rendered":"<ul>\n<li>Ndihmon p\u00ebr t\u00eb hidratuar dhe ushqyer l\u00ebkur\u00ebn dhe p\u00ebr t\u00eb p\u00ebrmir\u00ebsuar elasticitetin.<\/li>\n<li>Mund t\u00eb p\u00ebrmir\u00ebsoj\u00eb rrjedhjen e gjakut n\u00eb l\u00ebkur\u00eb dhe t\u00eb ngadal\u00ebsoj\u00eb plakjen e l\u00ebkur\u00ebs duke e mbrojtur kund\u00ebr d\u00ebmtimit nga rrezet e d\u00ebmshme UV t\u00eb diellit.<\/li>\n<li>Ndihmon n\u00eb nxirje n\u00eb m\u00ebnyr\u00eb natyrale dhe t\u00eb sh\u00ebndetshme.<\/li>\n<li>Nj\u00eb p\u00ebrdorim i zakonsh\u00ebm i vajit t\u00eb kakaos \u00ebsht\u00eb zbutja e plag\u00ebve, rrudhave dhe shenjave t\u00eb tjera n\u00eb l\u00ebkur\u00eb.<\/li>\n<\/ul>\n","protected":false},"featured_media":2207,"template":"","meta":{"_acf_changed":false,"_et_pb_use_builder":"","_et_pb_old_content":"","_et_gb_content_width":"","_monsterinsights_skip_tracking":false,"_monsterinsights_sitenote_active":false,"_monsterinsights_sitenote_note":"","_monsterinsights_sitenote_category":0,"_joinchat":[]},"product_brand":[],"product_cat":[480],"product_tag":[927,926,879],"class_list":{"0":"post-2206","1":"product","2":"type-product","3":"status-publish","4":"has-post-thumbnail","6":"product_cat-kujdes-i-lekures","7":"product_tag-gjalp-kakao","8":"product_tag-kakao","9":"product_tag-kujdesi-i-lekures","11":"first","12":"instock","13":"shipping-taxable","14":"purchasable","15":"product-type-simple"},"acf":[],"yoast_head":"<!-- This site is optimized with the Yoast SEO plugin v27.4 - https:\/\/yoast.com\/product\/yoast-seo-wordpress\/ -->\n<title>Gjalp kakao 50 ml - Gjini Herbal<\/title>\n<meta name=\"description\" content=\"Mund t\u00eb p\u00ebrmir\u00ebsoj\u00eb rrjedhjen e gjakut n\u00eb l\u00ebkur\u00eb dhe t\u00eb ngadal\u00ebsoj\u00eb plakjen e l\u00ebkur\u00ebs duke e mbrojtur kund\u00ebr d\u00ebmtimit nga rrezet e d\u00ebmshme UV t\u00eb diellit. Ndihmon p\u00ebr t&#039;u nxir\u00eb n\u00eb m\u00ebnyr\u00eb natyrale dhe t\u00eb sh\u00ebndetshme. Nj\u00eb p\u00ebrdorim i zakonsh\u00ebm i vajit t\u00eb kakaos \u00ebsht\u00eb zbutja e plag\u00ebve, rrudhave dhe shenjave t\u00eb tjera n\u00eb l\u00ebkur\u00eb.\" \/>\n<meta name=\"robots\" content=\"index, follow, max-snippet:-1, max-image-preview:large, max-video-preview:-1\" \/>\n<link rel=\"canonical\" href=\"https:\/\/gjiniherbal.com\/en_us\/produkt\/kujdes-i-lekures\/gjalp-kakao\/\" \/>\n<meta property=\"og:locale\" content=\"en_US\" \/>\n<meta property=\"og:type\" content=\"article\" \/>\n<meta property=\"og:title\" content=\"Gjalp kakao 50 ml - Gjini Herbal\" \/>\n<meta property=\"og:description\" content=\"Mund t\u00eb p\u00ebrmir\u00ebsoj\u00eb rrjedhjen e gjakut n\u00eb l\u00ebkur\u00eb dhe t\u00eb ngadal\u00ebsoj\u00eb plakjen e l\u00ebkur\u00ebs duke e mbrojtur kund\u00ebr d\u00ebmtimit nga rrezet e d\u00ebmshme UV t\u00eb diellit. Ndihmon p\u00ebr t&#039;u nxir\u00eb n\u00eb m\u00ebnyr\u00eb natyrale dhe t\u00eb sh\u00ebndetshme. Nj\u00eb p\u00ebrdorim i zakonsh\u00ebm i vajit t\u00eb kakaos \u00ebsht\u00eb zbutja e plag\u00ebve, rrudhave dhe shenjave t\u00eb tjera n\u00eb l\u00ebkur\u00eb.\" \/>\n<meta property=\"og:url\" content=\"https:\/\/gjiniherbal.com\/en_us\/produkt\/kujdes-i-lekures\/gjalp-kakao\/\" \/>\n<meta property=\"og:site_name\" content=\"Gjini Herbal\" \/>\n<meta property=\"article:publisher\" content=\"https:\/\/facebook.com\/gjiniherbal\" \/>\n<meta property=\"article:modified_time\" content=\"2024-01-31T15:20:31+00:00\" \/>\n<meta property=\"og:image\" content=\"https:\/\/gjiniherbal.com\/wp-content\/uploads\/2024\/01\/kati-yag-kakao-yagi-2-talyabitkiselcom.webp\" \/>\n\t<meta property=\"og:image:width\" content=\"1000\" \/>\n\t<meta property=\"og:image:height\" content=\"1000\" \/>\n\t<meta property=\"og:image:type\" content=\"image\/webp\" \/>\n<meta name=\"twitter:card\" content=\"summary_large_image\" \/>\n<meta name=\"twitter:label1\" content=\"Est. reading time\" \/>\n\t<meta name=\"twitter:data1\" content=\"1 minute\" \/>\n<script type=\"application\/ld+json\" class=\"yoast-schema-graph\">{\"@context\":\"https:\\\/\\\/schema.org\",\"@graph\":[{\"@type\":\"WebPage\",\"@id\":\"https:\\\/\\\/gjiniherbal.com\\\/produkt\\\/kujdes-i-lekures\\\/gjalp-kakao\\\/\",\"url\":\"https:\\\/\\\/gjiniherbal.com\\\/produkt\\\/kujdes-i-lekures\\\/gjalp-kakao\\\/\",\"name\":\"Gjalp kakao 50 ml - Gjini Herbal\",\"isPartOf\":{\"@id\":\"https:\\\/\\\/gjiniherbal.com\\\/#website\"},\"primaryImageOfPage\":{\"@id\":\"https:\\\/\\\/gjiniherbal.com\\\/produkt\\\/kujdes-i-lekures\\\/gjalp-kakao\\\/#primaryimage\"},\"image\":{\"@id\":\"https:\\\/\\\/gjiniherbal.com\\\/produkt\\\/kujdes-i-lekures\\\/gjalp-kakao\\\/#primaryimage\"},\"thumbnailUrl\":\"https:\\\/\\\/gjiniherbal.com\\\/wp-content\\\/uploads\\\/2024\\\/01\\\/kati-yag-kakao-yagi-2-talyabitkiselcom.webp\",\"datePublished\":\"2024-01-23T13:11:36+00:00\",\"dateModified\":\"2024-01-31T15:20:31+00:00\",\"description\":\"Mund t\u00eb p\u00ebrmir\u00ebsoj\u00eb rrjedhjen e gjakut n\u00eb l\u00ebkur\u00eb dhe t\u00eb ngadal\u00ebsoj\u00eb plakjen e l\u00ebkur\u00ebs duke e mbrojtur kund\u00ebr d\u00ebmtimit nga rrezet e d\u00ebmshme UV t\u00eb diellit. Ndihmon p\u00ebr t'u nxir\u00eb n\u00eb m\u00ebnyr\u00eb natyrale dhe t\u00eb sh\u00ebndetshme. Nj\u00eb p\u00ebrdorim i zakonsh\u00ebm i vajit t\u00eb kakaos \u00ebsht\u00eb zbutja e plag\u00ebve, rrudhave dhe shenjave t\u00eb tjera n\u00eb l\u00ebkur\u00eb.\",\"breadcrumb\":{\"@id\":\"https:\\\/\\\/gjiniherbal.com\\\/produkt\\\/kujdes-i-lekures\\\/gjalp-kakao\\\/#breadcrumb\"},\"inLanguage\":\"en-US\",\"potentialAction\":[{\"@type\":\"ReadAction\",\"target\":[\"https:\\\/\\\/gjiniherbal.com\\\/produkt\\\/kujdes-i-lekures\\\/gjalp-kakao\\\/\"]}]},{\"@type\":\"ImageObject\",\"inLanguage\":\"en-US\",\"@id\":\"https:\\\/\\\/gjiniherbal.com\\\/produkt\\\/kujdes-i-lekures\\\/gjalp-kakao\\\/#primaryimage\",\"url\":\"https:\\\/\\\/gjiniherbal.com\\\/wp-content\\\/uploads\\\/2024\\\/01\\\/kati-yag-kakao-yagi-2-talyabitkiselcom.webp\",\"contentUrl\":\"https:\\\/\\\/gjiniherbal.com\\\/wp-content\\\/uploads\\\/2024\\\/01\\\/kati-yag-kakao-yagi-2-talyabitkiselcom.webp\",\"width\":1000,\"height\":1000,\"caption\":\"Gjalp\u00eb kakao 50 ml\"},{\"@type\":\"BreadcrumbList\",\"@id\":\"https:\\\/\\\/gjiniherbal.com\\\/produkt\\\/kujdes-i-lekures\\\/gjalp-kakao\\\/#breadcrumb\",\"itemListElement\":[{\"@type\":\"ListItem\",\"position\":1,\"name\":\"Home\",\"item\":\"https:\\\/\\\/gjiniherbal.com\\\/en_us\\\/\"},{\"@type\":\"ListItem\",\"position\":2,\"name\":\"Shop\",\"item\":\"https:\\\/\\\/gjiniherbal.com\\\/en_us\\\/shop\\\/\"},{\"@type\":\"ListItem\",\"position\":3,\"name\":\"Gjalp kakao 50 ml\"}]},{\"@type\":\"WebSite\",\"@id\":\"https:\\\/\\\/gjiniherbal.com\\\/#website\",\"url\":\"https:\\\/\\\/gjiniherbal.com\\\/\",\"name\":\"Gjini Herbal\",\"description\":\"Produkte Natyrale\",\"publisher\":{\"@id\":\"https:\\\/\\\/gjiniherbal.com\\\/#organization\"},\"potentialAction\":[{\"@type\":\"SearchAction\",\"target\":{\"@type\":\"EntryPoint\",\"urlTemplate\":\"https:\\\/\\\/gjiniherbal.com\\\/?s={search_term_string}\"},\"query-input\":{\"@type\":\"PropertyValueSpecification\",\"valueRequired\":true,\"valueName\":\"search_term_string\"}}],\"inLanguage\":\"en-US\"},{\"@type\":\"Organization\",\"@id\":\"https:\\\/\\\/gjiniherbal.com\\\/#organization\",\"name\":\"Gjini Herbal\",\"url\":\"https:\\\/\\\/gjiniherbal.com\\\/\",\"logo\":{\"@type\":\"ImageObject\",\"inLanguage\":\"en-US\",\"@id\":\"https:\\\/\\\/gjiniherbal.com\\\/#\\\/schema\\\/logo\\\/image\\\/\",\"url\":\"https:\\\/\\\/gjiniherbal.com\\\/wp-content\\\/uploads\\\/2022\\\/07\\\/gjini-herbal-logo.png\",\"contentUrl\":\"https:\\\/\\\/gjiniherbal.com\\\/wp-content\\\/uploads\\\/2022\\\/07\\\/gjini-herbal-logo.png\",\"width\":652,\"height\":262,\"caption\":\"Gjini Herbal\"},\"image\":{\"@id\":\"https:\\\/\\\/gjiniherbal.com\\\/#\\\/schema\\\/logo\\\/image\\\/\"},\"sameAs\":[\"https:\\\/\\\/facebook.com\\\/gjiniherbal\",\"https:\\\/\\\/instagram.com\\\/gjiniherbal\",\"https:\\\/\\\/www.youtube.com\\\/channel\\\/UC_tHHueG-qxycnvdro4jHtQ\"]}]}<\/script>\n<!-- \/ Yoast SEO plugin. -->","yoast_head_json":{"title":"Gjalp kakao 50 ml - Gjini Herbal","description":"Mund t\u00eb p\u00ebrmir\u00ebsoj\u00eb rrjedhjen e gjakut n\u00eb l\u00ebkur\u00eb dhe t\u00eb ngadal\u00ebsoj\u00eb plakjen e l\u00ebkur\u00ebs duke e mbrojtur kund\u00ebr d\u00ebmtimit nga rrezet e d\u00ebmshme UV t\u00eb diellit. Ndihmon p\u00ebr t'u nxir\u00eb n\u00eb m\u00ebnyr\u00eb natyrale dhe t\u00eb sh\u00ebndetshme. Nj\u00eb p\u00ebrdorim i zakonsh\u00ebm i vajit t\u00eb kakaos \u00ebsht\u00eb zbutja e plag\u00ebve, rrudhave dhe shenjave t\u00eb tjera n\u00eb l\u00ebkur\u00eb.","robots":{"index":"index","follow":"follow","max-snippet":"max-snippet:-1","max-image-preview":"max-image-preview:large","max-video-preview":"max-video-preview:-1"},"canonical":"https:\/\/gjiniherbal.com\/en_us\/produkt\/kujdes-i-lekures\/gjalp-kakao\/","og_locale":"en_US","og_type":"article","og_title":"Gjalp kakao 50 ml - Gjini Herbal","og_description":"Mund t\u00eb p\u00ebrmir\u00ebsoj\u00eb rrjedhjen e gjakut n\u00eb l\u00ebkur\u00eb dhe t\u00eb ngadal\u00ebsoj\u00eb plakjen e l\u00ebkur\u00ebs duke e mbrojtur kund\u00ebr d\u00ebmtimit nga rrezet e d\u00ebmshme UV t\u00eb diellit. Ndihmon p\u00ebr t'u nxir\u00eb n\u00eb m\u00ebnyr\u00eb natyrale dhe t\u00eb sh\u00ebndetshme. Nj\u00eb p\u00ebrdorim i zakonsh\u00ebm i vajit t\u00eb kakaos \u00ebsht\u00eb zbutja e plag\u00ebve, rrudhave dhe shenjave t\u00eb tjera n\u00eb l\u00ebkur\u00eb.","og_url":"https:\/\/gjiniherbal.com\/en_us\/produkt\/kujdes-i-lekures\/gjalp-kakao\/","og_site_name":"Gjini Herbal","article_publisher":"https:\/\/facebook.com\/gjiniherbal","article_modified_time":"2024-01-31T15:20:31+00:00","og_image":[{"width":1000,"height":1000,"url":"https:\/\/gjiniherbal.com\/wp-content\/uploads\/2024\/01\/kati-yag-kakao-yagi-2-talyabitkiselcom.webp","type":"image\/webp"}],"twitter_card":"summary_large_image","twitter_misc":{"Est. reading time":"1 minute"},"schema":{"@context":"https:\/\/schema.org","@graph":[{"@type":"WebPage","@id":"https:\/\/gjiniherbal.com\/produkt\/kujdes-i-lekures\/gjalp-kakao\/","url":"https:\/\/gjiniherbal.com\/produkt\/kujdes-i-lekures\/gjalp-kakao\/","name":"Gjalp kakao 50 ml - Gjini Herbal","isPartOf":{"@id":"https:\/\/gjiniherbal.com\/#website"},"primaryImageOfPage":{"@id":"https:\/\/gjiniherbal.com\/produkt\/kujdes-i-lekures\/gjalp-kakao\/#primaryimage"},"image":{"@id":"https:\/\/gjiniherbal.com\/produkt\/kujdes-i-lekures\/gjalp-kakao\/#primaryimage"},"thumbnailUrl":"https:\/\/gjiniherbal.com\/wp-content\/uploads\/2024\/01\/kati-yag-kakao-yagi-2-talyabitkiselcom.webp","datePublished":"2024-01-23T13:11:36+00:00","dateModified":"2024-01-31T15:20:31+00:00","description":"Mund t\u00eb p\u00ebrmir\u00ebsoj\u00eb rrjedhjen e gjakut n\u00eb l\u00ebkur\u00eb dhe t\u00eb ngadal\u00ebsoj\u00eb plakjen e l\u00ebkur\u00ebs duke e mbrojtur kund\u00ebr d\u00ebmtimit nga rrezet e d\u00ebmshme UV t\u00eb diellit. Ndihmon p\u00ebr t'u nxir\u00eb n\u00eb m\u00ebnyr\u00eb natyrale dhe t\u00eb sh\u00ebndetshme. Nj\u00eb p\u00ebrdorim i zakonsh\u00ebm i vajit t\u00eb kakaos \u00ebsht\u00eb zbutja e plag\u00ebve, rrudhave dhe shenjave t\u00eb tjera n\u00eb l\u00ebkur\u00eb.","breadcrumb":{"@id":"https:\/\/gjiniherbal.com\/produkt\/kujdes-i-lekures\/gjalp-kakao\/#breadcrumb"},"inLanguage":"en-US","potentialAction":[{"@type":"ReadAction","target":["https:\/\/gjiniherbal.com\/produkt\/kujdes-i-lekures\/gjalp-kakao\/"]}]},{"@type":"ImageObject","inLanguage":"en-US","@id":"https:\/\/gjiniherbal.com\/produkt\/kujdes-i-lekures\/gjalp-kakao\/#primaryimage","url":"https:\/\/gjiniherbal.com\/wp-content\/uploads\/2024\/01\/kati-yag-kakao-yagi-2-talyabitkiselcom.webp","contentUrl":"https:\/\/gjiniherbal.com\/wp-content\/uploads\/2024\/01\/kati-yag-kakao-yagi-2-talyabitkiselcom.webp","width":1000,"height":1000,"caption":"Gjalp\u00eb kakao 50 ml"},{"@type":"BreadcrumbList","@id":"https:\/\/gjiniherbal.com\/produkt\/kujdes-i-lekures\/gjalp-kakao\/#breadcrumb","itemListElement":[{"@type":"ListItem","position":1,"name":"Home","item":"https:\/\/gjiniherbal.com\/en_us\/"},{"@type":"ListItem","position":2,"name":"Shop","item":"https:\/\/gjiniherbal.com\/en_us\/shop\/"},{"@type":"ListItem","position":3,"name":"Gjalp kakao 50 ml"}]},{"@type":"WebSite","@id":"https:\/\/gjiniherbal.com\/#website","url":"https:\/\/gjiniherbal.com\/","name":"Gjini Herbal","description":"Produkte Natyrale","publisher":{"@id":"https:\/\/gjiniherbal.com\/#organization"},"potentialAction":[{"@type":"SearchAction","target":{"@type":"EntryPoint","urlTemplate":"https:\/\/gjiniherbal.com\/?s={search_term_string}"},"query-input":{"@type":"PropertyValueSpecification","valueRequired":true,"valueName":"search_term_string"}}],"inLanguage":"en-US"},{"@type":"Organization","@id":"https:\/\/gjiniherbal.com\/#organization","name":"Gjini Herbal","url":"https:\/\/gjiniherbal.com\/","logo":{"@type":"ImageObject","inLanguage":"en-US","@id":"https:\/\/gjiniherbal.com\/#\/schema\/logo\/image\/","url":"https:\/\/gjiniherbal.com\/wp-content\/uploads\/2022\/07\/gjini-herbal-logo.png","contentUrl":"https:\/\/gjiniherbal.com\/wp-content\/uploads\/2022\/07\/gjini-herbal-logo.png","width":652,"height":262,"caption":"Gjini Herbal"},"image":{"@id":"https:\/\/gjiniherbal.com\/#\/schema\/logo\/image\/"},"sameAs":["https:\/\/facebook.com\/gjiniherbal","https:\/\/instagram.com\/gjiniherbal","https:\/\/www.youtube.com\/channel\/UC_tHHueG-qxycnvdro4jHtQ"]}]}},"jetpack-related-posts":[],"jetpack_sharing_enabled":true,"_links":{"self":[{"href":"https:\/\/gjiniherbal.com\/en_us\/wp-json\/wp\/v2\/product\/2206","targetHints":{"allow":["GET"]}}],"collection":[{"href":"https:\/\/gjiniherbal.com\/en_us\/wp-json\/wp\/v2\/product"}],"about":[{"href":"https:\/\/gjiniherbal.com\/en_us\/wp-json\/wp\/v2\/types\/product"}],"wp:featuredmedia":[{"embeddable":true,"href":"https:\/\/gjiniherbal.com\/en_us\/wp-json\/wp\/v2\/media\/2207"}],"wp:attachment":[{"href":"https:\/\/gjiniherbal.com\/en_us\/wp-json\/wp\/v2\/media?parent=2206"}],"wp:term":[{"taxonomy":"product_brand","embeddable":true,"href":"https:\/\/gjiniherbal.com\/en_us\/wp-json\/wp\/v2\/product_brand?post=2206"},{"taxonomy":"product_cat","embeddable":true,"href":"https:\/\/gjiniherbal.com\/en_us\/wp-json\/wp\/v2\/product_cat?post=2206"},{"taxonomy":"product_tag","embeddable":true,"href":"https:\/\/gjiniherbal.com\/en_us\/wp-json\/wp\/v2\/product_tag?post=2206"}],"curies":[{"name":"wp","href":"https:\/\/api.w.org\/{rel}","templated":true}]}}