{"id":2180,"date":"2024-01-22T13:21:28","date_gmt":"2024-01-22T12:21:28","guid":{"rendered":"https:\/\/gjiniherbal.com\/?post_type=product&#038;p=2180"},"modified":"2024-01-22T14:10:29","modified_gmt":"2024-01-22T13:10:29","slug":"vaj-per-nxirje","status":"publish","type":"product","link":"https:\/\/gjiniherbal.com\/en_us\/product\/kujdes-i-lekures\/vaj-per-nxirje\/","title":{"rendered":"Vaj p\u00ebr nxirje 80 ml"},"content":{"rendered":"<p>Talya sjell p\u00ebr ju me linj\u00ebn e saj t\u00eb Aromaterapis\u00eb p\u00ebrzierjet speciale t\u00eb vajrave esencial\u00eb me burim mesdhetar!<\/p>\n<p>Vaji p\u00ebr nxirje Talya ka nj\u00eb kombinim t\u00eb ve\u00e7ant\u00eb t\u00eb gjalpit t\u00eb farave t\u00eb kakaos, vajit t\u00eb karot\u00ebs, vajit t\u00eb lulediellit, vajit t\u00eb kokosit, vajit t\u00eb farave t\u00eb kajsis\u00eb, vajit t\u00eb ullirit, vajit t\u00eb susamit, vajit t\u00eb Jojob\u00ebs dhe vitamin\u00ebs E. Ky vaj i p\u00ebrzier n\u00eb m\u00ebnyr\u00eb perfekte ndihmon p\u00ebr t&#8217;u nxir\u00eb m\u00eb shpejt dhe n\u00eb m\u00ebnyr\u00eb natyrale.<\/p>\n<p><strong>P\u00ebrdorimi:<\/strong> Aplikojeni n\u00eb zon\u00ebn e nevojshme duke masazhuar.<\/p>\n","protected":false},"excerpt":{"rendered":"<p>Ndihmon p\u00ebr t&#8217;u nxir\u00eb m\u00eb shpejt dhe n\u00eb m\u00ebnyr\u00eb natyrale.<\/p>\n","protected":false},"featured_media":2181,"template":"","meta":{"_acf_changed":false,"_et_pb_use_builder":"","_et_pb_old_content":"","_et_gb_content_width":"","_monsterinsights_skip_tracking":false,"_monsterinsights_sitenote_active":false,"_monsterinsights_sitenote_note":"","_monsterinsights_sitenote_category":0,"_joinchat":[]},"product_brand":[],"product_cat":[480],"product_tag":[879,918],"class_list":{"0":"post-2180","1":"product","2":"type-product","3":"status-publish","4":"has-post-thumbnail","6":"product_cat-kujdes-i-lekures","7":"product_tag-kujdesi-i-lekures","8":"product_tag-vaj-per-nxirje","10":"first","11":"instock","12":"shipping-taxable","13":"purchasable","14":"product-type-simple"},"acf":[],"yoast_head":"<!-- This site is optimized with the Yoast SEO plugin v27.4 - https:\/\/yoast.com\/product\/yoast-seo-wordpress\/ -->\n<title>Vaj p\u00ebr nxirje 80 ml - Gjini Herbal<\/title>\n<meta name=\"description\" content=\"Vaji p\u00ebr nxirje Talya ka nj\u00eb kombinim t\u00eb ve\u00e7ant\u00eb t\u00eb gjalpit t\u00eb farave t\u00eb kakaos, vajit t\u00eb karot\u00ebs, vajit t\u00eb lulediellit, vajit t\u00eb kokosit, vajit t\u00eb farave t\u00eb kajsis\u00eb, vajit t\u00eb ullirit, vajit t\u00eb susamit, vajit t\u00eb Jojob\u00ebs dhe vitamin\u00ebs E. Ky vaj i p\u00ebrzier n\u00eb m\u00ebnyr\u00eb perfekte ndihmon p\u00ebr t&#039;u nxir\u00eb m\u00eb shpejt dhe n\u00eb m\u00ebnyr\u00eb natyrale.\" \/>\n<meta name=\"robots\" content=\"index, follow, max-snippet:-1, max-image-preview:large, max-video-preview:-1\" \/>\n<link rel=\"canonical\" href=\"https:\/\/gjiniherbal.com\/en_us\/produkt\/kujdes-i-lekures\/vaj-per-nxirje\/\" \/>\n<meta property=\"og:locale\" content=\"en_US\" \/>\n<meta property=\"og:type\" content=\"article\" \/>\n<meta property=\"og:title\" content=\"Vaj p\u00ebr nxirje 80 ml - Gjini Herbal\" \/>\n<meta property=\"og:description\" content=\"Vaji p\u00ebr nxirje Talya ka nj\u00eb kombinim t\u00eb ve\u00e7ant\u00eb t\u00eb gjalpit t\u00eb farave t\u00eb kakaos, vajit t\u00eb karot\u00ebs, vajit t\u00eb lulediellit, vajit t\u00eb kokosit, vajit t\u00eb farave t\u00eb kajsis\u00eb, vajit t\u00eb ullirit, vajit t\u00eb susamit, vajit t\u00eb Jojob\u00ebs dhe vitamin\u00ebs E. Ky vaj i p\u00ebrzier n\u00eb m\u00ebnyr\u00eb perfekte ndihmon p\u00ebr t&#039;u nxir\u00eb m\u00eb shpejt dhe n\u00eb m\u00ebnyr\u00eb natyrale.\" \/>\n<meta property=\"og:url\" content=\"https:\/\/gjiniherbal.com\/en_us\/produkt\/kujdes-i-lekures\/vaj-per-nxirje\/\" \/>\n<meta property=\"og:site_name\" content=\"Gjini Herbal\" \/>\n<meta property=\"article:publisher\" content=\"https:\/\/facebook.com\/gjiniherbal\" \/>\n<meta property=\"article:modified_time\" content=\"2024-01-22T13:10:29+00:00\" \/>\n<meta property=\"og:image\" content=\"https:\/\/gjiniherbal.com\/wp-content\/uploads\/2024\/01\/80ml-tanning-oil.webp\" \/>\n\t<meta property=\"og:image:width\" content=\"1000\" \/>\n\t<meta property=\"og:image:height\" content=\"1000\" \/>\n\t<meta property=\"og:image:type\" content=\"image\/webp\" \/>\n<meta name=\"twitter:card\" content=\"summary_large_image\" \/>\n<meta name=\"twitter:label1\" content=\"Est. reading time\" \/>\n\t<meta name=\"twitter:data1\" content=\"1 minute\" \/>\n<script type=\"application\/ld+json\" class=\"yoast-schema-graph\">{\"@context\":\"https:\\\/\\\/schema.org\",\"@graph\":[{\"@type\":\"WebPage\",\"@id\":\"https:\\\/\\\/gjiniherbal.com\\\/produkt\\\/kujdes-i-lekures\\\/vaj-per-nxirje\\\/\",\"url\":\"https:\\\/\\\/gjiniherbal.com\\\/produkt\\\/kujdes-i-lekures\\\/vaj-per-nxirje\\\/\",\"name\":\"Vaj p\u00ebr nxirje 80 ml - Gjini Herbal\",\"isPartOf\":{\"@id\":\"https:\\\/\\\/gjiniherbal.com\\\/#website\"},\"primaryImageOfPage\":{\"@id\":\"https:\\\/\\\/gjiniherbal.com\\\/produkt\\\/kujdes-i-lekures\\\/vaj-per-nxirje\\\/#primaryimage\"},\"image\":{\"@id\":\"https:\\\/\\\/gjiniherbal.com\\\/produkt\\\/kujdes-i-lekures\\\/vaj-per-nxirje\\\/#primaryimage\"},\"thumbnailUrl\":\"https:\\\/\\\/gjiniherbal.com\\\/wp-content\\\/uploads\\\/2024\\\/01\\\/80ml-tanning-oil.webp\",\"datePublished\":\"2024-01-22T12:21:28+00:00\",\"dateModified\":\"2024-01-22T13:10:29+00:00\",\"description\":\"Vaji p\u00ebr nxirje Talya ka nj\u00eb kombinim t\u00eb ve\u00e7ant\u00eb t\u00eb gjalpit t\u00eb farave t\u00eb kakaos, vajit t\u00eb karot\u00ebs, vajit t\u00eb lulediellit, vajit t\u00eb kokosit, vajit t\u00eb farave t\u00eb kajsis\u00eb, vajit t\u00eb ullirit, vajit t\u00eb susamit, vajit t\u00eb Jojob\u00ebs dhe vitamin\u00ebs E. Ky vaj i p\u00ebrzier n\u00eb m\u00ebnyr\u00eb perfekte ndihmon p\u00ebr t'u nxir\u00eb m\u00eb shpejt dhe n\u00eb m\u00ebnyr\u00eb natyrale.\",\"breadcrumb\":{\"@id\":\"https:\\\/\\\/gjiniherbal.com\\\/produkt\\\/kujdes-i-lekures\\\/vaj-per-nxirje\\\/#breadcrumb\"},\"inLanguage\":\"en-US\",\"potentialAction\":[{\"@type\":\"ReadAction\",\"target\":[\"https:\\\/\\\/gjiniherbal.com\\\/produkt\\\/kujdes-i-lekures\\\/vaj-per-nxirje\\\/\"]}]},{\"@type\":\"ImageObject\",\"inLanguage\":\"en-US\",\"@id\":\"https:\\\/\\\/gjiniherbal.com\\\/produkt\\\/kujdes-i-lekures\\\/vaj-per-nxirje\\\/#primaryimage\",\"url\":\"https:\\\/\\\/gjiniherbal.com\\\/wp-content\\\/uploads\\\/2024\\\/01\\\/80ml-tanning-oil.webp\",\"contentUrl\":\"https:\\\/\\\/gjiniherbal.com\\\/wp-content\\\/uploads\\\/2024\\\/01\\\/80ml-tanning-oil.webp\",\"width\":1000,\"height\":1000,\"caption\":\"Vaj p\u00ebr parandalimin e \u00e7arjeve t\u00eb l\u00ebkur\u00ebs 80 ml\"},{\"@type\":\"BreadcrumbList\",\"@id\":\"https:\\\/\\\/gjiniherbal.com\\\/produkt\\\/kujdes-i-lekures\\\/vaj-per-nxirje\\\/#breadcrumb\",\"itemListElement\":[{\"@type\":\"ListItem\",\"position\":1,\"name\":\"Home\",\"item\":\"https:\\\/\\\/gjiniherbal.com\\\/en_us\\\/\"},{\"@type\":\"ListItem\",\"position\":2,\"name\":\"Shop\",\"item\":\"https:\\\/\\\/gjiniherbal.com\\\/en_us\\\/shop\\\/\"},{\"@type\":\"ListItem\",\"position\":3,\"name\":\"Vaj p\u00ebr nxirje 80 ml\"}]},{\"@type\":\"WebSite\",\"@id\":\"https:\\\/\\\/gjiniherbal.com\\\/#website\",\"url\":\"https:\\\/\\\/gjiniherbal.com\\\/\",\"name\":\"Gjini Herbal\",\"description\":\"Produkte Natyrale\",\"publisher\":{\"@id\":\"https:\\\/\\\/gjiniherbal.com\\\/#organization\"},\"potentialAction\":[{\"@type\":\"SearchAction\",\"target\":{\"@type\":\"EntryPoint\",\"urlTemplate\":\"https:\\\/\\\/gjiniherbal.com\\\/?s={search_term_string}\"},\"query-input\":{\"@type\":\"PropertyValueSpecification\",\"valueRequired\":true,\"valueName\":\"search_term_string\"}}],\"inLanguage\":\"en-US\"},{\"@type\":\"Organization\",\"@id\":\"https:\\\/\\\/gjiniherbal.com\\\/#organization\",\"name\":\"Gjini Herbal\",\"url\":\"https:\\\/\\\/gjiniherbal.com\\\/\",\"logo\":{\"@type\":\"ImageObject\",\"inLanguage\":\"en-US\",\"@id\":\"https:\\\/\\\/gjiniherbal.com\\\/#\\\/schema\\\/logo\\\/image\\\/\",\"url\":\"https:\\\/\\\/gjiniherbal.com\\\/wp-content\\\/uploads\\\/2022\\\/07\\\/gjini-herbal-logo.png\",\"contentUrl\":\"https:\\\/\\\/gjiniherbal.com\\\/wp-content\\\/uploads\\\/2022\\\/07\\\/gjini-herbal-logo.png\",\"width\":652,\"height\":262,\"caption\":\"Gjini Herbal\"},\"image\":{\"@id\":\"https:\\\/\\\/gjiniherbal.com\\\/#\\\/schema\\\/logo\\\/image\\\/\"},\"sameAs\":[\"https:\\\/\\\/facebook.com\\\/gjiniherbal\",\"https:\\\/\\\/instagram.com\\\/gjiniherbal\",\"https:\\\/\\\/www.youtube.com\\\/channel\\\/UC_tHHueG-qxycnvdro4jHtQ\"]}]}<\/script>\n<!-- \/ Yoast SEO plugin. -->","yoast_head_json":{"title":"Vaj p\u00ebr nxirje 80 ml - Gjini Herbal","description":"Vaji p\u00ebr nxirje Talya ka nj\u00eb kombinim t\u00eb ve\u00e7ant\u00eb t\u00eb gjalpit t\u00eb farave t\u00eb kakaos, vajit t\u00eb karot\u00ebs, vajit t\u00eb lulediellit, vajit t\u00eb kokosit, vajit t\u00eb farave t\u00eb kajsis\u00eb, vajit t\u00eb ullirit, vajit t\u00eb susamit, vajit t\u00eb Jojob\u00ebs dhe vitamin\u00ebs E. Ky vaj i p\u00ebrzier n\u00eb m\u00ebnyr\u00eb perfekte ndihmon p\u00ebr t'u nxir\u00eb m\u00eb shpejt dhe n\u00eb m\u00ebnyr\u00eb natyrale.","robots":{"index":"index","follow":"follow","max-snippet":"max-snippet:-1","max-image-preview":"max-image-preview:large","max-video-preview":"max-video-preview:-1"},"canonical":"https:\/\/gjiniherbal.com\/en_us\/produkt\/kujdes-i-lekures\/vaj-per-nxirje\/","og_locale":"en_US","og_type":"article","og_title":"Vaj p\u00ebr nxirje 80 ml - Gjini Herbal","og_description":"Vaji p\u00ebr nxirje Talya ka nj\u00eb kombinim t\u00eb ve\u00e7ant\u00eb t\u00eb gjalpit t\u00eb farave t\u00eb kakaos, vajit t\u00eb karot\u00ebs, vajit t\u00eb lulediellit, vajit t\u00eb kokosit, vajit t\u00eb farave t\u00eb kajsis\u00eb, vajit t\u00eb ullirit, vajit t\u00eb susamit, vajit t\u00eb Jojob\u00ebs dhe vitamin\u00ebs E. Ky vaj i p\u00ebrzier n\u00eb m\u00ebnyr\u00eb perfekte ndihmon p\u00ebr t'u nxir\u00eb m\u00eb shpejt dhe n\u00eb m\u00ebnyr\u00eb natyrale.","og_url":"https:\/\/gjiniherbal.com\/en_us\/produkt\/kujdes-i-lekures\/vaj-per-nxirje\/","og_site_name":"Gjini Herbal","article_publisher":"https:\/\/facebook.com\/gjiniherbal","article_modified_time":"2024-01-22T13:10:29+00:00","og_image":[{"width":1000,"height":1000,"url":"https:\/\/gjiniherbal.com\/wp-content\/uploads\/2024\/01\/80ml-tanning-oil.webp","type":"image\/webp"}],"twitter_card":"summary_large_image","twitter_misc":{"Est. reading time":"1 minute"},"schema":{"@context":"https:\/\/schema.org","@graph":[{"@type":"WebPage","@id":"https:\/\/gjiniherbal.com\/produkt\/kujdes-i-lekures\/vaj-per-nxirje\/","url":"https:\/\/gjiniherbal.com\/produkt\/kujdes-i-lekures\/vaj-per-nxirje\/","name":"Vaj p\u00ebr nxirje 80 ml - Gjini Herbal","isPartOf":{"@id":"https:\/\/gjiniherbal.com\/#website"},"primaryImageOfPage":{"@id":"https:\/\/gjiniherbal.com\/produkt\/kujdes-i-lekures\/vaj-per-nxirje\/#primaryimage"},"image":{"@id":"https:\/\/gjiniherbal.com\/produkt\/kujdes-i-lekures\/vaj-per-nxirje\/#primaryimage"},"thumbnailUrl":"https:\/\/gjiniherbal.com\/wp-content\/uploads\/2024\/01\/80ml-tanning-oil.webp","datePublished":"2024-01-22T12:21:28+00:00","dateModified":"2024-01-22T13:10:29+00:00","description":"Vaji p\u00ebr nxirje Talya ka nj\u00eb kombinim t\u00eb ve\u00e7ant\u00eb t\u00eb gjalpit t\u00eb farave t\u00eb kakaos, vajit t\u00eb karot\u00ebs, vajit t\u00eb lulediellit, vajit t\u00eb kokosit, vajit t\u00eb farave t\u00eb kajsis\u00eb, vajit t\u00eb ullirit, vajit t\u00eb susamit, vajit t\u00eb Jojob\u00ebs dhe vitamin\u00ebs E. Ky vaj i p\u00ebrzier n\u00eb m\u00ebnyr\u00eb perfekte ndihmon p\u00ebr t'u nxir\u00eb m\u00eb shpejt dhe n\u00eb m\u00ebnyr\u00eb natyrale.","breadcrumb":{"@id":"https:\/\/gjiniherbal.com\/produkt\/kujdes-i-lekures\/vaj-per-nxirje\/#breadcrumb"},"inLanguage":"en-US","potentialAction":[{"@type":"ReadAction","target":["https:\/\/gjiniherbal.com\/produkt\/kujdes-i-lekures\/vaj-per-nxirje\/"]}]},{"@type":"ImageObject","inLanguage":"en-US","@id":"https:\/\/gjiniherbal.com\/produkt\/kujdes-i-lekures\/vaj-per-nxirje\/#primaryimage","url":"https:\/\/gjiniherbal.com\/wp-content\/uploads\/2024\/01\/80ml-tanning-oil.webp","contentUrl":"https:\/\/gjiniherbal.com\/wp-content\/uploads\/2024\/01\/80ml-tanning-oil.webp","width":1000,"height":1000,"caption":"Vaj p\u00ebr parandalimin e \u00e7arjeve t\u00eb l\u00ebkur\u00ebs 80 ml"},{"@type":"BreadcrumbList","@id":"https:\/\/gjiniherbal.com\/produkt\/kujdes-i-lekures\/vaj-per-nxirje\/#breadcrumb","itemListElement":[{"@type":"ListItem","position":1,"name":"Home","item":"https:\/\/gjiniherbal.com\/en_us\/"},{"@type":"ListItem","position":2,"name":"Shop","item":"https:\/\/gjiniherbal.com\/en_us\/shop\/"},{"@type":"ListItem","position":3,"name":"Vaj p\u00ebr nxirje 80 ml"}]},{"@type":"WebSite","@id":"https:\/\/gjiniherbal.com\/#website","url":"https:\/\/gjiniherbal.com\/","name":"Gjini Herbal","description":"Produkte Natyrale","publisher":{"@id":"https:\/\/gjiniherbal.com\/#organization"},"potentialAction":[{"@type":"SearchAction","target":{"@type":"EntryPoint","urlTemplate":"https:\/\/gjiniherbal.com\/?s={search_term_string}"},"query-input":{"@type":"PropertyValueSpecification","valueRequired":true,"valueName":"search_term_string"}}],"inLanguage":"en-US"},{"@type":"Organization","@id":"https:\/\/gjiniherbal.com\/#organization","name":"Gjini Herbal","url":"https:\/\/gjiniherbal.com\/","logo":{"@type":"ImageObject","inLanguage":"en-US","@id":"https:\/\/gjiniherbal.com\/#\/schema\/logo\/image\/","url":"https:\/\/gjiniherbal.com\/wp-content\/uploads\/2022\/07\/gjini-herbal-logo.png","contentUrl":"https:\/\/gjiniherbal.com\/wp-content\/uploads\/2022\/07\/gjini-herbal-logo.png","width":652,"height":262,"caption":"Gjini Herbal"},"image":{"@id":"https:\/\/gjiniherbal.com\/#\/schema\/logo\/image\/"},"sameAs":["https:\/\/facebook.com\/gjiniherbal","https:\/\/instagram.com\/gjiniherbal","https:\/\/www.youtube.com\/channel\/UC_tHHueG-qxycnvdro4jHtQ"]}]}},"jetpack-related-posts":[],"jetpack_sharing_enabled":true,"_links":{"self":[{"href":"https:\/\/gjiniherbal.com\/en_us\/wp-json\/wp\/v2\/product\/2180","targetHints":{"allow":["GET"]}}],"collection":[{"href":"https:\/\/gjiniherbal.com\/en_us\/wp-json\/wp\/v2\/product"}],"about":[{"href":"https:\/\/gjiniherbal.com\/en_us\/wp-json\/wp\/v2\/types\/product"}],"wp:featuredmedia":[{"embeddable":true,"href":"https:\/\/gjiniherbal.com\/en_us\/wp-json\/wp\/v2\/media\/2181"}],"wp:attachment":[{"href":"https:\/\/gjiniherbal.com\/en_us\/wp-json\/wp\/v2\/media?parent=2180"}],"wp:term":[{"taxonomy":"product_brand","embeddable":true,"href":"https:\/\/gjiniherbal.com\/en_us\/wp-json\/wp\/v2\/product_brand?post=2180"},{"taxonomy":"product_cat","embeddable":true,"href":"https:\/\/gjiniherbal.com\/en_us\/wp-json\/wp\/v2\/product_cat?post=2180"},{"taxonomy":"product_tag","embeddable":true,"href":"https:\/\/gjiniherbal.com\/en_us\/wp-json\/wp\/v2\/product_tag?post=2180"}],"curies":[{"name":"wp","href":"https:\/\/api.w.org\/{rel}","templated":true}]}}