{"id":2175,"date":"2024-01-22T12:58:38","date_gmt":"2024-01-22T11:58:38","guid":{"rendered":"https:\/\/gjiniherbal.com\/?post_type=product&#038;p=2175"},"modified":"2024-01-22T13:15:41","modified_gmt":"2024-01-22T12:15:41","slug":"serum-per-kujdesin-vetullave-qerpikeve","status":"publish","type":"product","link":"https:\/\/gjiniherbal.com\/en_us\/product\/kujdesi-fytyres\/serum-per-kujdesin-vetullave-qerpikeve\/","title":{"rendered":"Serum p\u00ebr kujdesin e vetullave &#038; qerpik\u00ebve 10 ml"},"content":{"rendered":"<p>Serumi p\u00ebr kujdesin e vetullave dhe qerpik\u00ebve Talya \u00ebsht\u00eb i formuluar posa\u00e7\u00ebrisht, i gjith\u00eb p\u00ebrzierje vaji natyral p\u00ebr kujdesin e qerpik\u00ebve dhe vetullave. Ai p\u00ebrmban vaj kastori, vaj lajthie, vaj jojoba, vaj t\u00eb far\u00ebs s\u00eb zez\u00eb, vaj susami, vaj hithre, vaj kajsie dhe vitamin\u00eb E. Ky serum mban folikulat e flok\u00ebve n\u00eb nj\u00eb faz\u00eb rritjeje t\u00eb zgjatur, duke lejuar q\u00eb qerpik\u00ebt dhe vetullat t\u00eb arrijn\u00eb gjat\u00ebsi m\u00eb t\u00eb madhe.<\/p>\n<p><strong>P\u00ebrdorimi i sugjeruar:<\/strong> T\u00eb dy serumet p\u00ebr vetullat dhe qerpik\u00ebt aplikohen nj\u00eb her\u00eb n\u00eb dit\u00eb, mund\u00ebsisht para gjumit me nj\u00eb tampon t\u00eb ve\u00e7ant\u00eb.<\/p>\n","protected":false},"excerpt":{"rendered":"<p>Mban folikulat e flok\u00ebve n\u00eb nj\u00eb faz\u00eb rritjeje t\u00eb zgjatur, duke lejuar q\u00eb qerpik\u00ebt dhe vetullat t\u00eb arrijn\u00eb gjat\u00ebsi m\u00eb t\u00eb madhe.<\/p>\n","protected":false},"featured_media":2176,"template":"","meta":{"_acf_changed":false,"_et_pb_use_builder":"","_et_pb_old_content":"","_et_gb_content_width":"","_monsterinsights_skip_tracking":false,"_monsterinsights_sitenote_active":false,"_monsterinsights_sitenote_note":"","_monsterinsights_sitenote_category":0,"_joinchat":[]},"product_brand":[],"product_cat":[831],"product_tag":[915,917,530,916],"class_list":{"0":"post-2175","1":"product","2":"type-product","3":"status-publish","4":"has-post-thumbnail","6":"product_cat-kujdesi-fytyres","7":"product_tag-kujdesi-i-fytyres","8":"product_tag-qerpike","9":"product_tag-serum","10":"product_tag-vetulla","12":"first","13":"instock","14":"shipping-taxable","15":"purchasable","16":"product-type-simple"},"acf":[],"jetpack-related-posts":[],"jetpack_sharing_enabled":true,"_links":{"self":[{"href":"https:\/\/gjiniherbal.com\/en_us\/wp-json\/wp\/v2\/product\/2175","targetHints":{"allow":["GET"]}}],"collection":[{"href":"https:\/\/gjiniherbal.com\/en_us\/wp-json\/wp\/v2\/product"}],"about":[{"href":"https:\/\/gjiniherbal.com\/en_us\/wp-json\/wp\/v2\/types\/product"}],"wp:featuredmedia":[{"embeddable":true,"href":"https:\/\/gjiniherbal.com\/en_us\/wp-json\/wp\/v2\/media\/2176"}],"wp:attachment":[{"href":"https:\/\/gjiniherbal.com\/en_us\/wp-json\/wp\/v2\/media?parent=2175"}],"wp:term":[{"taxonomy":"product_brand","embeddable":true,"href":"https:\/\/gjiniherbal.com\/en_us\/wp-json\/wp\/v2\/product_brand?post=2175"},{"taxonomy":"product_cat","embeddable":true,"href":"https:\/\/gjiniherbal.com\/en_us\/wp-json\/wp\/v2\/product_cat?post=2175"},{"taxonomy":"product_tag","embeddable":true,"href":"https:\/\/gjiniherbal.com\/en_us\/wp-json\/wp\/v2\/product_tag?post=2175"}],"curies":[{"name":"wp","href":"https:\/\/api.w.org\/{rel}","templated":true}]}}