{"id":2166,"date":"2024-01-20T15:04:04","date_gmt":"2024-01-20T14:04:04","guid":{"rendered":"https:\/\/gjiniherbal.com\/?post_type=product&#038;p=2166"},"modified":"2024-03-25T11:54:46","modified_gmt":"2024-03-25T10:54:46","slug":"l-karnitine-suplement-dietik","status":"publish","type":"product","link":"https:\/\/gjiniherbal.com\/en_us\/product\/suplemente-vitamina\/l-karnitine-suplement-dietik\/","title":{"rendered":"L-Karnitin\u00eb (suplement dietik)"},"content":{"rendered":"<p><strong>P\u00ebrfitimet:<\/strong><\/p>\n<ul>\n<li>Shnd\u00ebrron yndyrnat n\u00eb energji.<\/li>\n<li>Diuretik.<\/li>\n<li>Stimulon sistemin e tretjes.<\/li>\n<li>Ndihmon n\u00eb largimin e l\u00ebngjeve t\u00eb tep\u00ebrta.<\/li>\n<\/ul>\n<p><strong>P\u00ebrdorimi i sugjeruar:<\/strong> P\u00ebr t\u00eb rriturit, rekomandohet t\u00eb merret 1 kapsul\u00eb 3 her\u00eb n\u00eb dit\u00eb, me shum\u00eb uj\u00eb, me vakte.<\/p>\n","protected":false},"excerpt":{"rendered":"<ul>\n<li>Shnd\u00ebrron yndyrnat n\u00eb energji.<\/li>\n<li>Diuretik.<\/li>\n<li>Stimulon sistemin e tretjes.<\/li>\n<li>Ndihmon n\u00eb largimin e l\u00ebngjeve t\u00eb tep\u00ebrta.<\/li>\n<\/ul>\n<p><strong>60 kapsula<\/strong><\/p>\n","protected":false},"featured_media":2168,"template":"","meta":{"_acf_changed":false,"_et_pb_use_builder":"","_et_pb_old_content":"","_et_gb_content_width":"","_monsterinsights_skip_tracking":false,"_monsterinsights_sitenote_active":false,"_monsterinsights_sitenote_note":"","_monsterinsights_sitenote_category":0,"_joinchat":[]},"product_brand":[],"product_cat":[457],"product_tag":[902,669,905,904,795],"class_list":{"0":"post-2166","1":"product","2":"type-product","3":"status-publish","4":"has-post-thumbnail","6":"product_cat-suplemente-vitamina","7":"product_tag-diuretik","8":"product_tag-energji","9":"product_tag-karnitina","10":"product_tag-l-carnitine","11":"product_tag-tretje","13":"first","14":"instock","15":"shipping-taxable","16":"purchasable","17":"product-type-simple"},"acf":[],"jetpack-related-posts":[],"jetpack_sharing_enabled":true,"_links":{"self":[{"href":"https:\/\/gjiniherbal.com\/en_us\/wp-json\/wp\/v2\/product\/2166","targetHints":{"allow":["GET"]}}],"collection":[{"href":"https:\/\/gjiniherbal.com\/en_us\/wp-json\/wp\/v2\/product"}],"about":[{"href":"https:\/\/gjiniherbal.com\/en_us\/wp-json\/wp\/v2\/types\/product"}],"wp:featuredmedia":[{"embeddable":true,"href":"https:\/\/gjiniherbal.com\/en_us\/wp-json\/wp\/v2\/media\/2168"}],"wp:attachment":[{"href":"https:\/\/gjiniherbal.com\/en_us\/wp-json\/wp\/v2\/media?parent=2166"}],"wp:term":[{"taxonomy":"product_brand","embeddable":true,"href":"https:\/\/gjiniherbal.com\/en_us\/wp-json\/wp\/v2\/product_brand?post=2166"},{"taxonomy":"product_cat","embeddable":true,"href":"https:\/\/gjiniherbal.com\/en_us\/wp-json\/wp\/v2\/product_cat?post=2166"},{"taxonomy":"product_tag","embeddable":true,"href":"https:\/\/gjiniherbal.com\/en_us\/wp-json\/wp\/v2\/product_tag?post=2166"}],"curies":[{"name":"wp","href":"https:\/\/api.w.org\/{rel}","templated":true}]}}