{"id":2153,"date":"2024-01-19T19:55:02","date_gmt":"2024-01-19T18:55:02","guid":{"rendered":"https:\/\/gjiniherbal.com\/?post_type=product&#038;p=2153"},"modified":"2024-03-25T11:53:51","modified_gmt":"2024-03-25T10:53:51","slug":"xhinsengu-korean-suplement-dietik","status":"publish","type":"product","link":"https:\/\/gjiniherbal.com\/en_us\/product\/suplemente-vitamina\/xhinsengu-korean-suplement-dietik\/","title":{"rendered":"Xhinsengu i kuq korean (suplement dietik)"},"content":{"rendered":"<p>Bima e xhensenit rritet vendas n\u00eb Azi, n\u00eb zona si Koreja e Jugut dhe Kina. P\u00ebr mij\u00ebra vjet, rr\u00ebnj\u00ebt e xhensenit jan\u00eb p\u00ebrdorur si nj\u00eb p\u00ebrshtat\u00ebs q\u00eb siguron performanc\u00eb dhe mb\u00ebshtetje energjie.<\/p>\n<p>Talya Herbal p\u00ebrdor t\u00eb gjith\u00eb p\u00ebrb\u00ebr\u00ebsit natyral\u00eb p\u00ebr t\u00eb ofruar produktin m\u00eb t\u00eb mir\u00eb n\u00eb treg. Duke shfryt\u00ebzuar nj\u00eb proces q\u00eb ruan 100% t\u00eb p\u00ebrb\u00ebr\u00ebsve aktiv\u00eb, Talya Herbal prodhon xhensen t\u00eb kuq korean p\u00ebrmes m\u00ebnyr\u00ebs m\u00eb natyrale p\u00ebr rezultate m\u00eb t\u00eb mira.<\/p>\n<p><strong>P\u00ebrfitimet:<\/strong><\/p>\n<ul>\n<li>Rrit performanc\u00ebn fizike.<\/li>\n<li>Ndihmon n\u00eb ruajtjen e nivelit t\u00eb lart\u00eb t\u00eb energjis\u00eb n\u00eb kushte stresuese.<\/li>\n<li>Mb\u00ebshtet v\u00ebmendjen e p\u00ebrqendruar.<\/li>\n<\/ul>\n<p>&nbsp;<\/p>\n<p><strong>P\u00ebrdorimi i sugjeruar:<\/strong> P\u00ebr t\u00eb rriturit rekomandohet marrja e 1 tablet\u00eb dy her\u00eb n\u00eb dit\u00eb, me shum\u00eb uj\u00eb, me vakte.<\/p>\n","protected":false},"excerpt":{"rendered":"<ul>\n<li>Rrit performanc\u00ebn fizike.<\/li>\n<li>Ndihmon n\u00eb ruajtjen e nivelit t\u00eb lart\u00eb t\u00eb energjis\u00eb n\u00eb kushte stresuese.<\/li>\n<li>Mb\u00ebshtet v\u00ebmendjen e p\u00ebrqendruar.<\/li>\n<\/ul>\n<p><strong>60 tableta<\/strong><\/p>\n","protected":false},"featured_media":2154,"template":"","meta":{"_acf_changed":false,"_et_pb_use_builder":"","_et_pb_old_content":"","_et_gb_content_width":"","_monsterinsights_skip_tracking":false,"_monsterinsights_sitenote_active":false,"_monsterinsights_sitenote_note":"","_monsterinsights_sitenote_category":0,"_joinchat":[]},"product_brand":[],"product_cat":[457],"product_tag":[669,893,894,895,867,891,892],"class_list":{"0":"post-2153","1":"product","2":"type-product","3":"status-publish","4":"has-post-thumbnail","6":"product_cat-suplemente-vitamina","7":"product_tag-energji","8":"product_tag-fokus","9":"product_tag-fuqi","10":"product_tag-suplement","11":"product_tag-suplement-dietik","12":"product_tag-xhinseng","13":"product_tag-xhinsengu-i-kuq-korean","15":"first","16":"instock","17":"shipping-taxable","18":"purchasable","19":"product-type-simple"},"acf":[],"yoast_head":"<!-- This site is optimized with the Yoast SEO plugin v27.4 - https:\/\/yoast.com\/product\/yoast-seo-wordpress\/ -->\n<title>Xhinsengu i kuq korean (suplement dietik) - Gjini Herbal<\/title>\n<meta name=\"description\" content=\"Rrit performanc\u00ebn fizike. Ndihmon n\u00eb ruajtjen e nivelit t\u00eb lart\u00eb t\u00eb energjis\u00eb n\u00eb kushte stresuese. Mb\u00ebshtet v\u00ebmendjen e p\u00ebrqendruar.\" \/>\n<meta name=\"robots\" content=\"index, follow, max-snippet:-1, max-image-preview:large, max-video-preview:-1\" \/>\n<link rel=\"canonical\" href=\"https:\/\/gjiniherbal.com\/en_us\/produkt\/suplemente-vitamina\/xhinsengu-korean-suplement-dietik\/\" \/>\n<meta property=\"og:locale\" content=\"en_US\" \/>\n<meta property=\"og:type\" content=\"article\" \/>\n<meta property=\"og:title\" content=\"Xhinsengu i kuq korean (suplement dietik) - Gjini Herbal\" \/>\n<meta property=\"og:description\" content=\"Rrit performanc\u00ebn fizike. Ndihmon n\u00eb ruajtjen e nivelit t\u00eb lart\u00eb t\u00eb energjis\u00eb n\u00eb kushte stresuese. Mb\u00ebshtet v\u00ebmendjen e p\u00ebrqendruar.\" \/>\n<meta property=\"og:url\" content=\"https:\/\/gjiniherbal.com\/en_us\/produkt\/suplemente-vitamina\/xhinsengu-korean-suplement-dietik\/\" \/>\n<meta property=\"og:site_name\" content=\"Gjini Herbal\" \/>\n<meta property=\"article:publisher\" content=\"https:\/\/facebook.com\/gjiniherbal\" \/>\n<meta property=\"article:modified_time\" content=\"2024-03-25T10:53:51+00:00\" \/>\n<meta property=\"og:image\" content=\"https:\/\/gjiniherbal.com\/wp-content\/uploads\/2024\/01\/talya-korean-red-ginseng-dietary-supplement-supports-energy-focus-performance-brain-function-memory-immune-function.webp\" \/>\n\t<meta property=\"og:image:width\" content=\"1000\" \/>\n\t<meta property=\"og:image:height\" content=\"1000\" \/>\n\t<meta property=\"og:image:type\" content=\"image\/webp\" \/>\n<meta name=\"twitter:card\" content=\"summary_large_image\" \/>\n<meta name=\"twitter:label1\" content=\"Est. reading time\" \/>\n\t<meta name=\"twitter:data1\" content=\"1 minute\" \/>\n<script type=\"application\/ld+json\" class=\"yoast-schema-graph\">{\"@context\":\"https:\\\/\\\/schema.org\",\"@graph\":[{\"@type\":\"WebPage\",\"@id\":\"https:\\\/\\\/gjiniherbal.com\\\/produkt\\\/suplemente-vitamina\\\/xhinsengu-korean-suplement-dietik\\\/\",\"url\":\"https:\\\/\\\/gjiniherbal.com\\\/produkt\\\/suplemente-vitamina\\\/xhinsengu-korean-suplement-dietik\\\/\",\"name\":\"Xhinsengu i kuq korean (suplement dietik) - Gjini Herbal\",\"isPartOf\":{\"@id\":\"https:\\\/\\\/gjiniherbal.com\\\/#website\"},\"primaryImageOfPage\":{\"@id\":\"https:\\\/\\\/gjiniherbal.com\\\/produkt\\\/suplemente-vitamina\\\/xhinsengu-korean-suplement-dietik\\\/#primaryimage\"},\"image\":{\"@id\":\"https:\\\/\\\/gjiniherbal.com\\\/produkt\\\/suplemente-vitamina\\\/xhinsengu-korean-suplement-dietik\\\/#primaryimage\"},\"thumbnailUrl\":\"https:\\\/\\\/gjiniherbal.com\\\/wp-content\\\/uploads\\\/2024\\\/01\\\/talya-korean-red-ginseng-dietary-supplement-supports-energy-focus-performance-brain-function-memory-immune-function.webp\",\"datePublished\":\"2024-01-19T18:55:02+00:00\",\"dateModified\":\"2024-03-25T10:53:51+00:00\",\"description\":\"Rrit performanc\u00ebn fizike. Ndihmon n\u00eb ruajtjen e nivelit t\u00eb lart\u00eb t\u00eb energjis\u00eb n\u00eb kushte stresuese. Mb\u00ebshtet v\u00ebmendjen e p\u00ebrqendruar.\",\"breadcrumb\":{\"@id\":\"https:\\\/\\\/gjiniherbal.com\\\/produkt\\\/suplemente-vitamina\\\/xhinsengu-korean-suplement-dietik\\\/#breadcrumb\"},\"inLanguage\":\"en-US\",\"potentialAction\":[{\"@type\":\"ReadAction\",\"target\":[\"https:\\\/\\\/gjiniherbal.com\\\/produkt\\\/suplemente-vitamina\\\/xhinsengu-korean-suplement-dietik\\\/\"]}]},{\"@type\":\"ImageObject\",\"inLanguage\":\"en-US\",\"@id\":\"https:\\\/\\\/gjiniherbal.com\\\/produkt\\\/suplemente-vitamina\\\/xhinsengu-korean-suplement-dietik\\\/#primaryimage\",\"url\":\"https:\\\/\\\/gjiniherbal.com\\\/wp-content\\\/uploads\\\/2024\\\/01\\\/talya-korean-red-ginseng-dietary-supplement-supports-energy-focus-performance-brain-function-memory-immune-function.webp\",\"contentUrl\":\"https:\\\/\\\/gjiniherbal.com\\\/wp-content\\\/uploads\\\/2024\\\/01\\\/talya-korean-red-ginseng-dietary-supplement-supports-energy-focus-performance-brain-function-memory-immune-function.webp\",\"width\":1000,\"height\":1000,\"caption\":\"Xhinsengu i kuq korean (suplement dietik)\"},{\"@type\":\"BreadcrumbList\",\"@id\":\"https:\\\/\\\/gjiniherbal.com\\\/produkt\\\/suplemente-vitamina\\\/xhinsengu-korean-suplement-dietik\\\/#breadcrumb\",\"itemListElement\":[{\"@type\":\"ListItem\",\"position\":1,\"name\":\"Home\",\"item\":\"https:\\\/\\\/gjiniherbal.com\\\/en_us\\\/\"},{\"@type\":\"ListItem\",\"position\":2,\"name\":\"Shop\",\"item\":\"https:\\\/\\\/gjiniherbal.com\\\/en_us\\\/shop\\\/\"},{\"@type\":\"ListItem\",\"position\":3,\"name\":\"Xhinsengu i kuq korean (suplement dietik)\"}]},{\"@type\":\"WebSite\",\"@id\":\"https:\\\/\\\/gjiniherbal.com\\\/#website\",\"url\":\"https:\\\/\\\/gjiniherbal.com\\\/\",\"name\":\"Gjini Herbal\",\"description\":\"Produkte Natyrale\",\"publisher\":{\"@id\":\"https:\\\/\\\/gjiniherbal.com\\\/#organization\"},\"potentialAction\":[{\"@type\":\"SearchAction\",\"target\":{\"@type\":\"EntryPoint\",\"urlTemplate\":\"https:\\\/\\\/gjiniherbal.com\\\/?s={search_term_string}\"},\"query-input\":{\"@type\":\"PropertyValueSpecification\",\"valueRequired\":true,\"valueName\":\"search_term_string\"}}],\"inLanguage\":\"en-US\"},{\"@type\":\"Organization\",\"@id\":\"https:\\\/\\\/gjiniherbal.com\\\/#organization\",\"name\":\"Gjini Herbal\",\"url\":\"https:\\\/\\\/gjiniherbal.com\\\/\",\"logo\":{\"@type\":\"ImageObject\",\"inLanguage\":\"en-US\",\"@id\":\"https:\\\/\\\/gjiniherbal.com\\\/#\\\/schema\\\/logo\\\/image\\\/\",\"url\":\"https:\\\/\\\/gjiniherbal.com\\\/wp-content\\\/uploads\\\/2022\\\/07\\\/gjini-herbal-logo.png\",\"contentUrl\":\"https:\\\/\\\/gjiniherbal.com\\\/wp-content\\\/uploads\\\/2022\\\/07\\\/gjini-herbal-logo.png\",\"width\":652,\"height\":262,\"caption\":\"Gjini Herbal\"},\"image\":{\"@id\":\"https:\\\/\\\/gjiniherbal.com\\\/#\\\/schema\\\/logo\\\/image\\\/\"},\"sameAs\":[\"https:\\\/\\\/facebook.com\\\/gjiniherbal\",\"https:\\\/\\\/instagram.com\\\/gjiniherbal\",\"https:\\\/\\\/www.youtube.com\\\/channel\\\/UC_tHHueG-qxycnvdro4jHtQ\"]}]}<\/script>\n<!-- \/ Yoast SEO plugin. -->","yoast_head_json":{"title":"Xhinsengu i kuq korean (suplement dietik) - Gjini Herbal","description":"Rrit performanc\u00ebn fizike. Ndihmon n\u00eb ruajtjen e nivelit t\u00eb lart\u00eb t\u00eb energjis\u00eb n\u00eb kushte stresuese. Mb\u00ebshtet v\u00ebmendjen e p\u00ebrqendruar.","robots":{"index":"index","follow":"follow","max-snippet":"max-snippet:-1","max-image-preview":"max-image-preview:large","max-video-preview":"max-video-preview:-1"},"canonical":"https:\/\/gjiniherbal.com\/en_us\/produkt\/suplemente-vitamina\/xhinsengu-korean-suplement-dietik\/","og_locale":"en_US","og_type":"article","og_title":"Xhinsengu i kuq korean (suplement dietik) - Gjini Herbal","og_description":"Rrit performanc\u00ebn fizike. Ndihmon n\u00eb ruajtjen e nivelit t\u00eb lart\u00eb t\u00eb energjis\u00eb n\u00eb kushte stresuese. Mb\u00ebshtet v\u00ebmendjen e p\u00ebrqendruar.","og_url":"https:\/\/gjiniherbal.com\/en_us\/produkt\/suplemente-vitamina\/xhinsengu-korean-suplement-dietik\/","og_site_name":"Gjini Herbal","article_publisher":"https:\/\/facebook.com\/gjiniherbal","article_modified_time":"2024-03-25T10:53:51+00:00","og_image":[{"width":1000,"height":1000,"url":"https:\/\/gjiniherbal.com\/wp-content\/uploads\/2024\/01\/talya-korean-red-ginseng-dietary-supplement-supports-energy-focus-performance-brain-function-memory-immune-function.webp","type":"image\/webp"}],"twitter_card":"summary_large_image","twitter_misc":{"Est. reading time":"1 minute"},"schema":{"@context":"https:\/\/schema.org","@graph":[{"@type":"WebPage","@id":"https:\/\/gjiniherbal.com\/produkt\/suplemente-vitamina\/xhinsengu-korean-suplement-dietik\/","url":"https:\/\/gjiniherbal.com\/produkt\/suplemente-vitamina\/xhinsengu-korean-suplement-dietik\/","name":"Xhinsengu i kuq korean (suplement dietik) - Gjini Herbal","isPartOf":{"@id":"https:\/\/gjiniherbal.com\/#website"},"primaryImageOfPage":{"@id":"https:\/\/gjiniherbal.com\/produkt\/suplemente-vitamina\/xhinsengu-korean-suplement-dietik\/#primaryimage"},"image":{"@id":"https:\/\/gjiniherbal.com\/produkt\/suplemente-vitamina\/xhinsengu-korean-suplement-dietik\/#primaryimage"},"thumbnailUrl":"https:\/\/gjiniherbal.com\/wp-content\/uploads\/2024\/01\/talya-korean-red-ginseng-dietary-supplement-supports-energy-focus-performance-brain-function-memory-immune-function.webp","datePublished":"2024-01-19T18:55:02+00:00","dateModified":"2024-03-25T10:53:51+00:00","description":"Rrit performanc\u00ebn fizike. Ndihmon n\u00eb ruajtjen e nivelit t\u00eb lart\u00eb t\u00eb energjis\u00eb n\u00eb kushte stresuese. Mb\u00ebshtet v\u00ebmendjen e p\u00ebrqendruar.","breadcrumb":{"@id":"https:\/\/gjiniherbal.com\/produkt\/suplemente-vitamina\/xhinsengu-korean-suplement-dietik\/#breadcrumb"},"inLanguage":"en-US","potentialAction":[{"@type":"ReadAction","target":["https:\/\/gjiniherbal.com\/produkt\/suplemente-vitamina\/xhinsengu-korean-suplement-dietik\/"]}]},{"@type":"ImageObject","inLanguage":"en-US","@id":"https:\/\/gjiniherbal.com\/produkt\/suplemente-vitamina\/xhinsengu-korean-suplement-dietik\/#primaryimage","url":"https:\/\/gjiniherbal.com\/wp-content\/uploads\/2024\/01\/talya-korean-red-ginseng-dietary-supplement-supports-energy-focus-performance-brain-function-memory-immune-function.webp","contentUrl":"https:\/\/gjiniherbal.com\/wp-content\/uploads\/2024\/01\/talya-korean-red-ginseng-dietary-supplement-supports-energy-focus-performance-brain-function-memory-immune-function.webp","width":1000,"height":1000,"caption":"Xhinsengu i kuq korean (suplement dietik)"},{"@type":"BreadcrumbList","@id":"https:\/\/gjiniherbal.com\/produkt\/suplemente-vitamina\/xhinsengu-korean-suplement-dietik\/#breadcrumb","itemListElement":[{"@type":"ListItem","position":1,"name":"Home","item":"https:\/\/gjiniherbal.com\/en_us\/"},{"@type":"ListItem","position":2,"name":"Shop","item":"https:\/\/gjiniherbal.com\/en_us\/shop\/"},{"@type":"ListItem","position":3,"name":"Xhinsengu i kuq korean (suplement dietik)"}]},{"@type":"WebSite","@id":"https:\/\/gjiniherbal.com\/#website","url":"https:\/\/gjiniherbal.com\/","name":"Gjini Herbal","description":"Produkte Natyrale","publisher":{"@id":"https:\/\/gjiniherbal.com\/#organization"},"potentialAction":[{"@type":"SearchAction","target":{"@type":"EntryPoint","urlTemplate":"https:\/\/gjiniherbal.com\/?s={search_term_string}"},"query-input":{"@type":"PropertyValueSpecification","valueRequired":true,"valueName":"search_term_string"}}],"inLanguage":"en-US"},{"@type":"Organization","@id":"https:\/\/gjiniherbal.com\/#organization","name":"Gjini Herbal","url":"https:\/\/gjiniherbal.com\/","logo":{"@type":"ImageObject","inLanguage":"en-US","@id":"https:\/\/gjiniherbal.com\/#\/schema\/logo\/image\/","url":"https:\/\/gjiniherbal.com\/wp-content\/uploads\/2022\/07\/gjini-herbal-logo.png","contentUrl":"https:\/\/gjiniherbal.com\/wp-content\/uploads\/2022\/07\/gjini-herbal-logo.png","width":652,"height":262,"caption":"Gjini Herbal"},"image":{"@id":"https:\/\/gjiniherbal.com\/#\/schema\/logo\/image\/"},"sameAs":["https:\/\/facebook.com\/gjiniherbal","https:\/\/instagram.com\/gjiniherbal","https:\/\/www.youtube.com\/channel\/UC_tHHueG-qxycnvdro4jHtQ"]}]}},"jetpack-related-posts":[],"jetpack_sharing_enabled":true,"_links":{"self":[{"href":"https:\/\/gjiniherbal.com\/en_us\/wp-json\/wp\/v2\/product\/2153","targetHints":{"allow":["GET"]}}],"collection":[{"href":"https:\/\/gjiniherbal.com\/en_us\/wp-json\/wp\/v2\/product"}],"about":[{"href":"https:\/\/gjiniherbal.com\/en_us\/wp-json\/wp\/v2\/types\/product"}],"wp:featuredmedia":[{"embeddable":true,"href":"https:\/\/gjiniherbal.com\/en_us\/wp-json\/wp\/v2\/media\/2154"}],"wp:attachment":[{"href":"https:\/\/gjiniherbal.com\/en_us\/wp-json\/wp\/v2\/media?parent=2153"}],"wp:term":[{"taxonomy":"product_brand","embeddable":true,"href":"https:\/\/gjiniherbal.com\/en_us\/wp-json\/wp\/v2\/product_brand?post=2153"},{"taxonomy":"product_cat","embeddable":true,"href":"https:\/\/gjiniherbal.com\/en_us\/wp-json\/wp\/v2\/product_cat?post=2153"},{"taxonomy":"product_tag","embeddable":true,"href":"https:\/\/gjiniherbal.com\/en_us\/wp-json\/wp\/v2\/product_tag?post=2153"}],"curies":[{"name":"wp","href":"https:\/\/api.w.org\/{rel}","templated":true}]}}