{"id":2131,"date":"2024-01-19T10:03:22","date_gmt":"2024-01-19T09:03:22","guid":{"rendered":"https:\/\/gjiniherbal.com\/?post_type=product&#038;p=2131"},"modified":"2024-01-19T10:03:23","modified_gmt":"2024-01-19T09:03:23","slug":"vitamine-c","status":"publish","type":"product","link":"https:\/\/gjiniherbal.com\/en_us\/product\/suplemente-vitamina\/vitamine-c\/","title":{"rendered":"VITAMIN\u00cb C"},"content":{"rendered":"<p>Vitamina C, e quajtur edhe acid askorbik, \u00ebsht\u00eb nj\u00eb lloj vitamine e tretshme n\u00eb uj\u00eb e cila nuk prodhohet nga trupi yn\u00eb. Kjo \u00ebsht\u00eb arsyeja pse trupi yn\u00eb merr sasin\u00eb e nevojshme t\u00eb vitamin\u00ebs C nga ushqimi ose suplementet dietike.<\/p>\n<p><strong>P\u00ebrfitimet:<\/strong><\/p>\n<ul>\n<li>Antioksidant.<\/li>\n<li>P\u00ebr sh\u00ebndetin kardiovaskular.<\/li>\n<li>Mb\u00ebshtetje kund\u00ebr ftohjes, gripit dhe gjat\u00eb trajtimit t\u00eb ftohjes.<\/li>\n<li>P\u00ebr mb\u00ebshtetje t\u00eb p\u00ebrgjithshme imune.<\/li>\n<li>Mb\u00ebshtetje p\u00ebr sh\u00ebndetin e l\u00ebkur\u00ebs.<\/li>\n<li>Ka efekt anti-plakje.<\/li>\n<\/ul>\n<p>&nbsp;<\/p>\n<p><strong>P\u00ebrdorimi i sugjeruar:<\/strong> P\u00ebr t\u00eb rriturit, rekomandohet t\u00eb merret 1 tablet\u00eb dy her\u00eb n\u00eb dit\u00eb, me shum\u00eb uj\u00eb, me vakte.<\/p>\n","protected":false},"excerpt":{"rendered":"<ul>\n<li>Antioksidant.<\/li>\n<li>P\u00ebr sh\u00ebndetin kardiovaskular.<\/li>\n<li>Mb\u00ebshtetje kund\u00ebr ftohjes, gripit dhe gjat\u00eb trajtimit t\u00eb ftohjes.<\/li>\n<li>P\u00ebr mb\u00ebshtetje t\u00eb p\u00ebrgjithshme imune.<\/li>\n<li>Mb\u00ebshtetje p\u00ebr sh\u00ebndetin e l\u00ebkur\u00ebs.<\/li>\n<li>Ka efekt anti-plakje.<\/li>\n<\/ul>\n<p><strong>60 tableta<\/strong><\/p>\n","protected":false},"featured_media":2132,"template":"","meta":{"_acf_changed":false,"_et_pb_use_builder":"","_et_pb_old_content":"","_et_gb_content_width":"","_monsterinsights_skip_tracking":false,"_monsterinsights_sitenote_active":false,"_monsterinsights_sitenote_note":"","_monsterinsights_sitenote_category":0,"_joinchat":[]},"product_brand":[],"product_cat":[457],"product_tag":[714,883,614,617],"class_list":{"0":"post-2131","1":"product","2":"type-product","3":"status-publish","4":"has-post-thumbnail","6":"product_cat-suplemente-vitamina","7":"product_tag-imunitet","8":"product_tag-vitamin-c","9":"product_tag-vitamina","10":"product_tag-vitamina-c","12":"first","13":"instock","14":"shipping-taxable","15":"purchasable","16":"product-type-simple"},"acf":[],"jetpack-related-posts":[],"jetpack_sharing_enabled":true,"_links":{"self":[{"href":"https:\/\/gjiniherbal.com\/en_us\/wp-json\/wp\/v2\/product\/2131","targetHints":{"allow":["GET"]}}],"collection":[{"href":"https:\/\/gjiniherbal.com\/en_us\/wp-json\/wp\/v2\/product"}],"about":[{"href":"https:\/\/gjiniherbal.com\/en_us\/wp-json\/wp\/v2\/types\/product"}],"wp:featuredmedia":[{"embeddable":true,"href":"https:\/\/gjiniherbal.com\/en_us\/wp-json\/wp\/v2\/media\/2132"}],"wp:attachment":[{"href":"https:\/\/gjiniherbal.com\/en_us\/wp-json\/wp\/v2\/media?parent=2131"}],"wp:term":[{"taxonomy":"product_brand","embeddable":true,"href":"https:\/\/gjiniherbal.com\/en_us\/wp-json\/wp\/v2\/product_brand?post=2131"},{"taxonomy":"product_cat","embeddable":true,"href":"https:\/\/gjiniherbal.com\/en_us\/wp-json\/wp\/v2\/product_cat?post=2131"},{"taxonomy":"product_tag","embeddable":true,"href":"https:\/\/gjiniherbal.com\/en_us\/wp-json\/wp\/v2\/product_tag?post=2131"}],"curies":[{"name":"wp","href":"https:\/\/api.w.org\/{rel}","templated":true}]}}