{"id":2115,"date":"2024-01-18T19:01:55","date_gmt":"2024-01-18T18:01:55","guid":{"rendered":"https:\/\/gjiniherbal.com\/?post_type=product&#038;p=2115"},"modified":"2024-11-19T16:19:47","modified_gmt":"2024-11-19T15:19:47","slug":"gjalp-kokosi","status":"publish","type":"product","link":"https:\/\/gjiniherbal.com\/en_us\/product\/kujdes-i-lekures\/gjalp-kokosi\/","title":{"rendered":"Vaj kokosi 150 ml"},"content":{"rendered":"<p>Vaji i kokosit \u00ebsht\u00eb nj\u00eb zbut\u00ebs i shk\u00eblqyesh\u00ebm p\u00ebr l\u00ebkur\u00ebn e irrituar. \u00cbsht\u00eb i shk\u00eblqyesh\u00ebm p\u00ebr ta riparuar dhe rivendosur k\u00ebt\u00eb shpejt pasi p\u00ebrthithet me shpejt\u00ebsi n\u00eb epiderm\u00eb. Vaji i kokosit p\u00ebrmban vitamin\u00eb E, aminoacide esenciale dhe acid laurik dhe kaprilik, t\u00eb cil\u00ebt p\u00ebrb\u00ebjn\u00eb pjes\u00eb t\u00eb funksionit pengues t\u00eb l\u00ebkur\u00ebs tuaj dhe ndihmojn\u00eb n\u00eb ruajtjen e flor\u00ebs natyrale t\u00eb l\u00ebkur\u00ebs tuaj. Mund t\u00eb p\u00ebrdoret si nj\u00eb pastrues natyral i grimit. Ka veti antibakteriale dhe antimykotike. \u00cbsht\u00eb i shk\u00eblqyesh\u00ebm p\u00ebr flok\u00ebt.<\/p>\n<p><strong>P\u00ebr p\u00ebrdorim t\u00eb jasht\u00ebm dhe t\u00eb brendsh\u00ebm:<\/strong> Mund t\u00eb aplikohet n\u00eb zon\u00ebn e nevojshme dhe n\u00eb flok\u00eb.<\/p>\n","protected":false},"excerpt":{"rendered":"<ul>\n<li>\u00cbsht\u00eb nj\u00eb zbut\u00ebs i madh i l\u00ebkur\u00ebs.<\/li>\n<li>Ndihmon n\u00eb ruajtjen e flor\u00ebs natyrale t\u00eb l\u00ebkur\u00ebs tuaj.<\/li>\n<li>Mund t\u00eb p\u00ebrdoret si pastrues natyral i grimit.<\/li>\n<li>Ka veti antibakteriale dhe antimykotike.<\/li>\n<li>\u00cbsht\u00eb i mrekulluesh\u00ebm p\u00ebr flok\u00ebt.<\/li>\n<\/ul>\n","protected":false},"featured_media":2119,"template":"","meta":{"_acf_changed":false,"_et_pb_use_builder":"","_et_pb_old_content":"","_et_gb_content_width":"","_monsterinsights_skip_tracking":false,"_monsterinsights_sitenote_active":false,"_monsterinsights_sitenote_note":"","_monsterinsights_sitenote_category":0,"_joinchat":[]},"product_brand":[],"product_cat":[480,922,831],"product_tag":[878,877,923,915,879,495,689],"class_list":{"0":"post-2115","1":"product","2":"type-product","3":"status-publish","4":"has-post-thumbnail","6":"product_cat-kujdes-i-lekures","7":"product_cat-kujdesi-i-flokeve","8":"product_cat-kujdesi-fytyres","9":"product_tag-gjalp-kokosi","10":"product_tag-kokosi","11":"product_tag-kujdesi-i-flokeve","12":"product_tag-kujdesi-i-fytyres","13":"product_tag-kujdesi-i-lekures","14":"product_tag-lekura","15":"product_tag-vaj-kokosi","17":"first","18":"instock","19":"shipping-taxable","20":"purchasable","21":"product-type-simple"},"acf":[],"jetpack-related-posts":[],"jetpack_sharing_enabled":true,"_links":{"self":[{"href":"https:\/\/gjiniherbal.com\/en_us\/wp-json\/wp\/v2\/product\/2115","targetHints":{"allow":["GET"]}}],"collection":[{"href":"https:\/\/gjiniherbal.com\/en_us\/wp-json\/wp\/v2\/product"}],"about":[{"href":"https:\/\/gjiniherbal.com\/en_us\/wp-json\/wp\/v2\/types\/product"}],"wp:featuredmedia":[{"embeddable":true,"href":"https:\/\/gjiniherbal.com\/en_us\/wp-json\/wp\/v2\/media\/2119"}],"wp:attachment":[{"href":"https:\/\/gjiniherbal.com\/en_us\/wp-json\/wp\/v2\/media?parent=2115"}],"wp:term":[{"taxonomy":"product_brand","embeddable":true,"href":"https:\/\/gjiniherbal.com\/en_us\/wp-json\/wp\/v2\/product_brand?post=2115"},{"taxonomy":"product_cat","embeddable":true,"href":"https:\/\/gjiniherbal.com\/en_us\/wp-json\/wp\/v2\/product_cat?post=2115"},{"taxonomy":"product_tag","embeddable":true,"href":"https:\/\/gjiniherbal.com\/en_us\/wp-json\/wp\/v2\/product_tag?post=2115"}],"curies":[{"name":"wp","href":"https:\/\/api.w.org\/{rel}","templated":true}]}}