{"id":2094,"date":"2024-01-18T15:57:34","date_gmt":"2024-01-18T14:57:34","guid":{"rendered":"https:\/\/gjiniherbal.com\/?post_type=product&#038;p=2094"},"modified":"2024-01-18T15:57:35","modified_gmt":"2024-01-18T14:57:35","slug":"vitamine-d3-10-ml","status":"publish","type":"product","link":"https:\/\/gjiniherbal.com\/en_us\/product\/suplemente-vitamina\/vitamine-d3-10-ml\/","title":{"rendered":"Vitamin\u00eb D3 10 ml"},"content":{"rendered":"<p><strong>P\u00ebrfitimet:<\/strong><\/p>\n<p>\u00b7 Ndihmon p\u00ebr sh\u00ebndetin e p\u00ebrgjithsh\u00ebm t\u00eb kockave<br \/>\n\u00b7 Ndihmon p\u00ebr mb\u00ebshtetjen e sistemit imunitar<br \/>\n\u00b7 Ndihmon p\u00ebr sigurimin e p\u00ebrthithjes s\u00eb kalciumit<\/p>\n<p><strong>P\u00ebrdorimi i sugjeruar:<\/strong> rekomandohet p\u00ebrdorimi i 2 pikave nj\u00eb her\u00eb n\u00eb dit\u00eb p\u00ebr f\u00ebmij\u00ebt e mosh\u00ebs 4-10 vje\u00e7 dhe 4 pika nj\u00eb her\u00eb n\u00eb dit\u00eb p\u00ebr f\u00ebmij\u00ebt mbi 11 vje\u00e7 dhe t\u00eb rriturit, me vakte.<\/p>\n","protected":false},"excerpt":{"rendered":"<ul>\n<li>Ndihmon p\u00ebr sh\u00ebndetin e p\u00ebrgjithsh\u00ebm t\u00eb kockave<\/li>\n<li>Ndihmon p\u00ebr mb\u00ebshtetjen e sistemit imunitar<\/li>\n<li>Ndihmon p\u00ebr sigurimin e p\u00ebrthithjes s\u00eb kalciumit<\/li>\n<\/ul>\n","protected":false},"featured_media":2095,"template":"","meta":{"_acf_changed":false,"_et_pb_use_builder":"","_et_pb_old_content":"","_et_gb_content_width":"","_monsterinsights_skip_tracking":false,"_monsterinsights_sitenote_active":false,"_monsterinsights_sitenote_note":"","_monsterinsights_sitenote_category":0,"_joinchat":[]},"product_brand":[],"product_cat":[457],"product_tag":[714,464,476,865,614,787,866],"class_list":{"0":"post-2094","1":"product","2":"type-product","3":"status-publish","4":"has-post-thumbnail","6":"product_cat-suplemente-vitamina","7":"product_tag-imunitet","8":"product_tag-kalcium","9":"product_tag-kocka","10":"product_tag-vitamin-d3","11":"product_tag-vitamina","12":"product_tag-vitamina-d3","13":"product_tag-vitamine-d3","15":"first","16":"instock","17":"shipping-taxable","18":"purchasable","19":"product-type-simple"},"acf":[],"jetpack-related-posts":[],"jetpack_sharing_enabled":true,"_links":{"self":[{"href":"https:\/\/gjiniherbal.com\/en_us\/wp-json\/wp\/v2\/product\/2094","targetHints":{"allow":["GET"]}}],"collection":[{"href":"https:\/\/gjiniherbal.com\/en_us\/wp-json\/wp\/v2\/product"}],"about":[{"href":"https:\/\/gjiniherbal.com\/en_us\/wp-json\/wp\/v2\/types\/product"}],"wp:featuredmedia":[{"embeddable":true,"href":"https:\/\/gjiniherbal.com\/en_us\/wp-json\/wp\/v2\/media\/2095"}],"wp:attachment":[{"href":"https:\/\/gjiniherbal.com\/en_us\/wp-json\/wp\/v2\/media?parent=2094"}],"wp:term":[{"taxonomy":"product_brand","embeddable":true,"href":"https:\/\/gjiniherbal.com\/en_us\/wp-json\/wp\/v2\/product_brand?post=2094"},{"taxonomy":"product_cat","embeddable":true,"href":"https:\/\/gjiniherbal.com\/en_us\/wp-json\/wp\/v2\/product_cat?post=2094"},{"taxonomy":"product_tag","embeddable":true,"href":"https:\/\/gjiniherbal.com\/en_us\/wp-json\/wp\/v2\/product_tag?post=2094"}],"curies":[{"name":"wp","href":"https:\/\/api.w.org\/{rel}","templated":true}]}}