{"id":2063,"date":"2024-01-17T11:49:44","date_gmt":"2024-01-17T10:49:44","guid":{"rendered":"https:\/\/gjiniherbal.com\/?post_type=product&#038;p=2063"},"modified":"2024-04-12T18:17:45","modified_gmt":"2024-04-12T16:17:45","slug":"omega-3","status":"publish","type":"product","link":"https:\/\/gjiniherbal.com\/en_us\/product\/suplemente-vitamina\/omega-3\/","title":{"rendered":"OMEGA 3"},"content":{"rendered":"<p><strong>P\u00ebrfitimet<\/strong>:<\/p>\n<p>\u00b7 Leht\u00ebson simptomat e artritit reumatoid<br \/>\n\u00b7 E dobishme p\u00ebr sh\u00ebndetin e syve<br \/>\n\u00b7 Efektive n\u00eb sh\u00ebndetin kardiovaskular<br \/>\n\u00b7 Mund t\u00eb ndihmoj\u00eb n\u00eb uljen e nivelit t\u00eb triglicerideve n\u00eb serumin e gjakut<\/p>\n<p><strong>P\u00ebrdorimi i sugjeruar<\/strong>: P\u00ebr t\u00eb rriturit, rekomandohet t\u00eb merret 1 kapsul\u00eb 2 her\u00eb n\u00eb dit\u00eb, me shum\u00eb uj\u00eb, me vakte.<\/p>\n","protected":false},"excerpt":{"rendered":"<ul>\n<li>Leht\u00ebson simptomat e artritit rheumatoid<\/li>\n<li>P\u00ebr sh\u00ebndetin e syve<\/li>\n<li>Ndihmon n\u00eb sh\u00ebndetin kardiovaskular<\/li>\n<li>Ndihmon n\u00eb uljen e nivelit t\u00eb triglicerideve n\u00eb gjak<\/li>\n<\/ul>\n","protected":false},"featured_media":2065,"template":"","meta":{"_acf_changed":false,"_et_pb_use_builder":"","_et_pb_old_content":"","_et_gb_content_width":"","_monsterinsights_skip_tracking":false,"_monsterinsights_sitenote_active":false,"_monsterinsights_sitenote_note":"","_monsterinsights_sitenote_category":0,"_joinchat":[]},"product_brand":[],"product_cat":[457],"product_tag":[],"class_list":{"0":"post-2063","1":"product","2":"type-product","3":"status-publish","4":"has-post-thumbnail","6":"product_cat-suplemente-vitamina","8":"first","9":"instock","10":"shipping-taxable","11":"purchasable","12":"product-type-simple"},"acf":[],"jetpack-related-posts":[],"jetpack_sharing_enabled":true,"_links":{"self":[{"href":"https:\/\/gjiniherbal.com\/en_us\/wp-json\/wp\/v2\/product\/2063","targetHints":{"allow":["GET"]}}],"collection":[{"href":"https:\/\/gjiniherbal.com\/en_us\/wp-json\/wp\/v2\/product"}],"about":[{"href":"https:\/\/gjiniherbal.com\/en_us\/wp-json\/wp\/v2\/types\/product"}],"wp:featuredmedia":[{"embeddable":true,"href":"https:\/\/gjiniherbal.com\/en_us\/wp-json\/wp\/v2\/media\/2065"}],"wp:attachment":[{"href":"https:\/\/gjiniherbal.com\/en_us\/wp-json\/wp\/v2\/media?parent=2063"}],"wp:term":[{"taxonomy":"product_brand","embeddable":true,"href":"https:\/\/gjiniherbal.com\/en_us\/wp-json\/wp\/v2\/product_brand?post=2063"},{"taxonomy":"product_cat","embeddable":true,"href":"https:\/\/gjiniherbal.com\/en_us\/wp-json\/wp\/v2\/product_cat?post=2063"},{"taxonomy":"product_tag","embeddable":true,"href":"https:\/\/gjiniherbal.com\/en_us\/wp-json\/wp\/v2\/product_tag?post=2063"}],"curies":[{"name":"wp","href":"https:\/\/api.w.org\/{rel}","templated":true}]}}