{"id":2058,"date":"2024-01-17T11:31:49","date_gmt":"2024-01-17T10:31:49","guid":{"rendered":"https:\/\/gjiniherbal.com\/?post_type=product&#038;p=2058"},"modified":"2024-01-20T15:25:39","modified_gmt":"2024-01-20T14:25:39","slug":"ultra-vitaman","status":"publish","type":"product","link":"https:\/\/gjiniherbal.com\/en_us\/product\/suplemente-vitamina\/ultra-vitaman\/","title":{"rendered":"ULTRA VITAMAN (suplement dietik)"},"content":{"rendered":"<p>Ky suplement dietik i formuluar posa\u00e7\u00ebrisht p\u00ebrmban ekstrakte t\u00eb Tribulus Terrestris, Ginkgo Biloba, Red Korean Ginseng, Saw Palmetto, Epimedium dhe \u00ebsht\u00eb i domosdosh\u00ebm p\u00ebr sh\u00ebndetin e meshkujve.<\/p>\n<p><strong>P\u00ebrdorimi<\/strong>: Rekomandohet t\u00eb merret 1 kapsul\u00eb 3 her\u00eb n\u00eb dit\u00eb, me shum\u00eb uj\u00eb, me vakte p\u00ebr t\u00eb rriturit.<\/p>\n","protected":false},"excerpt":{"rendered":"<ul>\n<li>Rrit performanc\u00ebn fizike<\/li>\n<li>Rrit hormonet seksuale<\/li>\n<li>Rrit energjin\u00eb<\/li>\n<li>Rrit rezistenc\u00ebn e trupit<\/li>\n<\/ul>\n<p><strong>60 kapsula<\/strong><\/p>\n","protected":false},"featured_media":2060,"template":"","meta":{"_acf_changed":false,"_et_pb_use_builder":"","_et_pb_old_content":"","_et_gb_content_width":"","_monsterinsights_skip_tracking":false,"_monsterinsights_sitenote_active":false,"_monsterinsights_sitenote_note":"","_monsterinsights_sitenote_category":0,"_joinchat":[]},"product_brand":[],"product_cat":[457],"product_tag":[669,912,894,911,895,867,910],"class_list":{"0":"post-2058","1":"product","2":"type-product","3":"status-publish","4":"has-post-thumbnail","6":"product_cat-suplemente-vitamina","7":"product_tag-energji","8":"product_tag-fizik","9":"product_tag-fuqi","10":"product_tag-meshkuj","11":"product_tag-suplement","12":"product_tag-suplement-dietik","13":"product_tag-ultra-vitaman","15":"first","16":"instock","17":"shipping-taxable","18":"purchasable","19":"product-type-simple"},"acf":[],"jetpack-related-posts":[],"jetpack_sharing_enabled":true,"_links":{"self":[{"href":"https:\/\/gjiniherbal.com\/en_us\/wp-json\/wp\/v2\/product\/2058","targetHints":{"allow":["GET"]}}],"collection":[{"href":"https:\/\/gjiniherbal.com\/en_us\/wp-json\/wp\/v2\/product"}],"about":[{"href":"https:\/\/gjiniherbal.com\/en_us\/wp-json\/wp\/v2\/types\/product"}],"wp:featuredmedia":[{"embeddable":true,"href":"https:\/\/gjiniherbal.com\/en_us\/wp-json\/wp\/v2\/media\/2060"}],"wp:attachment":[{"href":"https:\/\/gjiniherbal.com\/en_us\/wp-json\/wp\/v2\/media?parent=2058"}],"wp:term":[{"taxonomy":"product_brand","embeddable":true,"href":"https:\/\/gjiniherbal.com\/en_us\/wp-json\/wp\/v2\/product_brand?post=2058"},{"taxonomy":"product_cat","embeddable":true,"href":"https:\/\/gjiniherbal.com\/en_us\/wp-json\/wp\/v2\/product_cat?post=2058"},{"taxonomy":"product_tag","embeddable":true,"href":"https:\/\/gjiniherbal.com\/en_us\/wp-json\/wp\/v2\/product_tag?post=2058"}],"curies":[{"name":"wp","href":"https:\/\/api.w.org\/{rel}","templated":true}]}}