{"id":2017,"date":"2024-01-03T17:19:14","date_gmt":"2024-01-03T16:19:14","guid":{"rendered":"https:\/\/gjiniherbal.com\/?post_type=product&#038;p=2017"},"modified":"2024-01-24T13:35:33","modified_gmt":"2024-01-24T12:35:33","slug":"vaj-esencial-lavandule-10-ml","status":"publish","type":"product","link":"https:\/\/gjiniherbal.com\/en_us\/product\/vajra-esenciale\/vaj-esencial-lavandule-10-ml\/","title":{"rendered":"Vaj esencial lavandule 10 ml"},"content":{"rendered":"<p>Lavandula \u00ebsht\u00eb nj\u00eb bim\u00eb lul\u00ebzuar n\u00eb familjen e nenexhikut, Lamiaceae. Vaji esencial i lavandul\u00ebs \u00ebsht\u00eb vaji esencial m\u00eb i p\u00ebrdorur n\u00eb bot\u00eb sot, por p\u00ebrfitimet e saj u zbuluan mbi 2500 vjet m\u00eb par\u00eb. Aroma klasike ngjall ndjenj\u00ebn e freskis\u00eb, bukuris\u00eb s\u00eb luleve, past\u00ebrtis\u00eb dhe qet\u00ebsis\u00eb.<\/p>\n<p>Vaji esencial i livand\u00ebs ndihmon q\u00eb l\u00ebkura juaj t\u00eb duket m\u00eb e sh\u00ebndetshme dhe m\u00eb e bukur. Vaji esencial i livand\u00ebs ka nj\u00eb efekt relaksues n\u00eb trup.<\/p>\n<p>Talya Herbal p\u00ebrdor lavandula me cil\u00ebsi m\u00eb t\u00eb lart\u00eb nga rajoni i Mesdheut p\u00ebr t\u00eb ofruar vajin m\u00eb t\u00eb mir\u00eb n\u00eb treg.<\/p>\n<p><strong>P\u00ebrdorimi: <\/strong>Mund t\u00eb shtoni 5-6 pika n\u00eb 20 ml vaj baz\u00eb t\u00eb fiksuar dhe ta aplikoni n\u00eb trupin tuaj duke masazhuar. Ju mund t\u00eb ndryshoni atmosfer\u00ebn e mjedisit tuaj duke shtuar 2-3 pika n\u00eb difuzerin tuaj.<\/p>\n","protected":false},"excerpt":{"rendered":"<ul>\n<li>Ka nj\u00eb efekt p\u00ebr t\u00eb ndihmuar trupin t\u00eb relaksohet.<\/li>\n<li>Ndihmon l\u00ebkur\u00ebn tuaj t\u00eb duket m\u00eb e sh\u00ebndetshme dhe m\u00eb e bukur dhe trupin tuaj t\u00eb relaksohet.<\/li>\n<\/ul>\n","protected":false},"featured_media":2018,"template":"","meta":{"_acf_changed":false,"_et_pb_use_builder":"","_et_pb_old_content":"","_et_gb_content_width":"","_monsterinsights_skip_tracking":false,"_monsterinsights_sitenote_active":false,"_monsterinsights_sitenote_note":"","_monsterinsights_sitenote_category":0,"_joinchat":[]},"product_brand":[],"product_cat":[830],"product_tag":[941,808,853,674],"class_list":{"0":"post-2017","1":"product","2":"type-product","3":"status-publish","4":"has-post-thumbnail","6":"product_cat-vajra-esenciale","7":"product_tag-lavanda","8":"product_tag-lavandula","9":"product_tag-livando","10":"product_tag-vaj-esencial","12":"first","13":"instock","14":"shipping-taxable","15":"purchasable","16":"product-type-simple"},"acf":[],"jetpack-related-posts":[],"jetpack_sharing_enabled":true,"_links":{"self":[{"href":"https:\/\/gjiniherbal.com\/en_us\/wp-json\/wp\/v2\/product\/2017","targetHints":{"allow":["GET"]}}],"collection":[{"href":"https:\/\/gjiniherbal.com\/en_us\/wp-json\/wp\/v2\/product"}],"about":[{"href":"https:\/\/gjiniherbal.com\/en_us\/wp-json\/wp\/v2\/types\/product"}],"wp:featuredmedia":[{"embeddable":true,"href":"https:\/\/gjiniherbal.com\/en_us\/wp-json\/wp\/v2\/media\/2018"}],"wp:attachment":[{"href":"https:\/\/gjiniherbal.com\/en_us\/wp-json\/wp\/v2\/media?parent=2017"}],"wp:term":[{"taxonomy":"product_brand","embeddable":true,"href":"https:\/\/gjiniherbal.com\/en_us\/wp-json\/wp\/v2\/product_brand?post=2017"},{"taxonomy":"product_cat","embeddable":true,"href":"https:\/\/gjiniherbal.com\/en_us\/wp-json\/wp\/v2\/product_cat?post=2017"},{"taxonomy":"product_tag","embeddable":true,"href":"https:\/\/gjiniherbal.com\/en_us\/wp-json\/wp\/v2\/product_tag?post=2017"}],"curies":[{"name":"wp","href":"https:\/\/api.w.org\/{rel}","templated":true}]}}