{"id":1876,"date":"2023-12-24T12:57:32","date_gmt":"2023-12-24T11:57:32","guid":{"rendered":"https:\/\/gjiniherbal.com\/?post_type=product&#038;p=1876"},"modified":"2025-06-08T11:18:22","modified_gmt":"2025-06-08T09:18:22","slug":"hemoclean","status":"publish","type":"product","link":"https:\/\/gjiniherbal.com\/en_us\/product\/suplemente-vitamina\/hemoclean\/","title":{"rendered":"HEMOCLEAN (ndihmon sh\u00ebrimin e hemorroideve)"},"content":{"rendered":"<p>Talya Hemoclean p\u00ebrdor nj\u00eb p\u00ebrzierje p\u00ebrb\u00ebr\u00ebsish bimor\u00eb natyral\u00eb q\u00eb punojn\u00eb shpejt dhe me efikasitet p\u00ebr t\u00eb stimuluar funksionimin m\u00eb t\u00eb rregullt t\u00eb tretjes dhe t\u00eb zorr\u00ebve, nd\u00ebrsa qet\u00ebson dhe promovon sh\u00ebrimin e hemorroideve nga brenda jasht\u00eb.<\/p>\n<p>Talya Herbal p\u00ebrdor farat e zeza, farat e rrushit dhe bishtin e kalit t\u00eb cil\u00ebsis\u00eb m\u00eb t\u00eb lart\u00eb nga rajoni i Mesdheut p\u00ebr t\u00eb ofruar p\u00ebrzierjen m\u00eb t\u00eb mir\u00eb t\u00eb mundshme natyrore t\u00eb mb\u00ebshtetjes s\u00eb hemorroideve n\u00eb treg. Duke p\u00ebrdorur nj\u00eb proces t\u00eb duhur q\u00eb ruan 100% t\u00eb p\u00ebrb\u00ebr\u00ebsve aktiv\u00eb, Talya Herbal formuloi Hemoclean pa duke p\u00ebrdorur ndonj\u00eb kimikat.<\/p>\n<p><strong>P\u00ebrdorimi i sugjeruar:<\/strong> T\u00eb rriturit marrin nj\u00eb (1) kapsul\u00eb tri her\u00eb n\u00eb dit\u00eb. Mund\u00ebsisht me shum\u00eb uj\u00eb dhe me vakte.<\/p>\n<p><img loading=\"lazy\" decoding=\"async\" class=\"alignnone size-medium wp-image-1878\" src=\"https:\/\/gjiniherbal.com\/wp-content\/uploads\/2023\/12\/DAILYZ-VALUE-300x162.png\" alt=\"\" width=\"300\" height=\"162\" srcset=\"https:\/\/gjiniherbal.com\/wp-content\/uploads\/2023\/12\/DAILYZ-VALUE-300x162.png 300w, https:\/\/gjiniherbal.com\/wp-content\/uploads\/2023\/12\/DAILYZ-VALUE-18x10.png 18w, https:\/\/gjiniherbal.com\/wp-content\/uploads\/2023\/12\/DAILYZ-VALUE.png 330w\" sizes=\"(max-width: 300px) 100vw, 300px\" \/><\/p>\n","protected":false},"excerpt":{"rendered":"<ul>\n<li>Mb\u00ebshtetje e sh\u00ebndetshme p\u00ebr hemorroidet<\/li>\n<li>Zbutja e simptomave t\u00eb hemorroideve<\/li>\n<li>Qet\u00ebson dhe nxit sh\u00ebrimin<\/li>\n<\/ul>\n<p><strong>60 KAPSULA<\/strong><\/p>\n","protected":false},"featured_media":1879,"template":"","meta":{"_acf_changed":false,"_et_pb_use_builder":"","_et_pb_old_content":"","_et_gb_content_width":"","_monsterinsights_skip_tracking":false,"_monsterinsights_sitenote_active":false,"_monsterinsights_sitenote_note":"","_monsterinsights_sitenote_category":0,"_joinchat":[]},"product_brand":[],"product_cat":[457],"product_tag":[711,842,732,763,879,495,526,843],"class_list":{"0":"post-1876","1":"product","2":"type-product","3":"status-publish","4":"has-post-thumbnail","6":"product_cat-suplemente-vitamina","7":"product_tag-fare-e-zeze","8":"product_tag-hemoroide","9":"product_tag-hemorroide","10":"product_tag-kapsula","11":"product_tag-kujdesi-i-lekures","12":"product_tag-lekura","13":"product_tag-lekure","14":"product_tag-talyaherbal","16":"first","17":"instock","18":"shipping-taxable","19":"purchasable","20":"product-type-simple"},"acf":[],"yoast_head":"<!-- This site is optimized with the Yoast SEO plugin v27.4 - https:\/\/yoast.com\/product\/yoast-seo-wordpress\/ -->\n<title>HEMOCLEAN (ndihmon sh\u00ebrimin e hemorroideve) - Gjini Herbal - Hemorroide<\/title>\n<meta name=\"description\" content=\"Talya Hemoclean p\u00ebrdor nj\u00eb p\u00ebrzierje p\u00ebrb\u00ebr\u00ebsish bimor\u00eb natyral\u00eb q\u00eb punojn\u00eb shpejt dhe me efikasitet p\u00ebr t\u00eb stimuluar funksionimin m\u00eb t\u00eb rregullt t\u00eb tretjes dhe t\u00eb zorr\u00ebve, nd\u00ebrsa qet\u00ebson dhe promovon sh\u00ebrimin e hemorroideve nga brenda jasht\u00eb.*Talya Herbal p\u00ebrdor farat e zeza, farat e rrushit dhe g\u00ebshtenj\u00ebn e kalit t\u00eb cil\u00ebsis\u00eb m\u00eb t\u00eb lart\u00eb nga rajoni i Mesdheut p\u00ebr t\u00eb ofruar p\u00ebrzierjen m\u00eb t\u00eb mir\u00eb t\u00eb mundshme natyrore t\u00eb mb\u00ebshtetjes s\u00eb hemorroideve n\u00eb treg.* Duke p\u00ebrdorur nj\u00eb proces t\u00eb duhur q\u00eb ruan 100% t\u00eb p\u00ebrb\u00ebr\u00ebsve aktiv\u00eb, Talya Herbal formuloi Hemoclean pa duke p\u00ebrdorur ndonj\u00eb kimikat.\" \/>\n<meta name=\"robots\" content=\"index, follow, max-snippet:-1, max-image-preview:large, max-video-preview:-1\" \/>\n<link rel=\"canonical\" href=\"https:\/\/gjiniherbal.com\/en_us\/produkt\/suplemente-vitamina\/hemoclean\/\" \/>\n<meta property=\"og:locale\" content=\"en_US\" \/>\n<meta property=\"og:type\" content=\"article\" \/>\n<meta property=\"og:title\" content=\"HEMOCLEAN (ndihmon sh\u00ebrimin e hemorroideve) - Gjini Herbal - Hemorroide\" \/>\n<meta property=\"og:description\" content=\"Talya Hemoclean p\u00ebrdor nj\u00eb p\u00ebrzierje p\u00ebrb\u00ebr\u00ebsish bimor\u00eb natyral\u00eb q\u00eb punojn\u00eb shpejt dhe me efikasitet p\u00ebr t\u00eb stimuluar funksionimin m\u00eb t\u00eb rregullt t\u00eb tretjes dhe t\u00eb zorr\u00ebve, nd\u00ebrsa qet\u00ebson dhe promovon sh\u00ebrimin e hemorroideve nga brenda jasht\u00eb.*Talya Herbal p\u00ebrdor farat e zeza, farat e rrushit dhe g\u00ebshtenj\u00ebn e kalit t\u00eb cil\u00ebsis\u00eb m\u00eb t\u00eb lart\u00eb nga rajoni i Mesdheut p\u00ebr t\u00eb ofruar p\u00ebrzierjen m\u00eb t\u00eb mir\u00eb t\u00eb mundshme natyrore t\u00eb mb\u00ebshtetjes s\u00eb hemorroideve n\u00eb treg.* Duke p\u00ebrdorur nj\u00eb proces t\u00eb duhur q\u00eb ruan 100% t\u00eb p\u00ebrb\u00ebr\u00ebsve aktiv\u00eb, Talya Herbal formuloi Hemoclean pa duke p\u00ebrdorur ndonj\u00eb kimikat.\" \/>\n<meta property=\"og:url\" content=\"https:\/\/gjiniherbal.com\/en_us\/produkt\/suplemente-vitamina\/hemoclean\/\" \/>\n<meta property=\"og:site_name\" content=\"Gjini Herbal\" \/>\n<meta property=\"article:publisher\" content=\"https:\/\/facebook.com\/gjiniherbal\" \/>\n<meta property=\"article:modified_time\" content=\"2025-06-08T09:18:22+00:00\" \/>\n<meta property=\"og:image\" content=\"https:\/\/gjiniherbal.com\/wp-content\/uploads\/2023\/12\/60-kapsul-talyaherbal-hemoclean.webp\" \/>\n\t<meta property=\"og:image:width\" content=\"1089\" \/>\n\t<meta property=\"og:image:height\" content=\"1089\" \/>\n\t<meta property=\"og:image:type\" content=\"image\/webp\" \/>\n<meta name=\"twitter:card\" content=\"summary_large_image\" \/>\n<meta name=\"twitter:label1\" content=\"Est. reading time\" \/>\n\t<meta name=\"twitter:data1\" content=\"1 minute\" \/>\n<script type=\"application\/ld+json\" class=\"yoast-schema-graph\">{\"@context\":\"https:\\\/\\\/schema.org\",\"@graph\":[{\"@type\":\"WebPage\",\"@id\":\"https:\\\/\\\/gjiniherbal.com\\\/produkt\\\/suplemente-vitamina\\\/hemoclean\\\/\",\"url\":\"https:\\\/\\\/gjiniherbal.com\\\/produkt\\\/suplemente-vitamina\\\/hemoclean\\\/\",\"name\":\"HEMOCLEAN (ndihmon sh\u00ebrimin e hemorroideve) - Gjini Herbal - Hemorroide\",\"isPartOf\":{\"@id\":\"https:\\\/\\\/gjiniherbal.com\\\/#website\"},\"primaryImageOfPage\":{\"@id\":\"https:\\\/\\\/gjiniherbal.com\\\/produkt\\\/suplemente-vitamina\\\/hemoclean\\\/#primaryimage\"},\"image\":{\"@id\":\"https:\\\/\\\/gjiniherbal.com\\\/produkt\\\/suplemente-vitamina\\\/hemoclean\\\/#primaryimage\"},\"thumbnailUrl\":\"https:\\\/\\\/gjiniherbal.com\\\/wp-content\\\/uploads\\\/2023\\\/12\\\/60-kapsul-talyaherbal-hemoclean.webp\",\"datePublished\":\"2023-12-24T11:57:32+00:00\",\"dateModified\":\"2025-06-08T09:18:22+00:00\",\"description\":\"Talya Hemoclean p\u00ebrdor nj\u00eb p\u00ebrzierje p\u00ebrb\u00ebr\u00ebsish bimor\u00eb natyral\u00eb q\u00eb punojn\u00eb shpejt dhe me efikasitet p\u00ebr t\u00eb stimuluar funksionimin m\u00eb t\u00eb rregullt t\u00eb tretjes dhe t\u00eb zorr\u00ebve, nd\u00ebrsa qet\u00ebson dhe promovon sh\u00ebrimin e hemorroideve nga brenda jasht\u00eb.*Talya Herbal p\u00ebrdor farat e zeza, farat e rrushit dhe g\u00ebshtenj\u00ebn e kalit t\u00eb cil\u00ebsis\u00eb m\u00eb t\u00eb lart\u00eb nga rajoni i Mesdheut p\u00ebr t\u00eb ofruar p\u00ebrzierjen m\u00eb t\u00eb mir\u00eb t\u00eb mundshme natyrore t\u00eb mb\u00ebshtetjes s\u00eb hemorroideve n\u00eb treg.* Duke p\u00ebrdorur nj\u00eb proces t\u00eb duhur q\u00eb ruan 100% t\u00eb p\u00ebrb\u00ebr\u00ebsve aktiv\u00eb, Talya Herbal formuloi Hemoclean pa duke p\u00ebrdorur ndonj\u00eb kimikat.\",\"breadcrumb\":{\"@id\":\"https:\\\/\\\/gjiniherbal.com\\\/produkt\\\/suplemente-vitamina\\\/hemoclean\\\/#breadcrumb\"},\"inLanguage\":\"en-US\",\"potentialAction\":[{\"@type\":\"ReadAction\",\"target\":[\"https:\\\/\\\/gjiniherbal.com\\\/produkt\\\/suplemente-vitamina\\\/hemoclean\\\/\"]}]},{\"@type\":\"ImageObject\",\"inLanguage\":\"en-US\",\"@id\":\"https:\\\/\\\/gjiniherbal.com\\\/produkt\\\/suplemente-vitamina\\\/hemoclean\\\/#primaryimage\",\"url\":\"https:\\\/\\\/gjiniherbal.com\\\/wp-content\\\/uploads\\\/2023\\\/12\\\/60-kapsul-talyaherbal-hemoclean.webp\",\"contentUrl\":\"https:\\\/\\\/gjiniherbal.com\\\/wp-content\\\/uploads\\\/2023\\\/12\\\/60-kapsul-talyaherbal-hemoclean.webp\",\"width\":1089,\"height\":1089},{\"@type\":\"BreadcrumbList\",\"@id\":\"https:\\\/\\\/gjiniherbal.com\\\/produkt\\\/suplemente-vitamina\\\/hemoclean\\\/#breadcrumb\",\"itemListElement\":[{\"@type\":\"ListItem\",\"position\":1,\"name\":\"Home\",\"item\":\"https:\\\/\\\/gjiniherbal.com\\\/en_us\\\/\"},{\"@type\":\"ListItem\",\"position\":2,\"name\":\"Shop\",\"item\":\"https:\\\/\\\/gjiniherbal.com\\\/en_us\\\/shop\\\/\"},{\"@type\":\"ListItem\",\"position\":3,\"name\":\"HEMOCLEAN (ndihmon sh\u00ebrimin e hemorroideve)\"}]},{\"@type\":\"WebSite\",\"@id\":\"https:\\\/\\\/gjiniherbal.com\\\/#website\",\"url\":\"https:\\\/\\\/gjiniherbal.com\\\/\",\"name\":\"Gjini Herbal\",\"description\":\"Produkte Natyrale\",\"publisher\":{\"@id\":\"https:\\\/\\\/gjiniherbal.com\\\/#organization\"},\"potentialAction\":[{\"@type\":\"SearchAction\",\"target\":{\"@type\":\"EntryPoint\",\"urlTemplate\":\"https:\\\/\\\/gjiniherbal.com\\\/?s={search_term_string}\"},\"query-input\":{\"@type\":\"PropertyValueSpecification\",\"valueRequired\":true,\"valueName\":\"search_term_string\"}}],\"inLanguage\":\"en-US\"},{\"@type\":\"Organization\",\"@id\":\"https:\\\/\\\/gjiniherbal.com\\\/#organization\",\"name\":\"Gjini Herbal\",\"url\":\"https:\\\/\\\/gjiniherbal.com\\\/\",\"logo\":{\"@type\":\"ImageObject\",\"inLanguage\":\"en-US\",\"@id\":\"https:\\\/\\\/gjiniherbal.com\\\/#\\\/schema\\\/logo\\\/image\\\/\",\"url\":\"https:\\\/\\\/gjiniherbal.com\\\/wp-content\\\/uploads\\\/2022\\\/07\\\/gjini-herbal-logo.png\",\"contentUrl\":\"https:\\\/\\\/gjiniherbal.com\\\/wp-content\\\/uploads\\\/2022\\\/07\\\/gjini-herbal-logo.png\",\"width\":652,\"height\":262,\"caption\":\"Gjini Herbal\"},\"image\":{\"@id\":\"https:\\\/\\\/gjiniherbal.com\\\/#\\\/schema\\\/logo\\\/image\\\/\"},\"sameAs\":[\"https:\\\/\\\/facebook.com\\\/gjiniherbal\",\"https:\\\/\\\/instagram.com\\\/gjiniherbal\",\"https:\\\/\\\/www.youtube.com\\\/channel\\\/UC_tHHueG-qxycnvdro4jHtQ\"]}]}<\/script>\n<!-- \/ Yoast SEO plugin. -->","yoast_head_json":{"title":"HEMOCLEAN (ndihmon sh\u00ebrimin e hemorroideve) - Gjini Herbal - Hemorroide","description":"Talya Hemoclean p\u00ebrdor nj\u00eb p\u00ebrzierje p\u00ebrb\u00ebr\u00ebsish bimor\u00eb natyral\u00eb q\u00eb punojn\u00eb shpejt dhe me efikasitet p\u00ebr t\u00eb stimuluar funksionimin m\u00eb t\u00eb rregullt t\u00eb tretjes dhe t\u00eb zorr\u00ebve, nd\u00ebrsa qet\u00ebson dhe promovon sh\u00ebrimin e hemorroideve nga brenda jasht\u00eb.*Talya Herbal p\u00ebrdor farat e zeza, farat e rrushit dhe g\u00ebshtenj\u00ebn e kalit t\u00eb cil\u00ebsis\u00eb m\u00eb t\u00eb lart\u00eb nga rajoni i Mesdheut p\u00ebr t\u00eb ofruar p\u00ebrzierjen m\u00eb t\u00eb mir\u00eb t\u00eb mundshme natyrore t\u00eb mb\u00ebshtetjes s\u00eb hemorroideve n\u00eb treg.* Duke p\u00ebrdorur nj\u00eb proces t\u00eb duhur q\u00eb ruan 100% t\u00eb p\u00ebrb\u00ebr\u00ebsve aktiv\u00eb, Talya Herbal formuloi Hemoclean pa duke p\u00ebrdorur ndonj\u00eb kimikat.","robots":{"index":"index","follow":"follow","max-snippet":"max-snippet:-1","max-image-preview":"max-image-preview:large","max-video-preview":"max-video-preview:-1"},"canonical":"https:\/\/gjiniherbal.com\/en_us\/produkt\/suplemente-vitamina\/hemoclean\/","og_locale":"en_US","og_type":"article","og_title":"HEMOCLEAN (ndihmon sh\u00ebrimin e hemorroideve) - Gjini Herbal - Hemorroide","og_description":"Talya Hemoclean p\u00ebrdor nj\u00eb p\u00ebrzierje p\u00ebrb\u00ebr\u00ebsish bimor\u00eb natyral\u00eb q\u00eb punojn\u00eb shpejt dhe me efikasitet p\u00ebr t\u00eb stimuluar funksionimin m\u00eb t\u00eb rregullt t\u00eb tretjes dhe t\u00eb zorr\u00ebve, nd\u00ebrsa qet\u00ebson dhe promovon sh\u00ebrimin e hemorroideve nga brenda jasht\u00eb.*Talya Herbal p\u00ebrdor farat e zeza, farat e rrushit dhe g\u00ebshtenj\u00ebn e kalit t\u00eb cil\u00ebsis\u00eb m\u00eb t\u00eb lart\u00eb nga rajoni i Mesdheut p\u00ebr t\u00eb ofruar p\u00ebrzierjen m\u00eb t\u00eb mir\u00eb t\u00eb mundshme natyrore t\u00eb mb\u00ebshtetjes s\u00eb hemorroideve n\u00eb treg.* Duke p\u00ebrdorur nj\u00eb proces t\u00eb duhur q\u00eb ruan 100% t\u00eb p\u00ebrb\u00ebr\u00ebsve aktiv\u00eb, Talya Herbal formuloi Hemoclean pa duke p\u00ebrdorur ndonj\u00eb kimikat.","og_url":"https:\/\/gjiniherbal.com\/en_us\/produkt\/suplemente-vitamina\/hemoclean\/","og_site_name":"Gjini Herbal","article_publisher":"https:\/\/facebook.com\/gjiniherbal","article_modified_time":"2025-06-08T09:18:22+00:00","og_image":[{"width":1089,"height":1089,"url":"https:\/\/gjiniherbal.com\/wp-content\/uploads\/2023\/12\/60-kapsul-talyaherbal-hemoclean.webp","type":"image\/webp"}],"twitter_card":"summary_large_image","twitter_misc":{"Est. reading time":"1 minute"},"schema":{"@context":"https:\/\/schema.org","@graph":[{"@type":"WebPage","@id":"https:\/\/gjiniherbal.com\/produkt\/suplemente-vitamina\/hemoclean\/","url":"https:\/\/gjiniherbal.com\/produkt\/suplemente-vitamina\/hemoclean\/","name":"HEMOCLEAN (ndihmon sh\u00ebrimin e hemorroideve) - Gjini Herbal - Hemorroide","isPartOf":{"@id":"https:\/\/gjiniherbal.com\/#website"},"primaryImageOfPage":{"@id":"https:\/\/gjiniherbal.com\/produkt\/suplemente-vitamina\/hemoclean\/#primaryimage"},"image":{"@id":"https:\/\/gjiniherbal.com\/produkt\/suplemente-vitamina\/hemoclean\/#primaryimage"},"thumbnailUrl":"https:\/\/gjiniherbal.com\/wp-content\/uploads\/2023\/12\/60-kapsul-talyaherbal-hemoclean.webp","datePublished":"2023-12-24T11:57:32+00:00","dateModified":"2025-06-08T09:18:22+00:00","description":"Talya Hemoclean p\u00ebrdor nj\u00eb p\u00ebrzierje p\u00ebrb\u00ebr\u00ebsish bimor\u00eb natyral\u00eb q\u00eb punojn\u00eb shpejt dhe me efikasitet p\u00ebr t\u00eb stimuluar funksionimin m\u00eb t\u00eb rregullt t\u00eb tretjes dhe t\u00eb zorr\u00ebve, nd\u00ebrsa qet\u00ebson dhe promovon sh\u00ebrimin e hemorroideve nga brenda jasht\u00eb.*Talya Herbal p\u00ebrdor farat e zeza, farat e rrushit dhe g\u00ebshtenj\u00ebn e kalit t\u00eb cil\u00ebsis\u00eb m\u00eb t\u00eb lart\u00eb nga rajoni i Mesdheut p\u00ebr t\u00eb ofruar p\u00ebrzierjen m\u00eb t\u00eb mir\u00eb t\u00eb mundshme natyrore t\u00eb mb\u00ebshtetjes s\u00eb hemorroideve n\u00eb treg.* Duke p\u00ebrdorur nj\u00eb proces t\u00eb duhur q\u00eb ruan 100% t\u00eb p\u00ebrb\u00ebr\u00ebsve aktiv\u00eb, Talya Herbal formuloi Hemoclean pa duke p\u00ebrdorur ndonj\u00eb kimikat.","breadcrumb":{"@id":"https:\/\/gjiniherbal.com\/produkt\/suplemente-vitamina\/hemoclean\/#breadcrumb"},"inLanguage":"en-US","potentialAction":[{"@type":"ReadAction","target":["https:\/\/gjiniherbal.com\/produkt\/suplemente-vitamina\/hemoclean\/"]}]},{"@type":"ImageObject","inLanguage":"en-US","@id":"https:\/\/gjiniherbal.com\/produkt\/suplemente-vitamina\/hemoclean\/#primaryimage","url":"https:\/\/gjiniherbal.com\/wp-content\/uploads\/2023\/12\/60-kapsul-talyaherbal-hemoclean.webp","contentUrl":"https:\/\/gjiniherbal.com\/wp-content\/uploads\/2023\/12\/60-kapsul-talyaherbal-hemoclean.webp","width":1089,"height":1089},{"@type":"BreadcrumbList","@id":"https:\/\/gjiniherbal.com\/produkt\/suplemente-vitamina\/hemoclean\/#breadcrumb","itemListElement":[{"@type":"ListItem","position":1,"name":"Home","item":"https:\/\/gjiniherbal.com\/en_us\/"},{"@type":"ListItem","position":2,"name":"Shop","item":"https:\/\/gjiniherbal.com\/en_us\/shop\/"},{"@type":"ListItem","position":3,"name":"HEMOCLEAN (ndihmon sh\u00ebrimin e hemorroideve)"}]},{"@type":"WebSite","@id":"https:\/\/gjiniherbal.com\/#website","url":"https:\/\/gjiniherbal.com\/","name":"Gjini Herbal","description":"Produkte Natyrale","publisher":{"@id":"https:\/\/gjiniherbal.com\/#organization"},"potentialAction":[{"@type":"SearchAction","target":{"@type":"EntryPoint","urlTemplate":"https:\/\/gjiniherbal.com\/?s={search_term_string}"},"query-input":{"@type":"PropertyValueSpecification","valueRequired":true,"valueName":"search_term_string"}}],"inLanguage":"en-US"},{"@type":"Organization","@id":"https:\/\/gjiniherbal.com\/#organization","name":"Gjini Herbal","url":"https:\/\/gjiniherbal.com\/","logo":{"@type":"ImageObject","inLanguage":"en-US","@id":"https:\/\/gjiniherbal.com\/#\/schema\/logo\/image\/","url":"https:\/\/gjiniherbal.com\/wp-content\/uploads\/2022\/07\/gjini-herbal-logo.png","contentUrl":"https:\/\/gjiniherbal.com\/wp-content\/uploads\/2022\/07\/gjini-herbal-logo.png","width":652,"height":262,"caption":"Gjini Herbal"},"image":{"@id":"https:\/\/gjiniherbal.com\/#\/schema\/logo\/image\/"},"sameAs":["https:\/\/facebook.com\/gjiniherbal","https:\/\/instagram.com\/gjiniherbal","https:\/\/www.youtube.com\/channel\/UC_tHHueG-qxycnvdro4jHtQ"]}]}},"jetpack-related-posts":[],"jetpack_sharing_enabled":true,"_links":{"self":[{"href":"https:\/\/gjiniherbal.com\/en_us\/wp-json\/wp\/v2\/product\/1876","targetHints":{"allow":["GET"]}}],"collection":[{"href":"https:\/\/gjiniherbal.com\/en_us\/wp-json\/wp\/v2\/product"}],"about":[{"href":"https:\/\/gjiniherbal.com\/en_us\/wp-json\/wp\/v2\/types\/product"}],"wp:featuredmedia":[{"embeddable":true,"href":"https:\/\/gjiniherbal.com\/en_us\/wp-json\/wp\/v2\/media\/1879"}],"wp:attachment":[{"href":"https:\/\/gjiniherbal.com\/en_us\/wp-json\/wp\/v2\/media?parent=1876"}],"wp:term":[{"taxonomy":"product_brand","embeddable":true,"href":"https:\/\/gjiniherbal.com\/en_us\/wp-json\/wp\/v2\/product_brand?post=1876"},{"taxonomy":"product_cat","embeddable":true,"href":"https:\/\/gjiniherbal.com\/en_us\/wp-json\/wp\/v2\/product_cat?post=1876"},{"taxonomy":"product_tag","embeddable":true,"href":"https:\/\/gjiniherbal.com\/en_us\/wp-json\/wp\/v2\/product_tag?post=1876"}],"curies":[{"name":"wp","href":"https:\/\/api.w.org\/{rel}","templated":true}]}}