{"id":1871,"date":"2023-12-23T23:10:07","date_gmt":"2023-12-23T22:10:07","guid":{"rendered":"https:\/\/gjiniherbal.com\/?post_type=product&#038;p=1871"},"modified":"2024-07-24T10:13:35","modified_gmt":"2024-07-24T08:13:35","slug":"vaji-i-fares-se-pishes-50-ml","status":"publish","type":"product","link":"https:\/\/gjiniherbal.com\/en_us\/product\/vajra-vegjetale\/vaji-i-fares-se-pishes-50-ml\/","title":{"rendered":"Vaji i far\u00ebs s\u00eb pish\u00ebs 50 ml"},"content":{"rendered":"<p>Vaji i Far\u00ebs s\u00eb Pish\u00ebs \u00ebsht\u00eb b\u00ebr\u00eb nga rr\u00ebshira e pishave dhe mund t\u00eb aplikohet n\u00eb l\u00ebkur\u00eb p\u00ebr dhimbje ky\u00e7esh, dhimbje muskujsh, dhimbje nervore dhe dhimbje dh\u00ebmbi. Kur p\u00ebrdoret n\u00eb l\u00ebkur\u00eb, mund t\u00eb shkaktoj\u00eb ngroht\u00ebsi dhe skuqje q\u00eb mund t\u00eb ndihmojn\u00eb n\u00eb leht\u00ebsimin e dhimbjes n\u00eb indin posht\u00eb. Kur thithet, ky vaj mund t\u00eb ndihmoj\u00eb n\u00eb reduktimin e kongjestionit.<\/p>\n<p>Vaji i Far\u00ebs s\u00eb Pish\u00ebs \u00ebsht\u00eb i shk\u00eblqyesh\u00ebm p\u00ebr flok\u00ebt. Ndihmon n\u00eb ruajtjen e nj\u00eb skalpi t\u00eb sh\u00ebndetsh\u00ebm i cili nga ana tjet\u00ebr forcon folikulat e flok\u00ebve. Ai gjithashtu lufton r\u00ebnien e flok\u00ebve dhe flok\u00ebt e dob\u00ebsuar me zbokth dhe that\u00ebsi.<\/p>\n<p><strong>Aromaterapia:<\/strong> Shtoni 4-5 pika n\u00eb difuzerin tuaj p\u00ebr t\u00eb mbushur dhom\u00ebn me k\u00ebt\u00eb arom\u00eb t\u00eb mrekullueshme t\u00eb natyr\u00ebs.<\/p>\n<p><strong>P\u00ebrdorimi lokal:<\/strong> Aplikoni disa pika vaj n\u00eb flok\u00ebt tuaj, nga rr\u00ebnja deri tek majat, dy her\u00eb n\u00eb jav\u00eb, p\u00ebr t\u00eb nxitur rritjen e flok\u00ebve. P\u00ebr t\u00eb luftuar zbokthin, aplikoni disa pika n\u00eb l\u00ebkur\u00ebn e kok\u00ebs duke masazhuar.<\/p>\n<p><strong>Banj\u00eb\/Dush:<\/strong> P\u00ebrzieni 5 pika vaj me 10 ml vaj jojoba ose kokosi dhe m\u00eb pas derdhni p\u00ebrzierjen n\u00eb ujin e banj\u00ebs tuaj p\u00ebr nj\u00eb banj\u00eb relaksuese dhe terapeutike.<\/p>\n","protected":false},"excerpt":{"rendered":"<ul>\n<li>Lufton dhimbjen e ky\u00e7eve<\/li>\n<li>Lufton dhimbjen e muskujve<\/li>\n<li>Lufton dhimbjet nervore<\/li>\n<li>Lufton dhimbjen e dh\u00ebmbit<\/li>\n<li>Ndihmon n\u00eb forcimin e skalpit<\/li>\n<li>Forcon folikulat e flok\u00ebve<\/li>\n<li>Lufton r\u00ebnien e flok\u00ebve &amp; zbokthin<\/li>\n<\/ul>\n","protected":false},"featured_media":2005,"template":"","meta":{"_acf_changed":false,"_et_pb_use_builder":"","_et_pb_old_content":"","_et_gb_content_width":"","_monsterinsights_skip_tracking":false,"_monsterinsights_sitenote_active":false,"_monsterinsights_sitenote_note":"","_monsterinsights_sitenote_category":0,"_joinchat":[]},"product_brand":[],"product_cat":[503,922,480],"product_tag":[517,923,879,640,841,839],"class_list":{"0":"post-1871","1":"product","2":"type-product","3":"status-publish","4":"has-post-thumbnail","6":"product_cat-vajra-vegjetale","7":"product_cat-kujdesi-i-flokeve","8":"product_cat-kujdes-i-lekures","9":"product_tag-floke","10":"product_tag-kujdesi-i-flokeve","11":"product_tag-kujdesi-i-lekures","12":"product_tag-renia-e-flokeve","13":"product_tag-vaj-pishe","14":"product_tag-vaj-vegjetal","16":"first","17":"instock","18":"shipping-taxable","19":"purchasable","20":"product-type-simple"},"acf":[],"jetpack-related-posts":[],"jetpack_sharing_enabled":true,"_links":{"self":[{"href":"https:\/\/gjiniherbal.com\/en_us\/wp-json\/wp\/v2\/product\/1871","targetHints":{"allow":["GET"]}}],"collection":[{"href":"https:\/\/gjiniherbal.com\/en_us\/wp-json\/wp\/v2\/product"}],"about":[{"href":"https:\/\/gjiniherbal.com\/en_us\/wp-json\/wp\/v2\/types\/product"}],"wp:featuredmedia":[{"embeddable":true,"href":"https:\/\/gjiniherbal.com\/en_us\/wp-json\/wp\/v2\/media\/2005"}],"wp:attachment":[{"href":"https:\/\/gjiniherbal.com\/en_us\/wp-json\/wp\/v2\/media?parent=1871"}],"wp:term":[{"taxonomy":"product_brand","embeddable":true,"href":"https:\/\/gjiniherbal.com\/en_us\/wp-json\/wp\/v2\/product_brand?post=1871"},{"taxonomy":"product_cat","embeddable":true,"href":"https:\/\/gjiniherbal.com\/en_us\/wp-json\/wp\/v2\/product_cat?post=1871"},{"taxonomy":"product_tag","embeddable":true,"href":"https:\/\/gjiniherbal.com\/en_us\/wp-json\/wp\/v2\/product_tag?post=1871"}],"curies":[{"name":"wp","href":"https:\/\/api.w.org\/{rel}","templated":true}]}}