{"id":1817,"date":"2023-12-22T14:19:07","date_gmt":"2023-12-22T13:19:07","guid":{"rendered":"https:\/\/gjiniherbal.com\/?post_type=product&#038;p=1817"},"modified":"2024-10-28T10:57:15","modified_gmt":"2024-10-28T09:57:15","slug":"vaji-i-fares-se-zeze-kapsula","status":"publish","type":"product","link":"https:\/\/gjiniherbal.com\/en_us\/product\/suplemente-vitamina\/vaji-i-fares-se-zeze-kapsula\/","title":{"rendered":"Vaji i far\u00ebs s\u00eb zez\u00eb (kapsula)"},"content":{"rendered":"<p>Fara e zez\u00eb e quajtur edhe Nigella Sativa \u00ebsht\u00eb nj\u00eb bim\u00eb lul\u00ebzuar nj\u00ebvje\u00e7are n\u00eb familjen Ranunculaceae, e cila rritet n\u00eb Azin\u00eb Jugper\u00ebndimore dhe Lindjen e Mesme. Studimet kan\u00eb treguar se p\u00ebrb\u00ebr\u00ebsi kryesor i Far\u00ebs s\u00eb Zez\u00eb, Thymoquinone (TQ), p\u00ebrmban veti antioksiduese, anti-inflamatore dhe hepatoprotektive dhe acide yndyrore esenciale.<\/p>\n<p>Talya Herbal sjell vajin turk t\u00eb far\u00ebs s\u00eb zez\u00eb i cili njihet gjer\u00ebsisht se posedon nivelin m\u00eb t\u00eb lart\u00eb t\u00eb Thymoquinone n\u00eb treg &#8211; me nj\u00eb minimum prej 0.99%.<\/p>\n<p>Talya Herbal p\u00ebrdor farat e zeza t\u00eb cil\u00ebsis\u00eb m\u00eb t\u00eb lart\u00eb nga rajoni i Mesdheut p\u00ebr t\u00eb ofruar vajin m\u00eb t\u00eb mir\u00eb t\u00eb mundsh\u00ebm t\u00eb far\u00ebs s\u00eb zez\u00eb n\u00eb treg. Duke p\u00ebrdorur nj\u00eb proces t\u00eb duhur q\u00eb ruan 100% t\u00eb p\u00ebrb\u00ebr\u00ebsve aktiv\u00eb, Talya Herbal prodhon vajin e far\u00ebs s\u00eb zez\u00eb nga farat e zeza turke t\u00eb rritura organikisht n\u00ebp\u00ebrmjet metod\u00ebs s\u00eb nxjerrjes me shtypje t\u00eb ftoht\u00eb pa p\u00ebrdorur asnj\u00eb kimikat.<\/p>\n<p>Ne ofrojm\u00eb Talya Black Seed Softgel p\u00ebr ata q\u00eb preferojn\u00eb ta marrin k\u00ebt\u00eb vaj mrekullib\u00ebr\u00ebs n\u00eb kapsula.<\/p>\n<p><strong>P\u00ebrdorimi:\u00a0<\/strong>2 kapsula n\u00eb dit\u00eb.<\/p>\n<p>&nbsp;<\/p>\n","protected":false},"excerpt":{"rendered":"<ul>\n<li>P\u00ebr mb\u00ebshtetjen e imunitetit.<\/li>\n<li>P\u00ebr sistemin e sh\u00ebndetsh\u00ebm t\u00eb frym\u00ebmarrjes.<\/li>\n<li>P\u00ebr sh\u00ebndetin e tretjes.<\/li>\n<li>P\u00ebr sh\u00ebndetin e l\u00ebkur\u00ebs.<\/li>\n<\/ul>\n<p><strong>60 KAPSULA<\/strong><\/p>\n","protected":false},"featured_media":2148,"template":"","meta":{"_acf_changed":false,"_et_pb_use_builder":"","_et_pb_old_content":"","_et_gb_content_width":"","_monsterinsights_skip_tracking":false,"_monsterinsights_sitenote_active":false,"_monsterinsights_sitenote_note":"","_monsterinsights_sitenote_category":0,"_joinchat":[]},"product_brand":[],"product_cat":[457],"product_tag":[890,741,517,675,714,795,740],"class_list":{"0":"post-1817","1":"product","2":"type-product","3":"status-publish","4":"has-post-thumbnail","6":"product_cat-suplemente-vitamina","7":"product_tag-black-cumin","8":"product_tag-black-seed-oil","9":"product_tag-floke","10":"product_tag-frymemarrje","11":"product_tag-imunitet","12":"product_tag-tretje","13":"product_tag-vaji-i-fares-se-zeze","15":"first","16":"instock","17":"shipping-taxable","18":"purchasable","19":"product-type-simple"},"acf":[],"jetpack-related-posts":[],"jetpack_sharing_enabled":true,"_links":{"self":[{"href":"https:\/\/gjiniherbal.com\/en_us\/wp-json\/wp\/v2\/product\/1817","targetHints":{"allow":["GET"]}}],"collection":[{"href":"https:\/\/gjiniherbal.com\/en_us\/wp-json\/wp\/v2\/product"}],"about":[{"href":"https:\/\/gjiniherbal.com\/en_us\/wp-json\/wp\/v2\/types\/product"}],"wp:featuredmedia":[{"embeddable":true,"href":"https:\/\/gjiniherbal.com\/en_us\/wp-json\/wp\/v2\/media\/2148"}],"wp:attachment":[{"href":"https:\/\/gjiniherbal.com\/en_us\/wp-json\/wp\/v2\/media?parent=1817"}],"wp:term":[{"taxonomy":"product_brand","embeddable":true,"href":"https:\/\/gjiniherbal.com\/en_us\/wp-json\/wp\/v2\/product_brand?post=1817"},{"taxonomy":"product_cat","embeddable":true,"href":"https:\/\/gjiniherbal.com\/en_us\/wp-json\/wp\/v2\/product_cat?post=1817"},{"taxonomy":"product_tag","embeddable":true,"href":"https:\/\/gjiniherbal.com\/en_us\/wp-json\/wp\/v2\/product_tag?post=1817"}],"curies":[{"name":"wp","href":"https:\/\/api.w.org\/{rel}","templated":true}]}}