{"id":1759,"date":"2023-10-18T21:58:39","date_gmt":"2023-10-18T19:58:39","guid":{"rendered":"https:\/\/gjiniherbal.com\/?post_type=product&#038;p=1759"},"modified":"2025-07-22T12:01:40","modified_gmt":"2025-07-22T10:01:40","slug":"kapsulat-spiruline","status":"publish","type":"product","link":"https:\/\/gjiniherbal.com\/en_us\/product\/suplemente-vitamina\/kapsulat-spiruline\/","title":{"rendered":"Spiruline+ (suplement dietik)"},"content":{"rendered":"<p>P\u00ebr \u00e7far\u00eb sh\u00ebrbejn\u00eb k\u00ebto kapsula?<\/p>\n<p>Nj\u00eb p\u00ebrb\u00ebrje e pasur dhe nj\u00eb kombinim i vitaminave dhe mineraleve, t\u00eb cilat na sh\u00ebrbejn\u00eb p\u00ebr shum\u00eb probleme sh\u00ebndet\u00ebsore.<\/p>\n<p>&#8211; Alga Spirulina, e cila cil\u00ebsohet si nj\u00eb nga ushqimet m\u00eb t\u00eb plota n\u00eb bot\u00eb, detoksifikon dhe forcon organizmin ton\u00eb. P\u00ebrmban vitamina A, B, C, E, D, omega 6 si dhe nj\u00eb burim mineralesh dhe l\u00ebnd\u00ebsh ushqyese p\u00ebr trupin ton\u00eb. Konsumimi i spirulines nxit p\u00ebrgjigjen imune t\u00eb trupit p\u00ebr t\u00eb luftuar s\u00ebmundjet.<\/p>\n<p>&#8211; Turmeriku, \u00ebsht\u00eb p\u00ebrdorur n\u00eb mjek\u00ebsin\u00eb popullore t\u00eb vendeve ku rritet, kryesisht p\u00ebr t\u00eb qet\u00ebsuar probleme t\u00eb tretjes, s\u00ebmundje t\u00eb m\u00ebl\u00e7is\u00eb, depresionin dhe p\u00ebr t\u00eb luftuar krimbat. P\u00ebr sa i p\u00ebrket turmerikut, nuk kan\u00eb munguar edhe studimet shkencore p\u00ebr ta verifikuar rolin e tij n\u00eb aspekte t\u00eb ndryshme sh\u00ebndet\u00ebsore. Turmeriku mund t\u00eb qet\u00ebsoj\u00eb refluksin e stomakut, ndihmon n\u00eb pastrimin e m\u00ebl\u00e7is\u00eb, ndihmon n\u00eb sh\u00ebndetin e trurit dhe shum\u00eb dobi t\u00eb tjera.<\/p>\n<p>&#8211; Koriandri, mund t\u00eb ndihmoj\u00eb n\u00eb uljen e sheqerit n\u00eb gjak, \u00ebsht\u00eb i pasur me antioksidant\u00eb q\u00eb forcojn\u00eb imunitetin. Koriand\u00ebr mund t\u00eb mbroj\u00eb zemr\u00ebn tuaj duke ulur presionin e gjakut dhe kolesterolin LDL (t\u00eb keq) nd\u00ebrsa rrit kolesterolin HDL (t\u00eb mir\u00eb). Antioksidant\u00ebt n\u00eb koriand\u00ebr mund t\u00eb zvog\u00eblojn\u00eb inflamacionin e trurit, t\u00eb p\u00ebrmir\u00ebsojn\u00eb kujtes\u00ebn, mund t\u00eb zvog\u00ebloj\u00eb simptomat e pak\u00ebndshme t\u00eb tretjes, si fryrje dhe parehati q\u00eb p\u00ebrjetohen shpesh.<\/p>\n<p>&#8211; Hithra, \u00ebsht\u00eb e pasur me hekur, kalium, magnez dhe vitaminat A, B, E, D dhe K. N\u00ebse vendosni m\u00eb shum\u00eb hith\u00ebr n\u00eb p\u00ebrditshm\u00ebrin\u00eb tuaj , at\u00ebher\u00eb do t\u00eb fitoni nj\u00eb pamje m\u00eb t\u00eb fresk\u00ebt. Hithra \u00ebsht\u00eb efikase p\u00ebr anemi, qarkullim t\u00eb dob\u00ebt t\u00eb gjakut, diarre, etj.<\/p>\n<p>Ky kombinim perfekt i p\u00ebrb\u00ebr\u00ebsve bimor\u00eb tek kapsulat Spiruline+ \u00ebsht\u00eb nj\u00eb zgjidhje perfekte p\u00ebr ju.<\/p>\n<p>P\u00ebrfitimet e Kapsulave Spiruline+ p\u00ebrfshijn\u00eb:<\/p>\n<p>&#8211; Ndihmon n\u00eb rritjen e qarkullimit t\u00eb gjakut<br \/>\n&#8211; Rigjeneron m\u00ebl\u00e7in\u00eb dhe rrit hekurin n\u00eb gjak<br \/>\n&#8211; Ndihmon kund\u00ebr ankthit dhe depresionit<br \/>\n&#8211; Ndihmon kund\u00ebr reumatizm\u00ebs dhe infeksioneve<\/p>\n<p>Sasia: 60 kapsula.<\/p>\n<p>&nbsp;<\/p>\n<div class='et-box et-shadow'>\n\t\t\t\t\t<div class='et-box-content'>M\u00ebnyra e p\u00ebrdorimit: Merrni 2 kapsula n\u00eb m\u00ebngjes es\u00ebll.<\/div><\/div>\n","protected":false},"excerpt":{"rendered":"<p>&#8211; Ndihmon n\u00eb rritjen e qarkullimit t\u00eb gjakut<br \/>\n&#8211; Rigjeneron m\u00ebl\u00e7in\u00eb dhe rrit hekurin n\u00eb gjak<br \/>\n&#8211; Ndihmon kund\u00ebr ankthit dhe depresionit<br \/>\n&#8211; Ndihmon kund\u00ebr reumatizm\u00ebs dhe infeksioneve<\/p>\n","protected":false},"featured_media":1760,"template":"","meta":{"_acf_changed":false,"_et_pb_use_builder":"","_et_pb_old_content":"","_et_gb_content_width":"","_monsterinsights_skip_tracking":false,"_monsterinsights_sitenote_active":false,"_monsterinsights_sitenote_note":"","_monsterinsights_sitenote_category":0,"_joinchat":[]},"product_brand":[],"product_cat":[457],"product_tag":[613,763,800,801,802,803],"class_list":{"0":"post-1759","1":"product","2":"type-product","3":"status-publish","4":"has-post-thumbnail","6":"product_cat-suplemente-vitamina","7":"product_tag-alga-spirulina","8":"product_tag-kapsula","9":"product_tag-kapsula-spirulina","10":"product_tag-kapsulat-spiruline","11":"product_tag-spirulina","12":"product_tag-spiruline","14":"first","15":"outofstock","16":"shipping-taxable","17":"purchasable","18":"product-type-simple"},"acf":[],"yoast_head":"<!-- This site is optimized with the Yoast SEO plugin v27.4 - https:\/\/yoast.com\/product\/yoast-seo-wordpress\/ -->\n<title>Kapsulat Spiruline - Gjini Herbal<\/title>\n<meta name=\"description\" content=\"Nj\u00eb p\u00ebrb\u00ebrje e pasur dhe nj\u00eb kombinim i vitaminave dhe mineraleve, t\u00eb cilat na sh\u00ebrbejn\u00eb p\u00ebr shum\u00eb probleme sh\u00ebndet\u00ebsore.\" \/>\n<meta name=\"robots\" content=\"index, follow, max-snippet:-1, max-image-preview:large, max-video-preview:-1\" \/>\n<link rel=\"canonical\" href=\"https:\/\/gjiniherbal.com\/en_us\/produkt\/suplemente-vitamina\/kapsulat-spiruline\/\" \/>\n<meta property=\"og:locale\" content=\"en_US\" \/>\n<meta property=\"og:type\" content=\"article\" \/>\n<meta property=\"og:title\" content=\"Kapsulat Spiruline - Gjini Herbal\" \/>\n<meta property=\"og:description\" content=\"Nj\u00eb p\u00ebrb\u00ebrje e pasur dhe nj\u00eb kombinim i vitaminave dhe mineraleve, t\u00eb cilat na sh\u00ebrbejn\u00eb p\u00ebr shum\u00eb probleme sh\u00ebndet\u00ebsore.\" \/>\n<meta property=\"og:url\" content=\"https:\/\/gjiniherbal.com\/en_us\/produkt\/suplemente-vitamina\/kapsulat-spiruline\/\" \/>\n<meta property=\"og:site_name\" content=\"Gjini Herbal\" \/>\n<meta property=\"article:publisher\" content=\"https:\/\/facebook.com\/gjiniherbal\" \/>\n<meta property=\"article:modified_time\" content=\"2025-07-22T10:01:40+00:00\" \/>\n<meta property=\"og:image\" content=\"https:\/\/gjiniherbal.com\/wp-content\/uploads\/2023\/10\/kapsulat-spiruline-web.webp\" \/>\n\t<meta property=\"og:image:width\" content=\"1250\" \/>\n\t<meta property=\"og:image:height\" content=\"1250\" \/>\n\t<meta property=\"og:image:type\" content=\"image\/webp\" \/>\n<meta name=\"twitter:card\" content=\"summary_large_image\" \/>\n<meta name=\"twitter:label1\" content=\"Est. reading time\" \/>\n\t<meta name=\"twitter:data1\" content=\"2 minutes\" \/>\n<script type=\"application\/ld+json\" class=\"yoast-schema-graph\">{\"@context\":\"https:\\\/\\\/schema.org\",\"@graph\":[{\"@type\":\"WebPage\",\"@id\":\"https:\\\/\\\/gjiniherbal.com\\\/produkt\\\/suplemente-vitamina\\\/kapsulat-spiruline\\\/\",\"url\":\"https:\\\/\\\/gjiniherbal.com\\\/produkt\\\/suplemente-vitamina\\\/kapsulat-spiruline\\\/\",\"name\":\"Kapsulat Spiruline - Gjini Herbal\",\"isPartOf\":{\"@id\":\"https:\\\/\\\/gjiniherbal.com\\\/#website\"},\"primaryImageOfPage\":{\"@id\":\"https:\\\/\\\/gjiniherbal.com\\\/produkt\\\/suplemente-vitamina\\\/kapsulat-spiruline\\\/#primaryimage\"},\"image\":{\"@id\":\"https:\\\/\\\/gjiniherbal.com\\\/produkt\\\/suplemente-vitamina\\\/kapsulat-spiruline\\\/#primaryimage\"},\"thumbnailUrl\":\"https:\\\/\\\/gjiniherbal.com\\\/wp-content\\\/uploads\\\/2023\\\/10\\\/kapsulat-spiruline-web.webp\",\"datePublished\":\"2023-10-18T19:58:39+00:00\",\"dateModified\":\"2025-07-22T10:01:40+00:00\",\"description\":\"Nj\u00eb p\u00ebrb\u00ebrje e pasur dhe nj\u00eb kombinim i vitaminave dhe mineraleve, t\u00eb cilat na sh\u00ebrbejn\u00eb p\u00ebr shum\u00eb probleme sh\u00ebndet\u00ebsore.\",\"breadcrumb\":{\"@id\":\"https:\\\/\\\/gjiniherbal.com\\\/produkt\\\/suplemente-vitamina\\\/kapsulat-spiruline\\\/#breadcrumb\"},\"inLanguage\":\"en-US\",\"potentialAction\":[{\"@type\":\"ReadAction\",\"target\":[\"https:\\\/\\\/gjiniherbal.com\\\/produkt\\\/suplemente-vitamina\\\/kapsulat-spiruline\\\/\"]}]},{\"@type\":\"ImageObject\",\"inLanguage\":\"en-US\",\"@id\":\"https:\\\/\\\/gjiniherbal.com\\\/produkt\\\/suplemente-vitamina\\\/kapsulat-spiruline\\\/#primaryimage\",\"url\":\"https:\\\/\\\/gjiniherbal.com\\\/wp-content\\\/uploads\\\/2023\\\/10\\\/kapsulat-spiruline-web.webp\",\"contentUrl\":\"https:\\\/\\\/gjiniherbal.com\\\/wp-content\\\/uploads\\\/2023\\\/10\\\/kapsulat-spiruline-web.webp\",\"width\":1250,\"height\":1250,\"caption\":\"kapsulat-spiruline\"},{\"@type\":\"BreadcrumbList\",\"@id\":\"https:\\\/\\\/gjiniherbal.com\\\/produkt\\\/suplemente-vitamina\\\/kapsulat-spiruline\\\/#breadcrumb\",\"itemListElement\":[{\"@type\":\"ListItem\",\"position\":1,\"name\":\"Home\",\"item\":\"https:\\\/\\\/gjiniherbal.com\\\/en_us\\\/\"},{\"@type\":\"ListItem\",\"position\":2,\"name\":\"Shop\",\"item\":\"https:\\\/\\\/gjiniherbal.com\\\/en_us\\\/shop\\\/\"},{\"@type\":\"ListItem\",\"position\":3,\"name\":\"Spiruline+ (suplement dietik)\"}]},{\"@type\":\"WebSite\",\"@id\":\"https:\\\/\\\/gjiniherbal.com\\\/#website\",\"url\":\"https:\\\/\\\/gjiniherbal.com\\\/\",\"name\":\"Gjini Herbal\",\"description\":\"Produkte Natyrale\",\"publisher\":{\"@id\":\"https:\\\/\\\/gjiniherbal.com\\\/#organization\"},\"potentialAction\":[{\"@type\":\"SearchAction\",\"target\":{\"@type\":\"EntryPoint\",\"urlTemplate\":\"https:\\\/\\\/gjiniherbal.com\\\/?s={search_term_string}\"},\"query-input\":{\"@type\":\"PropertyValueSpecification\",\"valueRequired\":true,\"valueName\":\"search_term_string\"}}],\"inLanguage\":\"en-US\"},{\"@type\":\"Organization\",\"@id\":\"https:\\\/\\\/gjiniherbal.com\\\/#organization\",\"name\":\"Gjini Herbal\",\"url\":\"https:\\\/\\\/gjiniherbal.com\\\/\",\"logo\":{\"@type\":\"ImageObject\",\"inLanguage\":\"en-US\",\"@id\":\"https:\\\/\\\/gjiniherbal.com\\\/#\\\/schema\\\/logo\\\/image\\\/\",\"url\":\"https:\\\/\\\/gjiniherbal.com\\\/wp-content\\\/uploads\\\/2022\\\/07\\\/gjini-herbal-logo.png\",\"contentUrl\":\"https:\\\/\\\/gjiniherbal.com\\\/wp-content\\\/uploads\\\/2022\\\/07\\\/gjini-herbal-logo.png\",\"width\":652,\"height\":262,\"caption\":\"Gjini Herbal\"},\"image\":{\"@id\":\"https:\\\/\\\/gjiniherbal.com\\\/#\\\/schema\\\/logo\\\/image\\\/\"},\"sameAs\":[\"https:\\\/\\\/facebook.com\\\/gjiniherbal\",\"https:\\\/\\\/instagram.com\\\/gjiniherbal\",\"https:\\\/\\\/www.youtube.com\\\/channel\\\/UC_tHHueG-qxycnvdro4jHtQ\"]}]}<\/script>\n<!-- \/ Yoast SEO plugin. -->","yoast_head_json":{"title":"Kapsulat Spiruline - Gjini Herbal","description":"Nj\u00eb p\u00ebrb\u00ebrje e pasur dhe nj\u00eb kombinim i vitaminave dhe mineraleve, t\u00eb cilat na sh\u00ebrbejn\u00eb p\u00ebr shum\u00eb probleme sh\u00ebndet\u00ebsore.","robots":{"index":"index","follow":"follow","max-snippet":"max-snippet:-1","max-image-preview":"max-image-preview:large","max-video-preview":"max-video-preview:-1"},"canonical":"https:\/\/gjiniherbal.com\/en_us\/produkt\/suplemente-vitamina\/kapsulat-spiruline\/","og_locale":"en_US","og_type":"article","og_title":"Kapsulat Spiruline - Gjini Herbal","og_description":"Nj\u00eb p\u00ebrb\u00ebrje e pasur dhe nj\u00eb kombinim i vitaminave dhe mineraleve, t\u00eb cilat na sh\u00ebrbejn\u00eb p\u00ebr shum\u00eb probleme sh\u00ebndet\u00ebsore.","og_url":"https:\/\/gjiniherbal.com\/en_us\/produkt\/suplemente-vitamina\/kapsulat-spiruline\/","og_site_name":"Gjini Herbal","article_publisher":"https:\/\/facebook.com\/gjiniherbal","article_modified_time":"2025-07-22T10:01:40+00:00","og_image":[{"width":1250,"height":1250,"url":"https:\/\/gjiniherbal.com\/wp-content\/uploads\/2023\/10\/kapsulat-spiruline-web.webp","type":"image\/webp"}],"twitter_card":"summary_large_image","twitter_misc":{"Est. reading time":"2 minutes"},"schema":{"@context":"https:\/\/schema.org","@graph":[{"@type":"WebPage","@id":"https:\/\/gjiniherbal.com\/produkt\/suplemente-vitamina\/kapsulat-spiruline\/","url":"https:\/\/gjiniherbal.com\/produkt\/suplemente-vitamina\/kapsulat-spiruline\/","name":"Kapsulat Spiruline - Gjini Herbal","isPartOf":{"@id":"https:\/\/gjiniherbal.com\/#website"},"primaryImageOfPage":{"@id":"https:\/\/gjiniherbal.com\/produkt\/suplemente-vitamina\/kapsulat-spiruline\/#primaryimage"},"image":{"@id":"https:\/\/gjiniherbal.com\/produkt\/suplemente-vitamina\/kapsulat-spiruline\/#primaryimage"},"thumbnailUrl":"https:\/\/gjiniherbal.com\/wp-content\/uploads\/2023\/10\/kapsulat-spiruline-web.webp","datePublished":"2023-10-18T19:58:39+00:00","dateModified":"2025-07-22T10:01:40+00:00","description":"Nj\u00eb p\u00ebrb\u00ebrje e pasur dhe nj\u00eb kombinim i vitaminave dhe mineraleve, t\u00eb cilat na sh\u00ebrbejn\u00eb p\u00ebr shum\u00eb probleme sh\u00ebndet\u00ebsore.","breadcrumb":{"@id":"https:\/\/gjiniherbal.com\/produkt\/suplemente-vitamina\/kapsulat-spiruline\/#breadcrumb"},"inLanguage":"en-US","potentialAction":[{"@type":"ReadAction","target":["https:\/\/gjiniherbal.com\/produkt\/suplemente-vitamina\/kapsulat-spiruline\/"]}]},{"@type":"ImageObject","inLanguage":"en-US","@id":"https:\/\/gjiniherbal.com\/produkt\/suplemente-vitamina\/kapsulat-spiruline\/#primaryimage","url":"https:\/\/gjiniherbal.com\/wp-content\/uploads\/2023\/10\/kapsulat-spiruline-web.webp","contentUrl":"https:\/\/gjiniherbal.com\/wp-content\/uploads\/2023\/10\/kapsulat-spiruline-web.webp","width":1250,"height":1250,"caption":"kapsulat-spiruline"},{"@type":"BreadcrumbList","@id":"https:\/\/gjiniherbal.com\/produkt\/suplemente-vitamina\/kapsulat-spiruline\/#breadcrumb","itemListElement":[{"@type":"ListItem","position":1,"name":"Home","item":"https:\/\/gjiniherbal.com\/en_us\/"},{"@type":"ListItem","position":2,"name":"Shop","item":"https:\/\/gjiniherbal.com\/en_us\/shop\/"},{"@type":"ListItem","position":3,"name":"Spiruline+ (suplement dietik)"}]},{"@type":"WebSite","@id":"https:\/\/gjiniherbal.com\/#website","url":"https:\/\/gjiniherbal.com\/","name":"Gjini Herbal","description":"Produkte Natyrale","publisher":{"@id":"https:\/\/gjiniherbal.com\/#organization"},"potentialAction":[{"@type":"SearchAction","target":{"@type":"EntryPoint","urlTemplate":"https:\/\/gjiniherbal.com\/?s={search_term_string}"},"query-input":{"@type":"PropertyValueSpecification","valueRequired":true,"valueName":"search_term_string"}}],"inLanguage":"en-US"},{"@type":"Organization","@id":"https:\/\/gjiniherbal.com\/#organization","name":"Gjini Herbal","url":"https:\/\/gjiniherbal.com\/","logo":{"@type":"ImageObject","inLanguage":"en-US","@id":"https:\/\/gjiniherbal.com\/#\/schema\/logo\/image\/","url":"https:\/\/gjiniherbal.com\/wp-content\/uploads\/2022\/07\/gjini-herbal-logo.png","contentUrl":"https:\/\/gjiniherbal.com\/wp-content\/uploads\/2022\/07\/gjini-herbal-logo.png","width":652,"height":262,"caption":"Gjini Herbal"},"image":{"@id":"https:\/\/gjiniherbal.com\/#\/schema\/logo\/image\/"},"sameAs":["https:\/\/facebook.com\/gjiniherbal","https:\/\/instagram.com\/gjiniherbal","https:\/\/www.youtube.com\/channel\/UC_tHHueG-qxycnvdro4jHtQ"]}]}},"jetpack-related-posts":[],"jetpack_sharing_enabled":true,"_links":{"self":[{"href":"https:\/\/gjiniherbal.com\/en_us\/wp-json\/wp\/v2\/product\/1759","targetHints":{"allow":["GET"]}}],"collection":[{"href":"https:\/\/gjiniherbal.com\/en_us\/wp-json\/wp\/v2\/product"}],"about":[{"href":"https:\/\/gjiniherbal.com\/en_us\/wp-json\/wp\/v2\/types\/product"}],"wp:featuredmedia":[{"embeddable":true,"href":"https:\/\/gjiniherbal.com\/en_us\/wp-json\/wp\/v2\/media\/1760"}],"wp:attachment":[{"href":"https:\/\/gjiniherbal.com\/en_us\/wp-json\/wp\/v2\/media?parent=1759"}],"wp:term":[{"taxonomy":"product_brand","embeddable":true,"href":"https:\/\/gjiniherbal.com\/en_us\/wp-json\/wp\/v2\/product_brand?post=1759"},{"taxonomy":"product_cat","embeddable":true,"href":"https:\/\/gjiniherbal.com\/en_us\/wp-json\/wp\/v2\/product_cat?post=1759"},{"taxonomy":"product_tag","embeddable":true,"href":"https:\/\/gjiniherbal.com\/en_us\/wp-json\/wp\/v2\/product_tag?post=1759"}],"curies":[{"name":"wp","href":"https:\/\/api.w.org\/{rel}","templated":true}]}}