{"id":1726,"date":"2023-10-13T16:58:43","date_gmt":"2023-10-13T14:58:43","guid":{"rendered":"https:\/\/gjiniherbal.com\/?post_type=product&#038;p=1726"},"modified":"2025-04-17T14:29:06","modified_gmt":"2025-04-17T12:29:06","slug":"krem-antimyk","status":"publish","type":"product","link":"https:\/\/gjiniherbal.com\/en_us\/product\/kujdes-i-lekures\/krem-antimyk\/","title":{"rendered":"Krem antimyk"},"content":{"rendered":"<p>Thuaji lamtumir\u00eb shqet\u00ebsimeve prej mykut t\u00eb k\u00ebmb\u00ebve, thonjve, kallove dhe thembrave t\u00eb \u00e7ara!<\/p>\n<p>Kremi yn\u00eb bimor, \u00ebsht\u00eb zgjidhja ideale q\u00eb ke pritur&#8230;<\/p>\n<p>Kremi p\u00ebrb\u00ebhet nga: dyll blete, vaj ulliri, vaj kokosi, vaji i pem\u00ebs s\u00eb \u00e7ajit, vaj trumze, vaj eukaliptusi, vaj lulebasani, vaj i far\u00ebs s\u00eb zez\u00eb.<\/p>\n<p>Kremi antimyk ndihmon p\u00ebr:<\/p>\n<p>&#8211; Kurimin e mykut t\u00eb k\u00ebmb\u00ebve<br \/>\n&#8211; Kurimin e mykut t\u00eb thonjve<br \/>\n&#8211; Kurimin e kallove<br \/>\n&#8211; Kurimin e thembrave t\u00eb \u00e7ara<\/p>\n<p>&nbsp;<\/p>\n<div class='et-box et-shadow'>\n\t\t\t\t\t<div class='et-box-content'>M\u00ebnyra e p\u00ebrdorimit: Lyerje e zon\u00ebs s\u00eb prekur, 2 her\u00eb n\u00eb dit\u00eb.<\/div><\/div>\n","protected":false},"excerpt":{"rendered":"<div class=\"\" data-block=\"true\" data-editor=\"chu7g\" data-offset-key=\"3c781-0-0\">\n<div class=\"_1mf _1mj\" data-offset-key=\"3c781-0-0\"><span data-offset-key=\"3c781-0-0\">&#8211; Kuron mykun e k\u00ebmb\u00ebve<\/span><\/div>\n<\/div>\n<div class=\"\" data-block=\"true\" data-editor=\"chu7g\" data-offset-key=\"4tenr-0-0\">\n<div class=\"_1mf _1mj\" data-offset-key=\"4tenr-0-0\"><span data-offset-key=\"4tenr-0-0\">&#8211; Kuron mykun e thonjve<\/span><\/div>\n<\/div>\n<div class=\"\" data-block=\"true\" data-editor=\"chu7g\" data-offset-key=\"a86tv-0-0\">\n<div class=\"_1mf _1mj\" data-offset-key=\"a86tv-0-0\"><span data-offset-key=\"a86tv-0-0\">&#8211; Kuron kallot<\/span><\/div>\n<div data-offset-key=\"a86tv-0-0\"><span data-offset-key=\"5nog7-0-0\">&#8211; Kuron thembrat e \u00e7ara<\/span><\/div>\n<\/div>\n","protected":false},"featured_media":1727,"template":"","meta":{"_acf_changed":false,"_et_pb_use_builder":"","_et_pb_old_content":"","_et_gb_content_width":"","_monsterinsights_skip_tracking":false,"_monsterinsights_sitenote_active":false,"_monsterinsights_sitenote_note":"","_monsterinsights_sitenote_category":0,"_joinchat":[]},"product_brand":[],"product_cat":[480],"product_tag":[777,508,775,495,526,776,596],"class_list":{"0":"post-1726","1":"product","2":"type-product","3":"status-publish","4":"has-post-thumbnail","6":"product_cat-kujdes-i-lekures","7":"product_tag-antimyk","8":"product_tag-krem","9":"product_tag-krem-antimyk","10":"product_tag-lekura","11":"product_tag-lekure","12":"product_tag-myk","13":"product_tag-myku","15":"first","16":"instock","17":"shipping-taxable","18":"purchasable","19":"product-type-simple"},"acf":[],"jetpack-related-posts":[],"jetpack_sharing_enabled":true,"_links":{"self":[{"href":"https:\/\/gjiniherbal.com\/en_us\/wp-json\/wp\/v2\/product\/1726","targetHints":{"allow":["GET"]}}],"collection":[{"href":"https:\/\/gjiniherbal.com\/en_us\/wp-json\/wp\/v2\/product"}],"about":[{"href":"https:\/\/gjiniherbal.com\/en_us\/wp-json\/wp\/v2\/types\/product"}],"wp:featuredmedia":[{"embeddable":true,"href":"https:\/\/gjiniherbal.com\/en_us\/wp-json\/wp\/v2\/media\/1727"}],"wp:attachment":[{"href":"https:\/\/gjiniherbal.com\/en_us\/wp-json\/wp\/v2\/media?parent=1726"}],"wp:term":[{"taxonomy":"product_brand","embeddable":true,"href":"https:\/\/gjiniherbal.com\/en_us\/wp-json\/wp\/v2\/product_brand?post=1726"},{"taxonomy":"product_cat","embeddable":true,"href":"https:\/\/gjiniherbal.com\/en_us\/wp-json\/wp\/v2\/product_cat?post=1726"},{"taxonomy":"product_tag","embeddable":true,"href":"https:\/\/gjiniherbal.com\/en_us\/wp-json\/wp\/v2\/product_tag?post=1726"}],"curies":[{"name":"wp","href":"https:\/\/api.w.org\/{rel}","templated":true}]}}