{"id":1379,"date":"2022-07-29T17:30:26","date_gmt":"2022-07-29T15:30:26","guid":{"rendered":"https:\/\/gjiniherbal.com\/?post_type=product&#038;p=1379"},"modified":"2025-07-21T16:45:43","modified_gmt":"2025-07-21T14:45:43","slug":"vaji-i-fares-se-zeze","status":"publish","type":"product","link":"https:\/\/gjiniherbal.com\/en_us\/product\/vajra-vegjetale\/vaji-i-fares-se-zeze\/","title":{"rendered":"Vaji i fares se zeze 100 ml"},"content":{"rendered":"<p>Vaji i fare\u0308s se\u0308 zeze\u0308 pe\u0308rbe\u0308het prej me\u0308 shume\u0308 se nje\u0308qind substancash te\u0308 ndryshme. Ai pe\u0308rmban pe\u0308rafe\u0308rsisht 38% karbohidrate, 35% vajra te\u0308 ndryshe\u0308m, 21% albumine\u0308 dhe pjesa tjete\u0308r mikroelemente\u0308. Pe\u0308r t\u2019u pe\u0308rmendur jane: vajrat acidike\u0308 te\u0308 pangopur, acidi Linolein, acidi alfa-Linolein, vajrat me eter (nigellon, alfa-pinen etj.), vitaminat (B1, B2, B6, Acidi Folik, Niacina), mineralet (hekur, kalcium, magnez, zink etj.) dhe aminoacidet.<\/p>\n<p>Disa nga p\u00ebrfitimet e tij sh\u00ebndet\u00ebsore jan\u00eb:<\/p>\n<p>&#8211; Ndihmon n\u00eb p\u00ebrforcimin e sistemit imunitar<br \/>\n&#8211; Ndihmon n\u00eb p\u00ebrmir\u00ebsimin e sistemit tret\u00ebs<br \/>\n&#8211; Ndihmon p\u00ebr t\u00eb luftuar infeksionet dhe alergjit\u00eb<br \/>\n&#8211; Ndihmon n\u00eb uljen e kolesterolit t\u00eb keq n\u00eb gjak<br \/>\n&#8211; Ndihmon n\u00eb balancimin e metabolizmit &amp; hormoneve<\/p>\n<p>Sasia: 100 ml.<\/p>\n<p>&nbsp;<\/p>\n<div class='et-box et-shadow'>\n\t\t\t\t\t<div class='et-box-content'>M\u00ebnyra e p\u00ebrdorimit: 1 Lug\u00eb \u00e7aji es\u00ebll n\u00eb m\u00ebngjes.<\/div><\/div>\n","protected":false},"excerpt":{"rendered":"<p>&#8211; Ndihmon n\u00eb p\u00ebrforcimin e sistemit imunitar<br \/>\n&#8211; Ndihmon n\u00eb p\u00ebrmir\u00ebsimin e sistemit tret\u00ebs<br \/>\n&#8211; Ndihmon p\u00ebr t\u00eb luftuar infeksionet dhe alergjit\u00eb<br \/>\n&#8211; Ndihmon n\u00eb uljen e kolesterolit t\u00eb keq n\u00eb gjak<br \/>\n&#8211; Ndihmon n\u00eb balancimin e metabolizmit &amp; hormoneve<\/p>\n","protected":false},"featured_media":1736,"template":"","meta":{"_acf_changed":false,"_et_pb_use_builder":"","_et_pb_old_content":"","_et_gb_content_width":"","_monsterinsights_skip_tracking":false,"_monsterinsights_sitenote_active":false,"_monsterinsights_sitenote_note":"","_monsterinsights_sitenote_category":0,"_joinchat":[]},"product_brand":[],"product_cat":[503],"product_tag":[742,741,675,714,743,740],"class_list":{"0":"post-1379","1":"product","2":"type-product","3":"status-publish","4":"has-post-thumbnail","6":"product_cat-vajra-vegjetale","7":"product_tag-anti-tumoral","8":"product_tag-black-seed-oil","9":"product_tag-frymemarrje","10":"product_tag-imunitet","11":"product_tag-redukton-peshen","12":"product_tag-vaji-i-fares-se-zeze","14":"first","15":"instock","16":"shipping-taxable","17":"purchasable","18":"product-type-simple"},"acf":[],"jetpack-related-posts":[],"jetpack_sharing_enabled":true,"_links":{"self":[{"href":"https:\/\/gjiniherbal.com\/en_us\/wp-json\/wp\/v2\/product\/1379","targetHints":{"allow":["GET"]}}],"collection":[{"href":"https:\/\/gjiniherbal.com\/en_us\/wp-json\/wp\/v2\/product"}],"about":[{"href":"https:\/\/gjiniherbal.com\/en_us\/wp-json\/wp\/v2\/types\/product"}],"wp:featuredmedia":[{"embeddable":true,"href":"https:\/\/gjiniherbal.com\/en_us\/wp-json\/wp\/v2\/media\/1736"}],"wp:attachment":[{"href":"https:\/\/gjiniherbal.com\/en_us\/wp-json\/wp\/v2\/media?parent=1379"}],"wp:term":[{"taxonomy":"product_brand","embeddable":true,"href":"https:\/\/gjiniherbal.com\/en_us\/wp-json\/wp\/v2\/product_brand?post=1379"},{"taxonomy":"product_cat","embeddable":true,"href":"https:\/\/gjiniherbal.com\/en_us\/wp-json\/wp\/v2\/product_cat?post=1379"},{"taxonomy":"product_tag","embeddable":true,"href":"https:\/\/gjiniherbal.com\/en_us\/wp-json\/wp\/v2\/product_tag?post=1379"}],"curies":[{"name":"wp","href":"https:\/\/api.w.org\/{rel}","templated":true}]}}